{"id":6855,"date":"2020-01-21T13:52:17","date_gmt":"2020-01-21T12:52:17","guid":{"rendered":"https:\/\/www.garagebeer.co\/?page_id=6855"},"modified":"2020-11-19T18:49:41","modified_gmt":"2020-11-19T17:49:41","slug":"lata","status":"publish","type":"page","link":"https:\/\/garagebeer.co\/cat\/lata\/","title":{"rendered":"lata"},"content":{"rendered":"<div data-elementor-type=\"wp-post\" data-elementor-id=\"6855\" class=\"elementor elementor-6855\" data-elementor-post-type=\"page\">\n\t\t\t\t\t\t<section class=\"elementor-section elementor-top-section elementor-element elementor-element-7d3ee01 elementor-section-boxed elementor-section-height-default elementor-section-height-default\" data-id=\"7d3ee01\" data-element_type=\"section\" data-e-type=\"section\">\n\t\t\t\t\t\t<div class=\"elementor-container elementor-column-gap-default\">\n\t\t\t\t\t<div class=\"elementor-column elementor-col-100 elementor-top-column elementor-element elementor-element-1f08717\" data-id=\"1f08717\" data-element_type=\"column\" data-e-type=\"column\">\n\t\t\t<div class=\"elementor-widget-wrap elementor-element-populated\">\n\t\t\t\t\t\t<div class=\"elementor-element elementor-element-e850a29 elementor-widget elementor-widget-heading\" data-id=\"e850a29\" data-element_type=\"widget\" data-e-type=\"widget\" data-widget_type=\"heading.default\">\n\t\t\t\t\t<h2 class=\"elementor-heading-title elementor-size-default\">CERVESES<\/h2>\t\t\t\t<\/div>\n\t\t\t\t<div class=\"elementor-element elementor-element-1700330 elementor-widget elementor-widget-text-editor\" data-id=\"1700330\" data-element_type=\"widget\" data-e-type=\"widget\" data-widget_type=\"text-editor.default\">\n\t\t\t\t\t\t\t\t\t<h3><strong>Env\u00edo incluido a la provincia de Barcelona en todos los pedidos, env\u00edo incluido en pedidos de 8 latas o m\u00e1s para el resto de la pen\u00ednsula espa\u00f1ola y baleares<\/strong><\/h3>\t\t\t\t\t\t\t\t<\/div>\n\t\t\t\t\t<\/div>\n\t\t<\/div>\n\t\t\t\t\t<\/div>\n\t\t<\/section>\n\t\t\t\t<section class=\"elementor-section elementor-top-section elementor-element elementor-element-9da6274 elementor-section-full_width elementor-section-height-default elementor-section-height-default\" data-id=\"9da6274\" data-element_type=\"section\" data-e-type=\"section\">\n\t\t\t\t\t\t<div class=\"elementor-container elementor-column-gap-default\">\n\t\t\t\t\t<div class=\"elementor-column elementor-col-100 elementor-top-column elementor-element elementor-element-e216c0f\" data-id=\"e216c0f\" data-element_type=\"column\" data-e-type=\"column\">\n\t\t\t<div class=\"elementor-widget-wrap\">\n\t\t\t\t\t\t\t<\/div>\n\t\t<\/div>\n\t\t\t\t\t<\/div>\n\t\t<\/section>\n\t\t\t\t<\/div>","protected":false},"excerpt":{"rendered":"<p>Cervezas Env\u00edo incluido a la provincia de Barcelona en todos los pedidos, env\u00edo incluido en pedidos de 8 latas o m\u00e1s para el resto de la pen\u00ednsula espa\u00f1ola y baleares Quick ViewA\u00f1adir al carrito Hoppy OCATA 4,25&euro; IVA Incluido Quick ViewA\u00f1adir al carrito Hoppy KISSES 4,75&euro; IVA Incluido Quick ViewA\u00f1adir al carrito Hoppy RECOL\u00b7LECTOR 5,00&euro; [&hellip;]<\/p>\n","protected":false},"author":4,"featured_media":0,"parent":0,"menu_order":0,"comment_status":"closed","ping_status":"open","template":"","meta":{"_acf_changed":false,"footnotes":""},"class_list":["post-6855","page","type-page","status-publish","hentry"],"acf":[],"_links":{"self":[{"href":"https:\/\/garagebeer.co\/cat\/wp-json\/wp\/v2\/pages\/6855","targetHints":{"allow":["GET"]}}],"collection":[{"href":"https:\/\/garagebeer.co\/cat\/wp-json\/wp\/v2\/pages"}],"about":[{"href":"https:\/\/garagebeer.co\/cat\/wp-json\/wp\/v2\/types\/page"}],"author":[{"embeddable":true,"href":"https:\/\/garagebeer.co\/cat\/wp-json\/wp\/v2\/users\/4"}],"replies":[{"embeddable":true,"href":"https:\/\/garagebeer.co\/cat\/wp-json\/wp\/v2\/comments?post=6855"}],"version-history":[{"count":6,"href":"https:\/\/garagebeer.co\/cat\/wp-json\/wp\/v2\/pages\/6855\/revisions"}],"predecessor-version":[{"id":15518,"href":"https:\/\/garagebeer.co\/cat\/wp-json\/wp\/v2\/pages\/6855\/revisions\/15518"}],"wp:attachment":[{"href":"https:\/\/garagebeer.co\/cat\/wp-json\/wp\/v2\/media?parent=6855"}],"curies":[{"name":"wp","href":"https:\/\/api.w.org\/{rel}","templated":true}]}}