{"id":15485,"date":"2022-05-10T16:45:23","date_gmt":"2022-05-10T14:45:23","guid":{"rendered":"https:\/\/www.garagebeer.co\/?post_type=product&#038;p=15485"},"modified":"2026-04-01T09:33:08","modified_gmt":"2026-04-01T07:33:08","slug":"soup","status":"publish","type":"product","link":"https:\/\/garagebeer.co\/cat\/producte\/soup\/","title":{"rendered":"SOUP"},"content":{"rendered":"<p>SOUP es Nuestra cl\u00e1sica NEIPA, una cerveza\u00a0 afrutada, tropical, turbia y espesa elaborada con l\u00fapulos citra y mosaic, esta IPA tiene 6% de graduaci\u00f3n alcoh\u00f3lica<\/p>\n<p><em>New England IPA. Super heavy fruity hop aroma and taste. This hop bomb benefits from a cloudy, deep chewie body.<\/em><\/p>","protected":false},"excerpt":{"rendered":"<p>SOUP es Nuestra cl\u00e1sica NEIPA, una cerveza\u00a0 afrutada, tropical, turbia y espesa elaborada con l\u00fapulos citra y mosaic, esta IPA tiene 6% de graduaci\u00f3n alcoh\u00f3lica New England IPA. Super heavy fruity hop aroma and taste. This hop bomb benefits from a cloudy, deep chewie body.<\/p>","protected":false},"featured_media":26495,"template":"","meta":{"_acf_changed":false},"product_brand":[],"product_cat":[227,128,238],"product_tag":[39,35,48,37],"class_list":{"0":"post-15485","1":"product","2":"type-product","3":"status-publish","4":"has-post-thumbnail","6":"product_cat-hoppy","7":"product_cat-ipa","8":"product_cat-latas","9":"product_tag-citra","10":"product_tag-ipa","11":"product_tag-mosaic","12":"product_tag-neipa","13":"member-discount","14":"discount-restricted","16":"first","17":"outofstock","18":"featured","19":"taxable","20":"shipping-taxable","21":"purchasable","22":"product-type-simple"},"bundled_by":["15648","15672","16140","16145","14309","21217","22837","16058","27517","27518"],"bundle_stock_status":"outofstock","bundle_stock_quantity":null,"bundle_virtual":false,"bundle_layout":"","bundle_add_to_cart_form_location":"","bundle_editable_in_cart":false,"bundle_sold_individually_context":"","bundle_item_grouping":"","bundle_min_size":"","bundle_max_size":"","bundle_price":[],"bundled_items":[],"bundle_sell_ids":[],"acf":[],"_links":{"self":[{"href":"https:\/\/garagebeer.co\/cat\/wp-json\/wp\/v2\/product\/15485","targetHints":{"allow":["GET"]}}],"collection":[{"href":"https:\/\/garagebeer.co\/cat\/wp-json\/wp\/v2\/product"}],"about":[{"href":"https:\/\/garagebeer.co\/cat\/wp-json\/wp\/v2\/types\/product"}],"wp:featuredmedia":[{"embeddable":true,"href":"https:\/\/garagebeer.co\/cat\/wp-json\/wp\/v2\/media\/26495"}],"wp:attachment":[{"href":"https:\/\/garagebeer.co\/cat\/wp-json\/wp\/v2\/media?parent=15485"}],"wp:term":[{"taxonomy":"product_brand","embeddable":true,"href":"https:\/\/garagebeer.co\/cat\/wp-json\/wp\/v2\/product_brand?post=15485"},{"taxonomy":"product_cat","embeddable":true,"href":"https:\/\/garagebeer.co\/cat\/wp-json\/wp\/v2\/product_cat?post=15485"},{"taxonomy":"product_tag","embeddable":true,"href":"https:\/\/garagebeer.co\/cat\/wp-json\/wp\/v2\/product_tag?post=15485"}],"curies":[{"name":"wp","href":"https:\/\/api.w.org\/{rel}","templated":true}]}}