{"id":28089,"date":"2022-06-30T13:47:36","date_gmt":"2022-06-30T11:47:36","guid":{"rendered":"https:\/\/garagebeer.co\/?post_type=product&#038;p=28089"},"modified":"2025-09-01T15:29:23","modified_gmt":"2025-09-01T13:29:23","slug":"p9","status":"publish","type":"product","link":"https:\/\/garagebeer.co\/cat\/producte\/p9\/","title":{"rendered":"P9"},"content":{"rendered":"<p>P9. Toca los hits, dec\u00edan. Bueno pues aqui est\u00e1n. Una sour refrescante de baja graduaci\u00f3n que combina dos frutas favoritas: maracuy\u00e1 y frambuesa. Nuestra ya de costumbre base Gluten Free est\u00e1 llena de zumo de frambuesa amplificada por un toque de maracuy\u00e1 \u00e1cido.<\/p>\n<p>Play the hits they said. Well here they are. A low abv, refreshing summer sour that combines two fan favourite fruits: raspberry and passion fruit. Our usual gluten free base is assaulted with lots of juicy raspberry and then amplified with tart passion fruit.<\/p>\n<p>&nbsp;<\/p>\n<p>&nbsp;<\/p>","protected":false},"excerpt":{"rendered":"<p>P9 es una Barcelona weisse con frambuesa y maracuy\u00e1.<\/p>","protected":false},"featured_media":33349,"template":"","meta":{"_acf_changed":false},"product_brand":[],"product_cat":[845,238,130],"product_tag":[240,56,361,179],"class_list":{"0":"post-28089","1":"product","2":"type-product","3":"status-publish","4":"has-post-thumbnail","6":"product_cat-core","7":"product_cat-latas","8":"product_cat-sours","9":"product_tag-bcn-weisse","10":"product_tag-frambuesa","11":"product_tag-gluten-free","12":"product_tag-maracuya","13":"member-discount","14":"discount-restricted","16":"first","17":"instock","18":"taxable","19":"shipping-taxable","20":"purchasable","21":"product-type-simple"},"bundled_by":["18645","25725","16145","34394","16140"],"bundle_stock_status":"instock","bundle_stock_quantity":null,"bundle_virtual":false,"bundle_layout":"","bundle_add_to_cart_form_location":"","bundle_editable_in_cart":false,"bundle_sold_individually_context":"","bundle_item_grouping":"","bundle_min_size":"","bundle_max_size":"","bundle_price":[],"bundled_items":[],"bundle_sell_ids":[],"acf":[],"_links":{"self":[{"href":"https:\/\/garagebeer.co\/cat\/wp-json\/wp\/v2\/product\/28089","targetHints":{"allow":["GET"]}}],"collection":[{"href":"https:\/\/garagebeer.co\/cat\/wp-json\/wp\/v2\/product"}],"about":[{"href":"https:\/\/garagebeer.co\/cat\/wp-json\/wp\/v2\/types\/product"}],"wp:featuredmedia":[{"embeddable":true,"href":"https:\/\/garagebeer.co\/cat\/wp-json\/wp\/v2\/media\/33349"}],"wp:attachment":[{"href":"https:\/\/garagebeer.co\/cat\/wp-json\/wp\/v2\/media?parent=28089"}],"wp:term":[{"taxonomy":"product_brand","embeddable":true,"href":"https:\/\/garagebeer.co\/cat\/wp-json\/wp\/v2\/product_brand?post=28089"},{"taxonomy":"product_cat","embeddable":true,"href":"https:\/\/garagebeer.co\/cat\/wp-json\/wp\/v2\/product_cat?post=28089"},{"taxonomy":"product_tag","embeddable":true,"href":"https:\/\/garagebeer.co\/cat\/wp-json\/wp\/v2\/product_tag?post=28089"}],"curies":[{"name":"wp","href":"https:\/\/api.w.org\/{rel}","templated":true}]}}