{"id":40517,"date":"2024-09-04T15:41:28","date_gmt":"2024-09-04T13:41:28","guid":{"rendered":"https:\/\/garagebeer.co\/?post_type=product&#038;p=40517"},"modified":"2025-09-17T13:26:58","modified_gmt":"2025-09-17T11:26:58","slug":"andreubrau","status":"publish","type":"product","link":"https:\/\/garagebeer.co\/cat\/producte\/andreubrau\/","title":{"rendered":"ANDREUBR\u00c4U"},"content":{"rendered":"<p>ANDREUBR\u00c4U. Nos encanta esta \u00e9poca del a\u00f1o porque nos brinda la oportunidad de elaborar nuestra Festbier anual. Este a\u00f1o hemos apostado fuerte con algunas de las mejores maltas alemanas y l\u00fapulo procedente directamente de la granja Seitz, en la regi\u00f3n alemana de Hallertau. Hemos seleccionado la variedad de cebada alemana Barke, en maltas de estilo Pilsner y Viena, para dar a la cerveza un car\u00e1cter m\u00e1s chicloso y meloso. La elecci\u00f3n del l\u00fapulo es \u00fanica: Seitz Farm Hallertauer Hersbrucker. Este maravilloso l\u00fapulo noble proporciona un ligero aroma a azahar mezclado con una profundidad herbal y un toque picante. La cerveza tiene un bonito color dorado claro y se bebe con incre\u00edble facilidad gracias a su suave sensaci\u00f3n en boca y al equilibrio entre el suave dulzor de la malta y el amargor del l\u00fapulo.<\/p>\n<p>We love this time of the year as it gives us the opportunity to brew our annual Festbier. This year we have gone all out with some of the finest German malts, and hops direct from Seitz Farm in the Hallertau growing region of Germany. We selected the heirloom German barley variety Barke, in Pilsner and Vienna style malts to lend a decidely more chewy, honey soaked malt character to the beer. The hop choice is singular; Seitz Farm Hallertauer Hersbrucker. This wonderful noble hop provides a slight orange blossom aroma mixed with a herbal depth and a spicy touch. The beer pours a beautiful light golden colour and goes down incredibly easy as a result of a smooth mouthfeel and a balance between gentle malt sweeteness and hop bitterness.<\/p>","protected":false},"excerpt":{"rendered":"<p>ANDREUBR\u00c4U. FESTBIER ELABORADA CON MALTAS BARKE AUT\u00d3CTONAS Y L\u00daPULO DE LA REGI\u00d3N ALEMANA DE HALLERTAU<\/p>","protected":false},"featured_media":40518,"template":"","meta":{"_acf_changed":false},"product_brand":[],"product_cat":[574,238],"product_tag":[690,761],"class_list":{"0":"post-40517","1":"product","2":"type-product","3":"status-publish","4":"has-post-thumbnail","6":"product_cat-classic","7":"product_cat-latas","8":"product_tag-festbier","9":"product_tag-hallertauer-hersbrucker","10":"member-discount","11":"discount-restricted","13":"first","14":"instock","15":"taxable","16":"shipping-taxable","17":"purchasable","18":"product-type-simple"},"bundled_by":[],"bundle_stock_status":"instock","bundle_stock_quantity":null,"bundle_virtual":false,"bundle_layout":"","bundle_add_to_cart_form_location":"","bundle_editable_in_cart":false,"bundle_sold_individually_context":"","bundle_item_grouping":"","bundle_min_size":"","bundle_max_size":"","bundle_price":[],"bundled_items":[],"bundle_sell_ids":[],"acf":[],"_links":{"self":[{"href":"https:\/\/garagebeer.co\/cat\/wp-json\/wp\/v2\/product\/40517","targetHints":{"allow":["GET"]}}],"collection":[{"href":"https:\/\/garagebeer.co\/cat\/wp-json\/wp\/v2\/product"}],"about":[{"href":"https:\/\/garagebeer.co\/cat\/wp-json\/wp\/v2\/types\/product"}],"wp:featuredmedia":[{"embeddable":true,"href":"https:\/\/garagebeer.co\/cat\/wp-json\/wp\/v2\/media\/40518"}],"wp:attachment":[{"href":"https:\/\/garagebeer.co\/cat\/wp-json\/wp\/v2\/media?parent=40517"}],"wp:term":[{"taxonomy":"product_brand","embeddable":true,"href":"https:\/\/garagebeer.co\/cat\/wp-json\/wp\/v2\/product_brand?post=40517"},{"taxonomy":"product_cat","embeddable":true,"href":"https:\/\/garagebeer.co\/cat\/wp-json\/wp\/v2\/product_cat?post=40517"},{"taxonomy":"product_tag","embeddable":true,"href":"https:\/\/garagebeer.co\/cat\/wp-json\/wp\/v2\/product_tag?post=40517"}],"curies":[{"name":"wp","href":"https:\/\/api.w.org\/{rel}","templated":true}]}}