{"id":42838,"date":"2025-03-25T15:21:24","date_gmt":"2025-03-25T14:21:24","guid":{"rendered":"https:\/\/garagebeer.co\/product\/silver-peel\/"},"modified":"2025-10-13T14:09:07","modified_gmt":"2025-10-13T12:09:07","slug":"silver-peel","status":"publish","type":"product","link":"https:\/\/garagebeer.co\/cat\/producte\/silver-peel\/","title":{"rendered":"SILVER PEEL"},"content":{"rendered":"<p>\u00a1Vuelve Silver Peel! Ya era hora de que recuper\u00e1ramos este cl\u00e1sico del Garage. Un cuerpo espeso y lleno de avena crea una base realmente suave y ligeramente dulce que se complementa perfectamente con la acidez y el toque \u00e1cido de la selecci\u00f3n de bayas. Llena de frambuesa, mora, grosella negra, grosella roja y cereza, esta es f\u00e1cilmente una de tus cinco al d\u00eda y es tan deliciosa que probablemente te tomar\u00e1s m\u00e1s de una. \u00bfSignifica eso que tiene sus diez al d\u00eda?<\/p>\n<p>Silver Peel is back! It&#8217;s high time we brought back this Garage classic. A thick, oat filled body creates a really smooth, slightly sweet base which is complimented perfectly by the acidity and the tart tang from the selection of berries. Filled with raspberry, blackberry, blackcurrant, redcurrant and cherry, this is easily one of your five a day and it&#8217;s so delicious you will probably have more than one. Does that mean you got your ten a day?<\/p>","protected":false},"excerpt":{"rendered":"<p>SILVER PEEL. Barcelona Weisse con frambuesa, mora, grosella negra, grosella roja y cereza<\/p>","protected":false},"featured_media":42839,"template":"","meta":{"_acf_changed":false},"product_brand":[],"product_cat":[238,130],"product_tag":[240,260,56,794,308,656,109],"class_list":{"0":"post-42838","1":"product","2":"type-product","3":"status-publish","4":"has-post-thumbnail","6":"product_cat-latas","7":"product_cat-sours","8":"product_tag-bcn-weisse","9":"product_tag-cereza","10":"product_tag-frambuesa","11":"product_tag-grosella","12":"product_tag-grosella-negra","13":"product_tag-grosella-roja","14":"product_tag-mora","15":"member-discount","16":"discount-restricted","18":"first","19":"outofstock","20":"taxable","21":"shipping-taxable","22":"purchasable","23":"product-type-simple"},"bundled_by":[],"bundle_stock_status":"outofstock","bundle_stock_quantity":0,"bundle_virtual":false,"bundle_layout":"","bundle_add_to_cart_form_location":"","bundle_editable_in_cart":false,"bundle_sold_individually_context":"","bundle_item_grouping":"","bundle_min_size":"","bundle_max_size":"","bundle_price":[],"bundled_items":[],"bundle_sell_ids":[],"acf":[],"_links":{"self":[{"href":"https:\/\/garagebeer.co\/cat\/wp-json\/wp\/v2\/product\/42838","targetHints":{"allow":["GET"]}}],"collection":[{"href":"https:\/\/garagebeer.co\/cat\/wp-json\/wp\/v2\/product"}],"about":[{"href":"https:\/\/garagebeer.co\/cat\/wp-json\/wp\/v2\/types\/product"}],"wp:featuredmedia":[{"embeddable":true,"href":"https:\/\/garagebeer.co\/cat\/wp-json\/wp\/v2\/media\/42839"}],"wp:attachment":[{"href":"https:\/\/garagebeer.co\/cat\/wp-json\/wp\/v2\/media?parent=42838"}],"wp:term":[{"taxonomy":"product_brand","embeddable":true,"href":"https:\/\/garagebeer.co\/cat\/wp-json\/wp\/v2\/product_brand?post=42838"},{"taxonomy":"product_cat","embeddable":true,"href":"https:\/\/garagebeer.co\/cat\/wp-json\/wp\/v2\/product_cat?post=42838"},{"taxonomy":"product_tag","embeddable":true,"href":"https:\/\/garagebeer.co\/cat\/wp-json\/wp\/v2\/product_tag?post=42838"}],"curies":[{"name":"wp","href":"https:\/\/api.w.org\/{rel}","templated":true}]}}