{"id":43623,"date":"2025-05-08T11:13:57","date_gmt":"2025-05-08T09:13:57","guid":{"rendered":"https:\/\/garagebeer.co\/?post_type=product&#038;p=43623"},"modified":"2025-09-17T11:42:33","modified_gmt":"2025-09-17T09:42:33","slug":"soup-amarillo","status":"publish","type":"product","link":"https:\/\/garagebeer.co\/cat\/producte\/soup-amarillo\/","title":{"rendered":"SOUP AMARILLO"},"content":{"rendered":"<p>SOUP AMARILLO&#8230;. Una favorita de la casa se abre camino en la alfombra roja desvelada como compa\u00f1era de Citra y Mosaic en las celebraciones del d\u00eda de la sopa de este a\u00f1o. Esta Amarillo proviene de los agricultores de Washington OG en Virgil Gamache Farms, nos ofrece un cami\u00f3n lleno de naranjas, como si estuvi\u00e9ramos paseando por Sevilla en invierno. Este maridaje con el mango bien conocido, maracuy\u00e1 y notas c\u00edtricas de SOUP sobre una base de avena ligeramente enriquecida, ser\u00e1 como un Bifrutas en un vaso de pinta.<\/p>\n<p>&nbsp;<\/p>\n<p>SOUP AMARILLO&#8230;. A house favorite makes it&#8217;s way on to the red carpet unveiled as a partner to Citra and Mosaic in this years Soup day celebrations. This Amarillo coming from the OG farmers in Washington at Virgil Gamache Farms, it will deliver a lorry load orange, as if you are wandering around Seville in winter. This pairing with the familiar mango, passion fruit and citrus notes of SOUP on a slightly bulked up oaty base, it will be like a Bifrutas in a pint glass.<\/p>","protected":false},"excerpt":{"rendered":"<p>SOUP AMARILLO CON CITRA, MOSAIC Y AMARILLO<\/p>","protected":false},"featured_media":43207,"template":"","meta":{"_acf_changed":false},"product_brand":[],"product_cat":[227,128,238],"product_tag":[106,39,35,48,37,211,812],"class_list":{"0":"post-43623","1":"product","2":"type-product","3":"status-publish","4":"has-post-thumbnail","6":"product_cat-hoppy","7":"product_cat-ipa","8":"product_cat-latas","9":"product_tag-amarillo","10":"product_tag-citra","11":"product_tag-ipa","12":"product_tag-mosaic","13":"product_tag-neipa","14":"product_tag-soup","15":"product_tag-soup-amarillo","16":"member-discount","17":"discount-restricted","19":"first","20":"outofstock","21":"featured","22":"taxable","23":"shipping-taxable","24":"purchasable","25":"product-type-simple"},"bundled_by":["27518","44741"],"bundle_stock_status":"outofstock","bundle_stock_quantity":0,"bundle_virtual":false,"bundle_layout":"","bundle_add_to_cart_form_location":"","bundle_editable_in_cart":false,"bundle_sold_individually_context":"","bundle_item_grouping":"","bundle_min_size":"","bundle_max_size":"","bundle_price":[],"bundled_items":[],"bundle_sell_ids":[],"acf":[],"_links":{"self":[{"href":"https:\/\/garagebeer.co\/cat\/wp-json\/wp\/v2\/product\/43623","targetHints":{"allow":["GET"]}}],"collection":[{"href":"https:\/\/garagebeer.co\/cat\/wp-json\/wp\/v2\/product"}],"about":[{"href":"https:\/\/garagebeer.co\/cat\/wp-json\/wp\/v2\/types\/product"}],"wp:featuredmedia":[{"embeddable":true,"href":"https:\/\/garagebeer.co\/cat\/wp-json\/wp\/v2\/media\/43207"}],"wp:attachment":[{"href":"https:\/\/garagebeer.co\/cat\/wp-json\/wp\/v2\/media?parent=43623"}],"wp:term":[{"taxonomy":"product_brand","embeddable":true,"href":"https:\/\/garagebeer.co\/cat\/wp-json\/wp\/v2\/product_brand?post=43623"},{"taxonomy":"product_cat","embeddable":true,"href":"https:\/\/garagebeer.co\/cat\/wp-json\/wp\/v2\/product_cat?post=43623"},{"taxonomy":"product_tag","embeddable":true,"href":"https:\/\/garagebeer.co\/cat\/wp-json\/wp\/v2\/product_tag?post=43623"}],"curies":[{"name":"wp","href":"https:\/\/api.w.org\/{rel}","templated":true}]}}