{"id":43933,"date":"2025-05-28T10:34:13","date_gmt":"2025-05-28T08:34:13","guid":{"rendered":"https:\/\/garagebeer.co\/?post_type=product&#038;p=43933"},"modified":"2025-11-25T12:55:32","modified_gmt":"2025-11-25T11:55:32","slug":"beepstorm","status":"publish","type":"product","link":"https:\/\/garagebeer.co\/cat\/producte\/beepstorm\/","title":{"rendered":"BEEPSTORM"},"content":{"rendered":"<p data-start=\"1227\" data-end=\"1666\"><strong data-start=\"1227\" data-end=\"1293\">BEEPSTORM \u2013 Oat Cream IPA en colaboraci\u00f3n con Mountain Culture<\/strong><br data-start=\"1293\" data-end=\"1296\" \/>\u00a1Pat y Jumbo son una pareja legendaria! Contactamos con ellos con ganas de hacer una birra juntos aqu\u00ed en Barcelona. Como muchos, pasamos mucho tiempo viendo contenido cervecero en redes, y sus cervezas destacaban. Un colega que vive en las Blue Mountains cerca de S\u00eddney nos confirm\u00f3 lo que sospech\u00e1bamos: hacen birrotes. Y uno en particular brillaba: su Oat Cream IPA.<\/p>\n<p data-start=\"1668\" data-end=\"1860\">Con una videollamada tempranera (y pintas de desayuno para Dan), pusimos en marcha esta colaboraci\u00f3n tan esperada. \u00bfLo mejor? \u00a1Tambi\u00e9n la van a elaborar y lanzar ellos a la vez en Australia!<\/p>\n<p data-start=\"1862\" data-end=\"2144\">BEEPSTORM es una Oat Cream IPA con mucho cuerpo (\u00a1ojo, no es apta para veganos!) con notas c\u00edtricas y frutos rojos gracias al l\u00fapulo Cashmere y Mosaic. Todo sobre una base suave de mel\u00f3n y coco del l\u00fapulo HBC 1019. Como orde\u00f1ar una planta de l\u00fapulo y tirarle una macedonia encima.<\/p>\n<p data-start=\"2146\" data-end=\"2207\">Prep\u00e1rate para turbidez, cremosidad y una explosi\u00f3n de sabor.<\/p>\n<p data-start=\"157\" data-end=\"584\"><strong data-start=\"157\" data-end=\"215\">BEEPSTORM \u2013 Oat Cream IPA Collab with Mountain Culture<\/strong><br data-start=\"215\" data-end=\"218\" \/>Pat and Jumbo \u2013 what a legendary duo! We reached out to them wanting to make a beer together here in Barcelona. Like many people, we spend a lot of time browsing craft beer content on social media, and their beers really stood out. A friend of ours who lives in the Blue Mountains near Sydney vouched for their quality \u2013 especially one: their iconic Oat Cream IPA.<\/p>\n<p data-start=\"586\" data-end=\"802\">So, with a very early morning Zoom call for Dan (breakfast pints included), we kicked off this exciting collab. Even better? It&#8217;s also being brewed and released by them in Australia at the same time. Double launch!<\/p>\n<p data-start=\"804\" data-end=\"1125\">BEEPSTORM is a full-bodied Oat Cream IPA (not vegan-friendly, sorry!) with bold citrus and berry notes from Cashmere and Mosaic hops. It\u2019s balanced by a smooth backbone of honeydew melon and coconut from the HBC 1019 hop. It\u2019s like squeezing fresh hop juice straight from the vine and tossing in a tropical fruit salad.<\/p>\n<p data-start=\"1127\" data-end=\"1183\">Expect haze. Expect creaminess. Expect flavour overload.<\/p>","protected":false},"excerpt":{"rendered":"<p><strong data-start=\"1227\" data-end=\"1293\">BEEPSTORM \u2013 Oat Cream IPA en colaboraci\u00f3n con Mountain Culture<\/strong><\/p>","protected":false},"featured_media":43830,"template":"","meta":{"_acf_changed":false},"product_brand":[],"product_cat":[227,128,238],"product_tag":[43,39,823,35,48,821,37,822,681,173],"class_list":{"0":"post-43933","1":"product","2":"type-product","3":"status-publish","4":"has-post-thumbnail","6":"product_cat-hoppy","7":"product_cat-ipa","8":"product_cat-latas","9":"product_tag-cashmere","10":"product_tag-citra","11":"product_tag-hbc-1019","12":"product_tag-ipa","13":"product_tag-mosaic","14":"product_tag-mountain-culture","15":"product_tag-neipa","16":"product_tag-oatcream-ipa","17":"product_tag-rakau","18":"product_tag-sabro","19":"member-discount","20":"discount-restricted","22":"first","23":"outofstock","24":"featured","25":"taxable","26":"shipping-taxable","27":"purchasable","28":"product-type-simple"},"bundled_by":[],"bundle_stock_status":"outofstock","bundle_stock_quantity":null,"bundle_virtual":false,"bundle_layout":"","bundle_add_to_cart_form_location":"","bundle_editable_in_cart":false,"bundle_sold_individually_context":"","bundle_item_grouping":"","bundle_min_size":"","bundle_max_size":"","bundle_price":[],"bundled_items":[],"bundle_sell_ids":[],"acf":[],"_links":{"self":[{"href":"https:\/\/garagebeer.co\/cat\/wp-json\/wp\/v2\/product\/43933","targetHints":{"allow":["GET"]}}],"collection":[{"href":"https:\/\/garagebeer.co\/cat\/wp-json\/wp\/v2\/product"}],"about":[{"href":"https:\/\/garagebeer.co\/cat\/wp-json\/wp\/v2\/types\/product"}],"wp:featuredmedia":[{"embeddable":true,"href":"https:\/\/garagebeer.co\/cat\/wp-json\/wp\/v2\/media\/43830"}],"wp:attachment":[{"href":"https:\/\/garagebeer.co\/cat\/wp-json\/wp\/v2\/media?parent=43933"}],"wp:term":[{"taxonomy":"product_brand","embeddable":true,"href":"https:\/\/garagebeer.co\/cat\/wp-json\/wp\/v2\/product_brand?post=43933"},{"taxonomy":"product_cat","embeddable":true,"href":"https:\/\/garagebeer.co\/cat\/wp-json\/wp\/v2\/product_cat?post=43933"},{"taxonomy":"product_tag","embeddable":true,"href":"https:\/\/garagebeer.co\/cat\/wp-json\/wp\/v2\/product_tag?post=43933"}],"curies":[{"name":"wp","href":"https:\/\/api.w.org\/{rel}","templated":true}]}}