{"id":44238,"date":"2025-06-16T10:32:24","date_gmt":"2025-06-16T08:32:24","guid":{"rendered":"https:\/\/garagebeer.co\/?post_type=product&#038;p=44238"},"modified":"2026-03-30T21:58:10","modified_gmt":"2026-03-30T19:58:10","slug":"yambic-pentameter","status":"publish","type":"product","link":"https:\/\/garagebeer.co\/cat\/producte\/yambic-pentameter\/","title":{"rendered":"YAMBIC PENTAMETER"},"content":{"rendered":"<p data-start=\"126\" data-end=\"563\">Una Imperial Oatmeal Stout rica y decadente, con un cuerpo aterciopelado y lleno de car\u00e1cter gracias a los 9 tipos de malta y avena usados en la receta. A\u00f1adimos c\u00e1scaras de cacao de Per\u00fa y Tanzania para darle profundidad y un toque ex\u00f3tico. Y s\u00ed, en un arranque travieso, le pusimos un 1% de malta ahumada. Dan sabe que el invierno ya pas\u00f3, pero siempre hay un buen momento para compartir una Imperial con un colega.<\/p>\n<p data-start=\"565\" data-end=\"930\"><br data-start=\"582\" data-end=\"585\" \/>A rich and decadent Imperial Oatmeal Stout, boasting a velvety smooth body packed with character from 9 types of malt and oats. We&#8217;ve added Peruvian and Tanzanian cacao husks for depth and complexity. And just for fun, we cheekily threw in 1% smoked malt. Dan knows winter&#8217;s over, but there\u2019s always time to crack open an Impy Stout with a mate.<\/p>\n<p data-start=\"932\" data-end=\"1340\"><br data-start=\"948\" data-end=\"951\" \/>Una Imperial Oatmeal Stout rica i decadent, amb un cos vellutat i ple de car\u00e0cter gr\u00e0cies als 9 tipus de malta i civada del most. Hem afegit closques de cacau del Per\u00fa i Tanz\u00e0nia per aportar profunditat i complexitat. I s\u00ed, amb un toc entremaliat, hi vam posar un 1% de malta fumada. En Dan sap que l\u2019hivern ja ha acabat, per\u00f2 sempre \u00e9s bon moment per compartir una Impy Stout amb un amic.<\/p>","protected":false},"excerpt":{"rendered":"<p><strong data-start=\"1376\" data-end=\"1384\">i<\/strong>mperial Oatmeal Stout con c\u00e1scaras de cacao y un gui\u00f1o ahumado.<br data-start=\"1449\" data-end=\"1452\" \/>\u00a0Imperial Oatmeal Stout with cacao husks and a smoky twist.<br data-start=\"1519\" data-end=\"1522\" \/>\u00a0Imperial Oatmeal Stout amb cacau i un toc fumat.<\/p>","protected":false},"featured_media":43896,"template":"","meta":{"_acf_changed":false},"product_brand":[],"product_cat":[228,238,132],"product_tag":[112,256],"class_list":{"0":"post-44238","1":"product","2":"type-product","3":"status-publish","4":"has-post-thumbnail","6":"product_cat-dark","7":"product_cat-latas","8":"product_cat-stouts","9":"product_tag-cacao","10":"product_tag-stout","11":"member-discount","12":"discount-restricted","14":"first","15":"instock","16":"taxable","17":"shipping-taxable","18":"purchasable","19":"product-type-simple"},"bundled_by":[],"bundle_stock_status":"instock","bundle_stock_quantity":1312,"bundle_virtual":false,"bundle_layout":"","bundle_add_to_cart_form_location":"","bundle_editable_in_cart":false,"bundle_sold_individually_context":"","bundle_item_grouping":"","bundle_min_size":"","bundle_max_size":"","bundle_price":[],"bundled_items":[],"bundle_sell_ids":[],"acf":[],"_links":{"self":[{"href":"https:\/\/garagebeer.co\/cat\/wp-json\/wp\/v2\/product\/44238","targetHints":{"allow":["GET"]}}],"collection":[{"href":"https:\/\/garagebeer.co\/cat\/wp-json\/wp\/v2\/product"}],"about":[{"href":"https:\/\/garagebeer.co\/cat\/wp-json\/wp\/v2\/types\/product"}],"wp:featuredmedia":[{"embeddable":true,"href":"https:\/\/garagebeer.co\/cat\/wp-json\/wp\/v2\/media\/43896"}],"wp:attachment":[{"href":"https:\/\/garagebeer.co\/cat\/wp-json\/wp\/v2\/media?parent=44238"}],"wp:term":[{"taxonomy":"product_brand","embeddable":true,"href":"https:\/\/garagebeer.co\/cat\/wp-json\/wp\/v2\/product_brand?post=44238"},{"taxonomy":"product_cat","embeddable":true,"href":"https:\/\/garagebeer.co\/cat\/wp-json\/wp\/v2\/product_cat?post=44238"},{"taxonomy":"product_tag","embeddable":true,"href":"https:\/\/garagebeer.co\/cat\/wp-json\/wp\/v2\/product_tag?post=44238"}],"curies":[{"name":"wp","href":"https:\/\/api.w.org\/{rel}","templated":true}]}}