{"id":44258,"date":"2025-06-17T12:56:36","date_gmt":"2025-06-17T10:56:36","guid":{"rendered":"https:\/\/garagebeer.co\/?post_type=product&#038;p=44258"},"modified":"2025-12-12T12:38:58","modified_gmt":"2025-12-12T11:38:58","slug":"nexicon","status":"publish","type":"product","link":"https:\/\/garagebeer.co\/cat\/producte\/nexicon\/","title":{"rendered":"NEXICON"},"content":{"rendered":"<p data-start=\"172\" data-end=\"630\"><strong data-start=\"198\" data-end=\"209\">NEXICON<\/strong> es una American Hopped IPA que combina la vibra cl\u00e1sica de la West Coast con la jugosidad turbia de la East Coast. Con l\u00fapulos <strong data-start=\"337\" data-end=\"371\">Strata, El Dorado y Centennial<\/strong>, ofrece aromas de mango maduro, melocot\u00f3n dulce, hierba resinosa y un toque c\u00edtrico. Elaborada con <strong data-start=\"471\" data-end=\"496\">50% trigo y 50% avena<\/strong>, <strong data-start=\"498\" data-end=\"509\">NEXICON<\/strong> tiene una textura suave y esponjosa con un final limpio y directo. Una IPA americana con car\u00e1cter\u2014\u00a1pura &#8216;MERICA en lata!<\/p>\n<p data-start=\"632\" data-end=\"1025\"><br data-start=\"655\" data-end=\"658\" \/><strong data-start=\"658\" data-end=\"669\">NEXICON<\/strong> is an American-hopped IPA where West Coast bite meets East Coast haze. Featuring a punchy trio of <strong data-start=\"768\" data-end=\"805\">Strata, El Dorado, and Centennial<\/strong>, it\u2019s bursting with ripe mango, sweet peach, dank grass, and citrus pop. Brewed with <strong data-start=\"891\" data-end=\"916\">50% wheat and 50% oat<\/strong>, <strong data-start=\"918\" data-end=\"929\">NEXICON<\/strong> has a pillowy mouthfeel and a crisp, clean finish. A true modern American IPA\u2014\u2019MERICA in a can!<\/p>\n<p data-start=\"1027\" data-end=\"1431\"><strong data-start=\"1052\" data-end=\"1063\">NEXICON<\/strong> \u00e9s una American Hopped IPA que barreja l\u2019actitud de la West Coast amb la suau terbolesa de l\u2019Est. Ll\u00fapols com <strong data-start=\"1174\" data-end=\"1208\">Strata, El Dorado i Centennial<\/strong> aporten mango madur, pr\u00e9ssec dol\u00e7, herba resinosa i c\u00edtrics frescos. Amb <strong data-start=\"1282\" data-end=\"1313\">50% de blat i 50% de civada<\/strong>, <strong data-start=\"1315\" data-end=\"1326\">NEXICON<\/strong> \u00e9s suau al paladar i acaba neta i amb for\u00e7a. Una IPA americana amb molta personalitat\u2014\u2019MERICA en llauna!<\/p>","protected":false},"excerpt":{"rendered":"<p>NEXICON, IPA americana con Strata, El Dorado y Centennial. Suave y c\u00edtrica.<br data-start=\"1556\" data-end=\"1559\" \/>NEXICON, American IPA with Strata, El Dorado &amp; Centennial. Dank and juicy.<br data-start=\"1642\" data-end=\"1645\" \/>NEXICON, IPA americana amb Strata, El Dorado i Centennial. Terbola i fresca.<\/p>","protected":false},"featured_media":44259,"template":"","meta":{"_acf_changed":false},"product_brand":[],"product_cat":[227,128,238],"product_tag":[51,833,335,35,37,834,270,677],"class_list":{"0":"post-44258","1":"product","2":"type-product","3":"status-publish","4":"has-post-thumbnail","6":"product_cat-hoppy","7":"product_cat-ipa","8":"product_cat-latas","9":"product_tag-centennial","10":"product_tag-eeuu","11":"product_tag-el-dorado","12":"product_tag-ipa","13":"product_tag-neipa","14":"product_tag-nexicon","15":"product_tag-strata","16":"product_tag-usa","17":"member-discount","18":"discount-restricted","20":"first","21":"outofstock","22":"featured","23":"taxable","24":"shipping-taxable","25":"purchasable","26":"product-type-simple"},"bundled_by":[],"bundle_stock_status":"outofstock","bundle_stock_quantity":-12,"bundle_virtual":false,"bundle_layout":"","bundle_add_to_cart_form_location":"","bundle_editable_in_cart":false,"bundle_sold_individually_context":"","bundle_item_grouping":"","bundle_min_size":"","bundle_max_size":"","bundle_price":[],"bundled_items":[],"bundle_sell_ids":[],"acf":[],"_links":{"self":[{"href":"https:\/\/garagebeer.co\/cat\/wp-json\/wp\/v2\/product\/44258","targetHints":{"allow":["GET"]}}],"collection":[{"href":"https:\/\/garagebeer.co\/cat\/wp-json\/wp\/v2\/product"}],"about":[{"href":"https:\/\/garagebeer.co\/cat\/wp-json\/wp\/v2\/types\/product"}],"wp:featuredmedia":[{"embeddable":true,"href":"https:\/\/garagebeer.co\/cat\/wp-json\/wp\/v2\/media\/44259"}],"wp:attachment":[{"href":"https:\/\/garagebeer.co\/cat\/wp-json\/wp\/v2\/media?parent=44258"}],"wp:term":[{"taxonomy":"product_brand","embeddable":true,"href":"https:\/\/garagebeer.co\/cat\/wp-json\/wp\/v2\/product_brand?post=44258"},{"taxonomy":"product_cat","embeddable":true,"href":"https:\/\/garagebeer.co\/cat\/wp-json\/wp\/v2\/product_cat?post=44258"},{"taxonomy":"product_tag","embeddable":true,"href":"https:\/\/garagebeer.co\/cat\/wp-json\/wp\/v2\/product_tag?post=44258"}],"curies":[{"name":"wp","href":"https:\/\/api.w.org\/{rel}","templated":true}]}}