{"id":44504,"date":"2025-07-21T11:50:29","date_gmt":"2025-07-21T09:50:29","guid":{"rendered":"https:\/\/garagebeer.co\/?post_type=product&#038;p=44504"},"modified":"2025-11-25T13:28:41","modified_gmt":"2025-11-25T12:28:41","slug":"crowns","status":"publish","type":"product","link":"https:\/\/garagebeer.co\/cat\/producte\/crowns\/","title":{"rendered":"CROWNS"},"content":{"rendered":"<p data-start=\"0\" data-end=\"82\"><strong data-start=\"0\" data-end=\"47\">CROWNS \u2013 DIPA Jugosa de Verano (\u00a1Sin Pi\u00f1a!)<\/strong><br data-start=\"47\" data-end=\"50\" \/>L\u00fapulos: Citra, Mosaic, Strata<\/p>\n<p data-start=\"84\" data-end=\"300\">CROWNS es una DIPA potente y jugosa pensada para el verano. Aunque no lleva pi\u00f1a, sus aromas tropicales recuerdan a una lata reci\u00e9n abierta de Del Monte, con notas de fresa y un fondo ligeramente herbal y resinoso.<\/p>\n<p data-start=\"302\" data-end=\"464\">Elaborada con l\u00fapulos Citra, Mosaic y Strata, y nuestra levadura que potencia los \u00e9steres frutales, es una birra llena de sabor, con cuerpo denso y final dulce.<\/p>\n<p data-start=\"466\" data-end=\"541\">Tropical, jugosa y con un toque \u201cdank\u201d. El hombre de Del Monte dice <strong data-start=\"534\" data-end=\"540\">S\u00cd<\/strong>.<\/p>\n<p data-start=\"543\" data-end=\"629\"><strong data-start=\"543\" data-end=\"594\">CROWNS \u2013 DIPA Estiuenca i Sucosa (Sense Pinya!)<\/strong><br data-start=\"594\" data-end=\"597\" \/>Ll\u00fapols: Citra, Mosaic, Strata<\/p>\n<p data-start=\"631\" data-end=\"829\">CROWNS \u00e9s una Double IPA pensada per gaudir a l\u2019estiu. Tot i no portar pinya, despr\u00e8n aromes tropicals que recorden una llauna acabada d\u2019obrir, amb tocs de maduixa i un rerefons herbaci i resin\u00f3s.<\/p>\n<p data-start=\"831\" data-end=\"977\">Amb ll\u00fapols Citra, Mosaic i Strata i fermentada amb una llevadura que potencia els \u00e8sters afruitats, t\u00e9 un cos dens, un final dol\u00e7 i molt sabor.<\/p>\n<p data-start=\"979\" data-end=\"1051\">Tropical, suculenta i amb molt car\u00e0cter. L\u2019home de Del Monte diu <strong data-start=\"1044\" data-end=\"1050\">S\u00cd<\/strong>.<\/p>\n<p data-start=\"1053\" data-end=\"1140\"><strong data-start=\"1053\" data-end=\"1108\">CROWNS \u2013 Juicy Summer DIPA (No Pineapple Included!)<\/strong><br data-start=\"1108\" data-end=\"1111\" \/>Hops: Citra, Mosaic, Strata<\/p>\n<p data-start=\"1142\" data-end=\"1375\">CROWNS is a bold, juicy Double IPA brewed for summer lovers. Bursting with tropical aromas, this DIPA delivers big notes of pineapple (without actually using any), hints of strawberry, and a subtle dank character in the background.<\/p>\n<p data-start=\"1377\" data-end=\"1613\">Brewed to showcase the esters from our yeast and the intense fruit-forward profile of Citra, Mosaic, and Strata hops, this one\u2019s all about summer in a can. Think beach vibes, tropical fruit, and a chewy, full body with a sweet finish.<\/p>\n<p data-start=\"1615\" data-end=\"1674\" data-is-last-node=\"\" data-is-only-node=\"\">Tropical. Dank. Juicy. The man from Del Monte says <strong data-start=\"1666\" data-end=\"1673\">YES<\/strong>.<\/p>","protected":false},"excerpt":{"rendered":"<p data-start=\"0\" data-end=\"162\"><strong data-start=\"0\" data-end=\"47\">CROWNS \u2013 DIPA Jugosa de Verano (\u00a1Sin Pi\u00f1a!)<\/strong><br data-start=\"47\" data-end=\"50\" \/>L\u00fapulos: Citra, Mosaic, Strata<br data-start=\"80\" data-end=\"83\" data-is-only-node=\"\" \/>Una DIPA tropical y resinosa que huele a pi\u00f1a, fresa y playa&#8230; \u00a1pero sin pi\u00f1a!<\/p>\n<p data-start=\"164\" data-end=\"324\"><strong>CROWNS \u2013 DIPA Estiuenca i Sucosa (Sense Pinya!)<\/strong><br data-start=\"211\" data-end=\"214\" \/>Ll\u00fapols: Citra, Mosaic, Strata<br data-start=\"244\" data-end=\"247\" data-is-only-node=\"\" \/>Una DIPA tropical i herb\u00e0cia que recorda a pinya i maduixa\u2026 per\u00f2 no en porta!<\/p>\n<p data-start=\"326\" data-end=\"496\" data-is-last-node=\"\" data-is-only-node=\"\"><strong data-start=\"326\" data-end=\"381\">CROWNS \u2013 Juicy Summer DIPA (No Pineapple Included!)<\/strong><br data-start=\"381\" data-end=\"384\" \/>Hops: Citra, Mosaic, Strata<br data-start=\"411\" data-end=\"414\" data-is-only-node=\"\" \/>A tropical, dank DIPA packed with pineapple and strawberry vibes \u2013 no fruit added!<\/p>","protected":false},"featured_media":44462,"template":"","meta":{"_acf_changed":false},"product_brand":[],"product_cat":[129,227,238],"product_tag":[39,840,40,41,48,270],"class_list":{"0":"post-44504","1":"product","2":"type-product","3":"status-publish","4":"has-post-thumbnail","6":"product_cat-dipas","7":"product_cat-hoppy","8":"product_cat-latas","9":"product_tag-citra","10":"product_tag-crowns","11":"product_tag-dipa","12":"product_tag-doble-ipa","13":"product_tag-mosaic","14":"product_tag-strata","15":"member-discount","16":"discount-restricted","18":"first","19":"outofstock","20":"taxable","21":"shipping-taxable","22":"purchasable","23":"product-type-simple"},"bundled_by":[],"bundle_stock_status":"outofstock","bundle_stock_quantity":null,"bundle_virtual":false,"bundle_layout":"","bundle_add_to_cart_form_location":"","bundle_editable_in_cart":false,"bundle_sold_individually_context":"","bundle_item_grouping":"","bundle_min_size":"","bundle_max_size":"","bundle_price":[],"bundled_items":[],"bundle_sell_ids":[],"acf":[],"_links":{"self":[{"href":"https:\/\/garagebeer.co\/cat\/wp-json\/wp\/v2\/product\/44504","targetHints":{"allow":["GET"]}}],"collection":[{"href":"https:\/\/garagebeer.co\/cat\/wp-json\/wp\/v2\/product"}],"about":[{"href":"https:\/\/garagebeer.co\/cat\/wp-json\/wp\/v2\/types\/product"}],"wp:featuredmedia":[{"embeddable":true,"href":"https:\/\/garagebeer.co\/cat\/wp-json\/wp\/v2\/media\/44462"}],"wp:attachment":[{"href":"https:\/\/garagebeer.co\/cat\/wp-json\/wp\/v2\/media?parent=44504"}],"wp:term":[{"taxonomy":"product_brand","embeddable":true,"href":"https:\/\/garagebeer.co\/cat\/wp-json\/wp\/v2\/product_brand?post=44504"},{"taxonomy":"product_cat","embeddable":true,"href":"https:\/\/garagebeer.co\/cat\/wp-json\/wp\/v2\/product_cat?post=44504"},{"taxonomy":"product_tag","embeddable":true,"href":"https:\/\/garagebeer.co\/cat\/wp-json\/wp\/v2\/product_tag?post=44504"}],"curies":[{"name":"wp","href":"https:\/\/api.w.org\/{rel}","templated":true}]}}