{"id":44743,"date":"2025-08-21T13:08:10","date_gmt":"2025-08-21T11:08:10","guid":{"rendered":"https:\/\/garagebeer.co\/?post_type=product&#038;p=44743"},"modified":"2026-03-30T21:58:10","modified_gmt":"2026-03-30T19:58:10","slug":"mist-prism","status":"publish","type":"product","link":"https:\/\/garagebeer.co\/cat\/producte\/mist-prism\/","title":{"rendered":"MIST PRISM"},"content":{"rendered":"<p data-start=\"143\" data-end=\"222\"><strong data-start=\"143\" data-end=\"220\">MIST PRISM \u2013 American Pale Ale sin gluten con Mosaic, Columbus y Amarillo<\/strong><\/p>\n<p data-start=\"224\" data-end=\"494\">2025 es el a\u00f1o de las APA y en Garage Beer Co vuelve un cl\u00e1sico: MIST PRISM. Inspirada por nuestro amigo Bobby, ex de Barrier Brewing, hemos recuperado su combinaci\u00f3n de l\u00fapulos favorita de todos los tiempos: Mosaic y Columbus en dry hop, con Amarillo en el whirlpool.<\/p>\n<p data-start=\"496\" data-end=\"772\">Fermentada con levadura Bry 97 para mantenerla limpia y dejar que el l\u00fapulo y la malta hablen por s\u00ed mismos. El resultado es una American Pale Ale refrescante, equilibrada y sin gluten, con notas c\u00edtricas, resinosas y un punto de caramelo de l\u00fapulo que la hace irresistible.<\/p>\n<hr data-start=\"774\" data-end=\"777\" \/>\n<p data-start=\"779\" data-end=\"860\"><strong data-start=\"779\" data-end=\"858\">MIST PRISM \u2013 American Pale Ale sense gluten amb Mosaic, Columbus i Amarillo<\/strong><\/p>\n<p data-start=\"862\" data-end=\"1109\">El 2025 \u00e9s l\u2019any de les APA i a Garage Beer Co torna un vell amic: MIST PRISM. Inspirada pel nostre amic Bobby, antic de Barrier Brewing, recuperem la seva combinaci\u00f3 preferida de ll\u00fapols: Mosaic i Columbus en dry hop, amb Amarillo al whirlpool.<\/p>\n<p data-start=\"1111\" data-end=\"1354\">Fermentada amb llevat Bry 97 per mantenir-la neta i deixar que ll\u00fapol i malta s\u2019expressin. El resultat \u00e9s una American Pale Ale fresca, equilibrada i sense gluten, amb notes c\u00edtriques, resinoses i dolces que recorden a llaminadura de ll\u00fapol.<\/p>\n<hr data-start=\"1356\" data-end=\"1359\" \/>\n<p data-start=\"1361\" data-end=\"1442\"><strong data-start=\"1361\" data-end=\"1440\">MIST PRISM \u2013 Gluten Free American Pale Ale with Mosaic, Columbus &amp; Amarillo<\/strong><\/p>\n<p data-start=\"1444\" data-end=\"1720\">2025 is the year of the APA, and Garage Beer Co brings back an old favorite: MIST PRISM. Inspired by our good friend Bobby, formerly of Barrier Brewing, we\u2019ve revived his all-time favorite hop combo: Mosaic and Columbus in the dry hop, paired with Amarillo in the whirlpool.<\/p>\n<p data-start=\"1722\" data-end=\"1936\">Fermented with Bry 97 yeast for a clean profile, letting the hops and malt shine. The result is a balanced, refreshing and gluten free American Pale Ale with citrus, resinous notes and a candy-like hop character.<\/p>","protected":false},"excerpt":{"rendered":"<p data-start=\"0\" data-end=\"166\"><strong data-start=\"143\" data-end=\"220\">MIST PRISM \u2013 American Pale Ale sin gluten con Mosaic, Columbus y Amarillo<\/strong><\/p>\n<p data-start=\"168\" data-end=\"300\"><strong data-start=\"779\" data-end=\"858\"> American Pale Ale sense gluten amb Mosaic, Columbus i Amarillo<\/strong><\/p>\n<p data-start=\"302\" data-end=\"426\"><strong data-start=\"1361\" data-end=\"1440\">Gluten Free American Pale Ale with Mosaic, Columbus &amp; Amarillo<\/strong><\/p>","protected":false},"featured_media":44705,"template":"","meta":{"_acf_changed":false},"product_brand":[],"product_cat":[227,128,238],"product_tag":[843,798,46,361,842,48],"class_list":{"0":"post-44743","1":"product","2":"type-product","3":"status-publish","4":"has-post-thumbnail","6":"product_cat-hoppy","7":"product_cat-ipa","8":"product_cat-latas","9":"product_tag-amari","10":"product_tag-apa","11":"product_tag-columbus","12":"product_tag-gluten-free","13":"product_tag-mist-prism","14":"product_tag-mosaic","15":"member-discount","16":"discount-restricted","18":"first","19":"instock","20":"featured","21":"taxable","22":"shipping-taxable","23":"purchasable","24":"product-type-simple"},"bundled_by":[],"bundle_stock_status":"instock","bundle_stock_quantity":4776,"bundle_virtual":false,"bundle_layout":"","bundle_add_to_cart_form_location":"","bundle_editable_in_cart":false,"bundle_sold_individually_context":"","bundle_item_grouping":"","bundle_min_size":"","bundle_max_size":"","bundle_price":[],"bundled_items":[],"bundle_sell_ids":[],"acf":[],"_links":{"self":[{"href":"https:\/\/garagebeer.co\/cat\/wp-json\/wp\/v2\/product\/44743","targetHints":{"allow":["GET"]}}],"collection":[{"href":"https:\/\/garagebeer.co\/cat\/wp-json\/wp\/v2\/product"}],"about":[{"href":"https:\/\/garagebeer.co\/cat\/wp-json\/wp\/v2\/types\/product"}],"wp:featuredmedia":[{"embeddable":true,"href":"https:\/\/garagebeer.co\/cat\/wp-json\/wp\/v2\/media\/44705"}],"wp:attachment":[{"href":"https:\/\/garagebeer.co\/cat\/wp-json\/wp\/v2\/media?parent=44743"}],"wp:term":[{"taxonomy":"product_brand","embeddable":true,"href":"https:\/\/garagebeer.co\/cat\/wp-json\/wp\/v2\/product_brand?post=44743"},{"taxonomy":"product_cat","embeddable":true,"href":"https:\/\/garagebeer.co\/cat\/wp-json\/wp\/v2\/product_cat?post=44743"},{"taxonomy":"product_tag","embeddable":true,"href":"https:\/\/garagebeer.co\/cat\/wp-json\/wp\/v2\/product_tag?post=44743"}],"curies":[{"name":"wp","href":"https:\/\/api.w.org\/{rel}","templated":true}]}}