{"id":45175,"date":"2025-10-06T09:17:43","date_gmt":"2025-10-06T07:17:43","guid":{"rendered":"https:\/\/garagebeer.co\/?post_type=product&#038;p=45175"},"modified":"2026-01-12T14:42:41","modified_gmt":"2026-01-12T13:42:41","slug":"viridian-teal","status":"publish","type":"product","link":"https:\/\/garagebeer.co\/cat\/producte\/viridian-teal\/","title":{"rendered":"VIRIDIAN TEAL"},"content":{"rendered":"<p>Viridian Teal es una IPA vibrante creada junto a nuestros vecinos de las colinas del Montseny, <strong data-start=\"286\" data-end=\"306\">Engorile Brewing<\/strong>. Cargada con <strong data-start=\"320\" data-end=\"363\">Nelson Sauvin, Motueka, Mosaic y Galaxy<\/strong>, esta birra explota en aromas de fruta tropical, uva blanca, melocot\u00f3n y c\u00edtricos. Suave, jugosa y con ese toque neozeland\u00e9s que se une al equilibrio cl\u00e1sico de Garage. Una IPA que une la frescura de la monta\u00f1a con la energ\u00eda de la ciudad.<\/p>\n<p>&nbsp;<\/p>\n<p>Viridian Teal \u00e9s una IPA plena de vida feta amb els nostres ve\u00efns de les muntanyes del Montseny, <strong data-start=\"822\" data-end=\"842\">Engorile Brewing<\/strong>. Amb <strong data-start=\"848\" data-end=\"891\">Nelson Sauvin, Motueka, Mosaic i Galaxy<\/strong>, despr\u00e8n aromes de fruita tropical, ra\u00efm blanc, pr\u00e9ssec i c\u00edtrics. Suau, t\u00e8rbola i intensa, combina la frescor de la muntanya amb l\u2019energia del barri.<\/p>\n<p>&nbsp;<\/p>\n<p>Viridian Teal is a vibrant IPA brewed with our neighbours from the Montseny hills, <strong data-start=\"1242\" data-end=\"1262\">Engorile Brewing<\/strong>. Loaded with <strong data-start=\"1276\" data-end=\"1321\">Nelson Sauvin, Motueka, Mosaic and Galaxy<\/strong>, it bursts with tropical fruit, white grape, peach and citrus notes. Soft, juicy and bright, blending mountain freshness with city energy.<\/p>","protected":false},"excerpt":{"rendered":"<p><strong data-start=\"136\" data-end=\"215\">VIRIDIAN TEAL &#8211; IPA tropical y jugosa junto a Engorile, con Nelson, Motueka, Mosaic y Galaxy.<\/strong><\/p>","protected":false},"featured_media":44940,"template":"","meta":{"_acf_changed":false},"product_brand":[],"product_cat":[227,128,238],"product_tag":[39,335,838,839,35,37,837],"class_list":{"0":"post-45175","1":"product","2":"type-product","3":"status-publish","4":"has-post-thumbnail","6":"product_cat-hoppy","7":"product_cat-ipa","8":"product_cat-latas","9":"product_tag-citra","10":"product_tag-el-dorado","11":"product_tag-georgia-gold","12":"product_tag-hbc-630","13":"product_tag-ipa","14":"product_tag-neipa","15":"product_tag-peach","16":"member-discount","17":"discount-restricted","19":"first","20":"outofstock","21":"featured","22":"taxable","23":"shipping-taxable","24":"purchasable","25":"product-type-simple"},"bundled_by":[],"bundle_stock_status":"outofstock","bundle_stock_quantity":null,"bundle_virtual":false,"bundle_layout":"","bundle_add_to_cart_form_location":"","bundle_editable_in_cart":false,"bundle_sold_individually_context":"","bundle_item_grouping":"","bundle_min_size":"","bundle_max_size":"","bundle_price":[],"bundled_items":[],"bundle_sell_ids":[],"acf":[],"_links":{"self":[{"href":"https:\/\/garagebeer.co\/cat\/wp-json\/wp\/v2\/product\/45175","targetHints":{"allow":["GET"]}}],"collection":[{"href":"https:\/\/garagebeer.co\/cat\/wp-json\/wp\/v2\/product"}],"about":[{"href":"https:\/\/garagebeer.co\/cat\/wp-json\/wp\/v2\/types\/product"}],"wp:featuredmedia":[{"embeddable":true,"href":"https:\/\/garagebeer.co\/cat\/wp-json\/wp\/v2\/media\/44940"}],"wp:attachment":[{"href":"https:\/\/garagebeer.co\/cat\/wp-json\/wp\/v2\/media?parent=45175"}],"wp:term":[{"taxonomy":"product_brand","embeddable":true,"href":"https:\/\/garagebeer.co\/cat\/wp-json\/wp\/v2\/product_brand?post=45175"},{"taxonomy":"product_cat","embeddable":true,"href":"https:\/\/garagebeer.co\/cat\/wp-json\/wp\/v2\/product_cat?post=45175"},{"taxonomy":"product_tag","embeddable":true,"href":"https:\/\/garagebeer.co\/cat\/wp-json\/wp\/v2\/product_tag?post=45175"}],"curies":[{"name":"wp","href":"https:\/\/api.w.org\/{rel}","templated":true}]}}