{"id":45221,"date":"2025-10-13T15:22:39","date_gmt":"2025-10-13T13:22:39","guid":{"rendered":"https:\/\/garagebeer.co\/?post_type=product&#038;p=45221"},"modified":"2025-10-21T11:14:19","modified_gmt":"2025-10-21T09:14:19","slug":"mash-25","status":"publish","type":"product","link":"https:\/\/garagebeer.co\/cat\/producte\/mash-25\/","title":{"rendered":"MASH &#8217;25"},"content":{"rendered":"<p data-start=\"185\" data-end=\"829\"><strong data-start=\"200\" data-end=\"270\">IPA de celebraci\u00f3n para el legendario festival de cerveza MASH &#8217;25<\/strong><br data-start=\"270\" data-end=\"273\" \/>MASH &#8217;25 re\u00fane lo mejor del mundo cervecero: dos de las mejores fincas de la familia Yakima y dos de nuestras variedades favoritas de l\u00fapulo. Desde Loftus Ranches llega un lote seleccionado a mano de <strong data-start=\"473\" data-end=\"483\">Simcoe<\/strong>, en formatos T90 y CRYO. Y respaldando esta maravilla, el legendario <strong data-start=\"553\" data-end=\"562\">Citra<\/strong> de Double RR Ranches, conocido por su participaci\u00f3n en Ziplocked, que aporta notas c\u00edtricas y de fruta de hueso. Una cerveza que conquista a todos, perfecta para celebrar el 25 aniversario del l\u00fapulo <strong data-start=\"763\" data-end=\"773\">Simcoe<\/strong>. Disfruta de esta IPA artesanal \u00fanica en el MASH &#8217;25.<\/p>\n<p data-start=\"831\" data-end=\"1349\"><strong data-start=\"831\" data-end=\"842\">MASH &#8217;25\u00a0<\/strong><br data-start=\"842\" data-end=\"845\" \/><strong data-start=\"845\" data-end=\"905\">Celebratory IPA for the legendary MASH &#8217;25 beer festival<\/strong><br data-start=\"905\" data-end=\"908\" \/>MASH &#8217;25 brings together two of the finest farms in the Yakima family and two of our favorite hop varieties. From Loftus Ranches, a hand-selected batch of <strong data-start=\"1063\" data-end=\"1073\">Simcoe<\/strong> in T90 and CRYO formats. Backed by legendary <strong data-start=\"1119\" data-end=\"1128\">Citra<\/strong> from Double RR Ranches, known for Ziplocked, delivering citrus and stone fruit notes. A crowd-pleasing IPA, perfect to celebrate the 25th anniversary of the <strong data-start=\"1286\" data-end=\"1296\">Simcoe<\/strong> hop. Experience this unique craft IPA at MASH &#8217;25.<\/p>\n<p data-start=\"1351\" data-end=\"1929\"><strong data-start=\"1351\" data-end=\"1362\">Catal\u00e0:<\/strong><br data-start=\"1362\" data-end=\"1365\" \/><strong data-start=\"1365\" data-end=\"1433\">IPA de celebraci\u00f3 per al llegendari festival de cervesa MASH &#8217;25<\/strong><br data-start=\"1433\" data-end=\"1436\" \/>MASH &#8217;25 uneix dues de les millors finques de la fam\u00edlia Yakima i dues de les nostres varietats de ll\u00fapol preferides. Des de Loftus Ranches arriba un lot seleccionat a m\u00e0 de <strong data-start=\"1610\" data-end=\"1620\">Simcoe<\/strong>, en formats T90 i CRYO. I amb el suport del llegendari <strong data-start=\"1676\" data-end=\"1685\">Citra<\/strong> de Double RR Ranches, conegut pel Ziplocked, que aporta notes c\u00edtriques i de fruita de pinyol. Una IPA que enamora a tothom, perfecta per celebrar el 25\u00e8 aniversari del ll\u00fapol <strong data-start=\"1862\" data-end=\"1872\">Simcoe<\/strong>. Gaudeix d\u2019aquesta cervesa artesanal \u00fanica a MASH &#8217;25.<\/p>","protected":false},"excerpt":{"rendered":"<p>MASH &#8217;25 IPA: IPA ELABORADA EN COLABORACI\u00d3N CON YAKIMA CHIEF HOPS, WHITE LABS YEAST Y NOMOQ PARA CELEBRAR EL MASH 2025<\/p>","protected":false},"featured_media":45213,"template":"","meta":{"_acf_changed":false},"product_brand":[],"product_cat":[227,128,238],"product_tag":[39,35,848,38],"class_list":{"0":"post-45221","1":"product","2":"type-product","3":"status-publish","4":"has-post-thumbnail","6":"product_cat-hoppy","7":"product_cat-ipa","8":"product_cat-latas","9":"product_tag-citra","10":"product_tag-ipa","11":"product_tag-mash-25","12":"product_tag-simcoe","13":"member-discount","14":"discount-restricted","16":"first","17":"outofstock","18":"featured","19":"taxable","20":"shipping-taxable","21":"purchasable","22":"product-type-simple"},"bundled_by":[],"bundle_stock_status":"outofstock","bundle_stock_quantity":null,"bundle_virtual":false,"bundle_layout":"","bundle_add_to_cart_form_location":"","bundle_editable_in_cart":false,"bundle_sold_individually_context":"","bundle_item_grouping":"","bundle_min_size":"","bundle_max_size":"","bundle_price":[],"bundled_items":[],"bundle_sell_ids":[],"acf":[],"_links":{"self":[{"href":"https:\/\/garagebeer.co\/cat\/wp-json\/wp\/v2\/product\/45221","targetHints":{"allow":["GET"]}}],"collection":[{"href":"https:\/\/garagebeer.co\/cat\/wp-json\/wp\/v2\/product"}],"about":[{"href":"https:\/\/garagebeer.co\/cat\/wp-json\/wp\/v2\/types\/product"}],"wp:featuredmedia":[{"embeddable":true,"href":"https:\/\/garagebeer.co\/cat\/wp-json\/wp\/v2\/media\/45213"}],"wp:attachment":[{"href":"https:\/\/garagebeer.co\/cat\/wp-json\/wp\/v2\/media?parent=45221"}],"wp:term":[{"taxonomy":"product_brand","embeddable":true,"href":"https:\/\/garagebeer.co\/cat\/wp-json\/wp\/v2\/product_brand?post=45221"},{"taxonomy":"product_cat","embeddable":true,"href":"https:\/\/garagebeer.co\/cat\/wp-json\/wp\/v2\/product_cat?post=45221"},{"taxonomy":"product_tag","embeddable":true,"href":"https:\/\/garagebeer.co\/cat\/wp-json\/wp\/v2\/product_tag?post=45221"}],"curies":[{"name":"wp","href":"https:\/\/api.w.org\/{rel}","templated":true}]}}