{"id":45487,"date":"2025-11-12T13:11:46","date_gmt":"2025-11-12T12:11:46","guid":{"rendered":"https:\/\/garagebeer.co\/?post_type=product&#038;p=45487"},"modified":"2025-11-12T14:19:23","modified_gmt":"2025-11-12T13:19:23","slug":"morpheme","status":"publish","type":"product","link":"https:\/\/garagebeer.co\/cat\/producte\/morpheme\/","title":{"rendered":"MORPHEME"},"content":{"rendered":"<p>MORPHEME es nuestra nueva <strong data-start=\"213\" data-end=\"228\">IPA cremosa<\/strong> elaborada junto a los cracks de <strong data-start=\"261\" data-end=\"282\">OLOGY Brewing Co.<\/strong> (Tallahassee, Florida). Una <strong data-start=\"311\" data-end=\"324\">IPA de 7%<\/strong> con <strong data-start=\"329\" data-end=\"363\">Riwaka, Riwaka Hopkief y Bru-1<\/strong>, resultado de un viaje intercostal del Pac\u00edfico en busca de los mejores l\u00fapulos.<br data-start=\"444\" data-end=\"447\" \/>Con un <strong data-start=\"454\" data-end=\"487\">30% de avena y trigo en copos<\/strong>, y un toque de Chit Malt, logramos ese cuerpo p\u00e1lido y sedoso que acompa\u00f1a las notas <strong data-start=\"573\" data-end=\"631\">tropicales, de maracuy\u00e1, pomelo rosado y un punto dank<\/strong> que aporta el Riwaka de Nueva Zelanda.<br data-start=\"670\" data-end=\"673\" \/>Para potenciar a\u00fan m\u00e1s el aroma, usamos <strong data-start=\"713\" data-end=\"749\">Riwaka Hopkief de Freestyle Hops<\/strong>, un dry hop criog\u00e9nico a\u00f1adido al final de la maduraci\u00f3n. Lo combinamos con <strong data-start=\"826\" data-end=\"835\">Bru-1<\/strong> de EE.UU., que refuerza el perfil de <strong data-start=\"873\" data-end=\"899\">pi\u00f1a y hierbas frescas<\/strong>.<\/p>\n<p>&nbsp;<\/p>\n<p>MORPHEME \u00e9s la nostra nova <strong data-start=\"1228\" data-end=\"1243\">IPA cremosa<\/strong>, feta amb els amics d\u2019<strong data-start=\"1266\" data-end=\"1287\">OLOGY Brewing Co.<\/strong> (Tallahassee, Florida). Una <strong data-start=\"1316\" data-end=\"1330\">IPA del 7%<\/strong> amb <strong data-start=\"1335\" data-end=\"1369\">Riwaka, Riwaka Hopkief i Bru-1<\/strong>, nascuda d\u2019un viatge pel Pac\u00edfic a la recerca dels millors ll\u00fapols.<br data-start=\"1437\" data-end=\"1440\" \/>Amb un <strong data-start=\"1447\" data-end=\"1480\">30% de civada i blat en flocs<\/strong>, i un toc de Chit Malt, aconseguim un cos p\u00e0l\u00b7lid i suau que acompanya les notes <strong data-start=\"1562\" data-end=\"1630\">tropicals, de fruita de la passi\u00f3, aranja rosa i un punt herbaci<\/strong> del Riwaka de Nova Zelanda.<br data-start=\"1658\" data-end=\"1661\" \/>Per donar-hi encara m\u00e9s aroma, fem servir <strong data-start=\"1703\" data-end=\"1739\">Riwaka Hopkief de Freestyle Hops<\/strong>, un dry hop criog\u00e8nic afegit al final de la maduraci\u00f3. El combinem amb <strong data-start=\"1811\" data-end=\"1820\">Bru-1<\/strong> dels EUA, que aporta un perfil de <strong data-start=\"1855\" data-end=\"1882\">pinya i herbes fresques<\/strong>.<br data-start=\"1883\" data-end=\"1886\" \/>Una col\u00b7laboraci\u00f3 perfecta entre dues cerveseres apassionades pel coneixement i la innovaci\u00f3.<\/p>\n<p>&nbsp;<\/p>\n<p>MORPHEME is our new <strong data-start=\"2203\" data-end=\"2217\">Creamy IPA<\/strong> brewed in collaboration with <strong data-start=\"2247\" data-end=\"2268\">OLOGY Brewing Co.<\/strong> from Tallahassee, Florida. A <strong data-start=\"2298\" data-end=\"2308\">7% IPA<\/strong> packed with <strong data-start=\"2321\" data-end=\"2358\">Riwaka, Riwaka Hopkief, and Bru-1<\/strong>, born from a Pacific intercoastal hop adventure.<br data-start=\"2407\" data-end=\"2410\" \/>With <strong data-start=\"2415\" data-end=\"2444\">30% flaked oats and wheat<\/strong> and a touch of Chit malt, it delivers a <strong data-start=\"2485\" data-end=\"2518\">smooth, pale, and creamy body<\/strong> bursting with <strong data-start=\"2533\" data-end=\"2595\">tropical passionfruit, pink grapefruit, and a hint of dank<\/strong> from the New Zealand Riwaka.<br data-start=\"2624\" data-end=\"2627\" \/>We sourced <strong data-start=\"2638\" data-end=\"2656\">Riwaka Hopkief<\/strong> from our friends at <strong data-start=\"2677\" data-end=\"2695\">Freestyle Hops<\/strong>, a cryogenic liquid dry hop added during conditioning for that extra aromatic punch. Paired with <strong data-start=\"2793\" data-end=\"2802\">Bru-1<\/strong> from the USA, bringing <strong data-start=\"2826\" data-end=\"2860\">pineapple and herbaceous notes<\/strong>, this collab is all about creativity and knowledge sharing.<\/p>","protected":false},"excerpt":{"rendered":"<p><strong data-start=\"136\" data-end=\"215\">MORPHEME. IPA de 7% con Riwaka, Riwaka Hopkief y Bru-1, COLLAB CON OLOGY BREWING.<\/strong><\/p>\n<p>&nbsp;<\/p>","protected":false},"featured_media":45445,"template":"","meta":{"_acf_changed":false},"product_brand":[],"product_cat":[227,128,238],"product_tag":[394,47,847,391,270],"class_list":{"0":"post-45487","1":"product","2":"type-product","3":"status-publish","4":"has-post-thumbnail","6":"product_cat-hoppy","7":"product_cat-ipa","8":"product_cat-latas","9":"product_tag-biolupulus","10":"product_tag-chinook","11":"product_tag-harvest","12":"product_tag-lacura","13":"product_tag-strata","14":"member-discount","15":"discount-restricted","17":"first","18":"instock","19":"featured","20":"taxable","21":"shipping-taxable","22":"purchasable","23":"product-type-simple"},"bundled_by":["45739"],"bundle_stock_status":"instock","bundle_stock_quantity":null,"bundle_virtual":false,"bundle_layout":"","bundle_add_to_cart_form_location":"","bundle_editable_in_cart":false,"bundle_sold_individually_context":"","bundle_item_grouping":"","bundle_min_size":"","bundle_max_size":"","bundle_price":[],"bundled_items":[],"bundle_sell_ids":[],"acf":[],"_links":{"self":[{"href":"https:\/\/garagebeer.co\/cat\/wp-json\/wp\/v2\/product\/45487","targetHints":{"allow":["GET"]}}],"collection":[{"href":"https:\/\/garagebeer.co\/cat\/wp-json\/wp\/v2\/product"}],"about":[{"href":"https:\/\/garagebeer.co\/cat\/wp-json\/wp\/v2\/types\/product"}],"wp:featuredmedia":[{"embeddable":true,"href":"https:\/\/garagebeer.co\/cat\/wp-json\/wp\/v2\/media\/45445"}],"wp:attachment":[{"href":"https:\/\/garagebeer.co\/cat\/wp-json\/wp\/v2\/media?parent=45487"}],"wp:term":[{"taxonomy":"product_brand","embeddable":true,"href":"https:\/\/garagebeer.co\/cat\/wp-json\/wp\/v2\/product_brand?post=45487"},{"taxonomy":"product_cat","embeddable":true,"href":"https:\/\/garagebeer.co\/cat\/wp-json\/wp\/v2\/product_cat?post=45487"},{"taxonomy":"product_tag","embeddable":true,"href":"https:\/\/garagebeer.co\/cat\/wp-json\/wp\/v2\/product_tag?post=45487"}],"curies":[{"name":"wp","href":"https:\/\/api.w.org\/{rel}","templated":true}]}}