{"id":45489,"date":"2025-11-12T15:33:38","date_gmt":"2025-11-12T14:33:38","guid":{"rendered":"https:\/\/garagebeer.co\/?post_type=product&#038;p=45489"},"modified":"2025-11-12T15:41:13","modified_gmt":"2025-11-12T14:41:13","slug":"amphitryon","status":"publish","type":"product","link":"https:\/\/garagebeer.co\/cat\/producte\/amphitryon\/","title":{"rendered":"AMPHITRYON"},"content":{"rendered":"<p data-start=\"155\" data-end=\"825\"><strong data-start=\"155\" data-end=\"209\">AMPHITRYON: NEIPA con Hercules (Quer\u00e9taro, M\u00e9xico)<\/strong><br data-start=\"209\" data-end=\"212\" \/>Para celebrar la primera visita de <strong data-start=\"247\" data-end=\"267\">Hercules Brewing<\/strong> al <strong data-start=\"271\" data-end=\"279\">MASH<\/strong>, regresamos a Quer\u00e9taro donde comenz\u00f3 nuestra colaboraci\u00f3n. Owen tuvo la suerte de vivir la experiencia 5 estrellas de Hercules mientras elaboraba <strong data-start=\"427\" data-end=\"449\">Gerentes Del Ritmo<\/strong>, una Belgian Pale Ale incre\u00edble.<br data-start=\"482\" data-end=\"485\" \/>Esta vez nos lanzamos por la <strong data-start=\"514\" data-end=\"523\">NEIPA<\/strong>, un festival de frutas: <strong data-start=\"548\" data-end=\"567\">Eclipse y Citra<\/strong> aportan naranja y toda la familia c\u00edtrica, mientras <strong data-start=\"620\" data-end=\"638\">El Dorado Cryo<\/strong> trae notas tropicales. Con <strong data-start=\"666\" data-end=\"676\">6% ABV<\/strong>, es f\u00e1cil de beber, refrescante y extremadamente sabrosa. Una cerveza que refleja la pasi\u00f3n y el talento de Hercules, lista para enamorar a todos.<\/p>\n<hr data-start=\"827\" data-end=\"830\" \/>\n<h3 data-start=\"832\" data-end=\"842\"><\/h3>\n<p data-start=\"843\" data-end=\"1420\"><strong data-start=\"843\" data-end=\"898\">AMPHITRYON: NEIPA with Hercules (Quer\u00e9taro, Mexico)<\/strong><br data-start=\"898\" data-end=\"901\" \/>To celebrate <strong data-start=\"914\" data-end=\"934\">Hercules Brewing<\/strong>\u2019s first visit to <strong data-start=\"952\" data-end=\"960\">MASH<\/strong>, we returned to Quer\u00e9taro where our collaboration story began. Owen enjoyed the five-star Hercules experience while brewing <strong data-start=\"1085\" data-end=\"1107\">Gerentes Del Ritmo<\/strong>, a banging Belgian Pale Ale.<br data-start=\"1136\" data-end=\"1139\" \/>This time we went down the <strong data-start=\"1166\" data-end=\"1175\">NEIPA<\/strong> path, a juicy fruit bomb: <strong data-start=\"1202\" data-end=\"1223\">Eclipse and Citra<\/strong> bring orange and all citrus notes, backed by tropical <strong data-start=\"1278\" data-end=\"1296\">El Dorado Cryo<\/strong>. At <strong data-start=\"1301\" data-end=\"1311\">6% ABV<\/strong>, it\u2019s dangerously crushable, refreshing, and full of flavor. A true celebration of Hercules\u2019 craftmanship.<\/p>\n<hr data-start=\"1422\" data-end=\"1425\" \/>\n<h3 data-start=\"1427\" data-end=\"1437\"><\/h3>\n<p data-start=\"1438\" data-end=\"2063\"><strong data-start=\"1438\" data-end=\"1491\">AMPHITRYON: NEIPA amb Hercules (Quer\u00e9taro, M\u00e8xic)<\/strong><br data-start=\"1491\" data-end=\"1494\" \/>Per celebrar la primera visita de <strong data-start=\"1528\" data-end=\"1548\">Hercules Brewing<\/strong> al <strong data-start=\"1552\" data-end=\"1560\">MASH<\/strong>, vam tornar a Quer\u00e9taro, on va comen\u00e7ar la nostra col\u00b7laboraci\u00f3. Owen va gaudir de l\u2019experi\u00e8ncia 5 estrelles de Hercules mentre elaborava <strong data-start=\"1699\" data-end=\"1721\">Gerentes Del Ritmo<\/strong>, una Belgian Pale Ale espectacular.<br data-start=\"1757\" data-end=\"1760\" \/>Aquesta vegada vam apostar per la <strong data-start=\"1794\" data-end=\"1803\">NEIPA<\/strong>, una explosi\u00f3 de fruites: <strong data-start=\"1830\" data-end=\"1849\">Eclipse i Citra<\/strong> aporten taronja i tota la fam\u00edlia c\u00edtrica, amb notes tropicals de <strong data-start=\"1916\" data-end=\"1934\">El Dorado Cryo<\/strong>. Amb <strong data-start=\"1940\" data-end=\"1950\">6% ABV<\/strong>, \u00e9s refrescant, f\u00e0cil de beure i plena de sabor. Una cervesa que reflecteix la passi\u00f3 i el talent de Hercules.<\/p>","protected":false},"excerpt":{"rendered":"<p><strong data-start=\"155\" data-end=\"209\">AMPHITRYON: NEIPA con Hercules (Quer\u00e9taro, M\u00e9xico)<\/strong><\/p>","protected":false},"featured_media":45476,"template":"","meta":{"_acf_changed":false},"product_brand":[],"product_cat":[227,128,238],"product_tag":[857,733,858,230,37],"class_list":{"0":"post-45489","1":"product","2":"type-product","3":"status-publish","4":"has-post-thumbnail","6":"product_cat-hoppy","7":"product_cat-ipa","8":"product_cat-latas","9":"product_tag-amphitryon","10":"product_tag-collab","11":"product_tag-hercules","12":"product_tag-mash","13":"product_tag-neipa","14":"member-discount","15":"discount-restricted","17":"first","18":"instock","19":"featured","20":"taxable","21":"shipping-taxable","22":"purchasable","23":"product-type-simple"},"bundled_by":["45739"],"bundle_stock_status":"instock","bundle_stock_quantity":null,"bundle_virtual":false,"bundle_layout":"","bundle_add_to_cart_form_location":"","bundle_editable_in_cart":false,"bundle_sold_individually_context":"","bundle_item_grouping":"","bundle_min_size":"","bundle_max_size":"","bundle_price":[],"bundled_items":[],"bundle_sell_ids":[],"acf":[],"_links":{"self":[{"href":"https:\/\/garagebeer.co\/cat\/wp-json\/wp\/v2\/product\/45489","targetHints":{"allow":["GET"]}}],"collection":[{"href":"https:\/\/garagebeer.co\/cat\/wp-json\/wp\/v2\/product"}],"about":[{"href":"https:\/\/garagebeer.co\/cat\/wp-json\/wp\/v2\/types\/product"}],"wp:featuredmedia":[{"embeddable":true,"href":"https:\/\/garagebeer.co\/cat\/wp-json\/wp\/v2\/media\/45476"}],"wp:attachment":[{"href":"https:\/\/garagebeer.co\/cat\/wp-json\/wp\/v2\/media?parent=45489"}],"wp:term":[{"taxonomy":"product_brand","embeddable":true,"href":"https:\/\/garagebeer.co\/cat\/wp-json\/wp\/v2\/product_brand?post=45489"},{"taxonomy":"product_cat","embeddable":true,"href":"https:\/\/garagebeer.co\/cat\/wp-json\/wp\/v2\/product_cat?post=45489"},{"taxonomy":"product_tag","embeddable":true,"href":"https:\/\/garagebeer.co\/cat\/wp-json\/wp\/v2\/product_tag?post=45489"}],"curies":[{"name":"wp","href":"https:\/\/api.w.org\/{rel}","templated":true}]}}