{"id":45748,"date":"2025-12-12T11:18:48","date_gmt":"2025-12-12T10:18:48","guid":{"rendered":"https:\/\/garagebeer.co\/?post_type=product&#038;p=45748"},"modified":"2025-12-12T15:01:15","modified_gmt":"2025-12-12T14:01:15","slug":"cold-killer-trout","status":"publish","type":"product","link":"https:\/\/garagebeer.co\/cat\/producte\/cold-killer-trout\/","title":{"rendered":"COLD KILLER TROUT"},"content":{"rendered":"<p data-start=\"120\" data-end=\"604\"><strong data-start=\"120\" data-end=\"176\">COLD KILLER TROUT: IPA 7% \u2013 Summer Down Under Series<\/strong><br data-start=\"176\" data-end=\"179\" \/>Seguimos con nuestra <strong data-start=\"200\" data-end=\"228\">Summer Down Under Series<\/strong> con <strong data-start=\"233\" data-end=\"254\">COLD KILLER TROUT<\/strong>, una <strong data-start=\"260\" data-end=\"270\">IPA 7%<\/strong> elaborada con las cosechas frescas del hemisferio sur 2025. Primera vez que en Garage podemos usar estos l\u00fapulos tan pronto, y se nota.<br data-start=\"406\" data-end=\"409\" \/><strong data-start=\"409\" data-end=\"426\">Nelson Sauvin<\/strong> y <strong data-start=\"429\" data-end=\"439\">Galaxy<\/strong> forman un combo suave y elegante: fruta de hueso, c\u00edtricos y un toque floral sobre un cuerpo <strong data-start=\"533\" data-end=\"561\">p\u00e1lido, cremoso y sedoso<\/strong>. Un peque\u00f1o rayo de sol servido en vaso.<\/p>\n<hr data-start=\"606\" data-end=\"609\" \/>\n<h3 data-start=\"611\" data-end=\"621\"><\/h3>\n<p data-start=\"622\" data-end=\"1091\"><strong data-start=\"622\" data-end=\"678\">COLD KILLER TROUT: 7% IPA \u2013 Summer Down Under Series<\/strong><br data-start=\"678\" data-end=\"681\" \/>Next in our <strong data-start=\"693\" data-end=\"721\">Summer Down Under Series<\/strong> is <strong data-start=\"725\" data-end=\"746\">COLD KILLER TROUT<\/strong>, a <strong data-start=\"750\" data-end=\"760\">7% IPA<\/strong> built with the freshest 2025 Southern Hemisphere hops. It\u2019s the first time we\u2019ve ever gotten these crops this early at Garage \u2014 and it shows.<br data-start=\"902\" data-end=\"905\" \/><strong data-start=\"905\" data-end=\"922\">Nelson Sauvin<\/strong> and <strong data-start=\"927\" data-end=\"937\">Galaxy<\/strong> deliver an antipodean smooth banger packed with stone fruit, citrus and floral notes, all wrapped in a <strong data-start=\"1041\" data-end=\"1062\">pale, creamy body<\/strong>. A little ray of sunshine.<\/p>\n<hr data-start=\"1093\" data-end=\"1096\" \/>\n<h3 data-start=\"1098\" data-end=\"1108\"><\/h3>\n<p data-start=\"1109\" data-end=\"1547\"><strong data-start=\"1109\" data-end=\"1165\">COLD KILLER TROUT: IPA 7% \u2013 Summer Down Under Series<\/strong><br data-start=\"1165\" data-end=\"1168\" \/>Continuem la nostra <strong data-start=\"1188\" data-end=\"1216\">Summer Down Under Series<\/strong> amb <strong data-start=\"1221\" data-end=\"1242\">COLD KILLER TROUT<\/strong>, una <strong data-start=\"1248\" data-end=\"1262\">IPA del 7%<\/strong> feta amb collites fresques del hemisferi sud 2025. \u00c9s la primera vegada que a Garage rebem aquests ll\u00fapols tan aviat, i el resultat \u00e9s brutal.<br data-start=\"1405\" data-end=\"1408\" \/><strong data-start=\"1408\" data-end=\"1425\">Nelson Sauvin<\/strong> i <strong data-start=\"1428\" data-end=\"1438\">Galaxy<\/strong> aporten fruita de pinyol, c\u00edtrics i notes florals sobre un cos <strong data-start=\"1502\" data-end=\"1522\">p\u00e0l\u00b7lid i crem\u00f3s<\/strong>. Un petit raig de sol.<\/p>","protected":false},"excerpt":{"rendered":"<p><strong data-start=\"136\" data-end=\"215\">COLD KILLER TROUT &#8211; IPA 7% ELABORADA CON GALAXY Y NELSON SAUVIN<\/strong><\/p>\n<p>&nbsp;<\/p>\n<p>&nbsp;<\/p>","protected":false},"featured_media":45657,"template":"","meta":{"_acf_changed":false},"product_brand":[],"product_cat":[227,128,238],"product_tag":[52,676,37,587,749],"class_list":{"0":"post-45748","1":"product","2":"type-product","3":"status-publish","4":"has-post-thumbnail","6":"product_cat-hoppy","7":"product_cat-ipa","8":"product_cat-latas","9":"product_tag-galaxy","10":"product_tag-hazy","11":"product_tag-neipa","12":"product_tag-nelson","13":"product_tag-nz","14":"member-discount","15":"discount-restricted","17":"first","18":"instock","19":"featured","20":"taxable","21":"shipping-taxable","22":"purchasable","23":"product-type-simple"},"bundled_by":[],"bundle_stock_status":"instock","bundle_stock_quantity":null,"bundle_virtual":false,"bundle_layout":"","bundle_add_to_cart_form_location":"","bundle_editable_in_cart":false,"bundle_sold_individually_context":"","bundle_item_grouping":"","bundle_min_size":"","bundle_max_size":"","bundle_price":[],"bundled_items":[],"bundle_sell_ids":[],"acf":[],"_links":{"self":[{"href":"https:\/\/garagebeer.co\/cat\/wp-json\/wp\/v2\/product\/45748","targetHints":{"allow":["GET"]}}],"collection":[{"href":"https:\/\/garagebeer.co\/cat\/wp-json\/wp\/v2\/product"}],"about":[{"href":"https:\/\/garagebeer.co\/cat\/wp-json\/wp\/v2\/types\/product"}],"wp:featuredmedia":[{"embeddable":true,"href":"https:\/\/garagebeer.co\/cat\/wp-json\/wp\/v2\/media\/45657"}],"wp:attachment":[{"href":"https:\/\/garagebeer.co\/cat\/wp-json\/wp\/v2\/media?parent=45748"}],"wp:term":[{"taxonomy":"product_brand","embeddable":true,"href":"https:\/\/garagebeer.co\/cat\/wp-json\/wp\/v2\/product_brand?post=45748"},{"taxonomy":"product_cat","embeddable":true,"href":"https:\/\/garagebeer.co\/cat\/wp-json\/wp\/v2\/product_cat?post=45748"},{"taxonomy":"product_tag","embeddable":true,"href":"https:\/\/garagebeer.co\/cat\/wp-json\/wp\/v2\/product_tag?post=45748"}],"curies":[{"name":"wp","href":"https:\/\/api.w.org\/{rel}","templated":true}]}}