{"id":45994,"date":"2026-01-14T11:34:43","date_gmt":"2026-01-14T10:34:43","guid":{"rendered":"https:\/\/garagebeer.co\/?post_type=product&#038;p=45994"},"modified":"2026-01-30T10:34:33","modified_gmt":"2026-01-30T09:34:33","slug":"ziplocked26","status":"publish","type":"product","link":"https:\/\/garagebeer.co\/cat\/producte\/ziplocked26\/","title":{"rendered":"ZIPLOCKED &#8217;26"},"content":{"rendered":"<p data-start=\"108\" data-end=\"834\">Estamos encantados de anunciar el <strong data-start=\"142\" data-end=\"187\">regreso de ZIPLOCKED para su edici\u00f3n 2026<\/strong>. Las leyendas de <strong data-start=\"205\" data-end=\"229\">Double R Hop Ranches<\/strong>, a trav\u00e9s de <strong data-start=\"243\" data-end=\"250\">YCH<\/strong>, nos han vuelto a proporcionar <strong data-start=\"282\" data-end=\"318\">Citra seleccionado especialmente<\/strong> para este lanzamiento anual tan esperado.<br data-start=\"360\" data-end=\"363\" \/>Hemos sido fieles a la receta del a\u00f1o pasado y hemos dejado que el l\u00fapulo hable por s\u00ed solo. Llevamos nuestro mash tun al l\u00edmite con <strong data-start=\"496\" data-end=\"544\">grandes cantidades de trigo y avena en copos<\/strong>, creando una base <strong data-start=\"563\" data-end=\"583\">cremosa y sedosa<\/strong>. A partir de ah\u00ed, una carga masiva de <strong data-start=\"622\" data-end=\"644\">Citra en whirlpool<\/strong> y un <strong data-start=\"650\" data-end=\"688\">dry hop totalmente fuera de normas<\/strong>. Espera una explosi\u00f3n c\u00edtrica brutal, con notas de <strong data-start=\"740\" data-end=\"798\">maracuy\u00e1, pomelo rosa, fruta de hueso y ese toque dank<\/strong> inconfundible. Esto es puro zumo.<\/p>\n<hr data-start=\"836\" data-end=\"839\" \/>\n<h3 data-start=\"841\" data-end=\"851\"><\/h3>\n<p data-start=\"852\" data-end=\"1482\">We\u2019re absolutely delighted to announce the <strong data-start=\"895\" data-end=\"939\">return of ZIPLOCKED for its 2026 edition<\/strong>. Once again, the legends at <strong data-start=\"968\" data-end=\"992\">Double R Hop Ranches<\/strong>, via <strong data-start=\"998\" data-end=\"1005\">YCH<\/strong>, have supplied us with <strong data-start=\"1029\" data-end=\"1057\">specially selected Citra<\/strong> for this much-loved annual release.<br data-start=\"1093\" data-end=\"1096\" \/>We stayed true to last year\u2019s recipe and let the hops do all the talking. Pushing our mash tun to the limit with <strong data-start=\"1209\" data-end=\"1255\">dangerous amounts of flaked wheat and oats<\/strong>, we built a <strong data-start=\"1268\" data-end=\"1290\">creamy, silky base<\/strong>. Loaded with <strong data-start=\"1304\" data-end=\"1330\">Citra in the whirlpool<\/strong> and then dry hopped way beyond the rules. Expect huge citrus, passion fruit, pink grapefruit, stone fruit and unmistakable dank notes. This is Juice.<\/p>\n<hr data-start=\"1484\" data-end=\"1487\" \/>\n<h3 data-start=\"1489\" data-end=\"1499\"><\/h3>\n<p data-start=\"1500\" data-end=\"2174\">Estem molt contents d\u2019anunciar el <strong data-start=\"1534\" data-end=\"1577\">retorn de ZIPLOCKED per a l\u2019edici\u00f3 2026<\/strong>. Un cop m\u00e9s, les llegendes de <strong data-start=\"1608\" data-end=\"1632\">Double R Hop Ranches<\/strong>, a trav\u00e9s de <strong data-start=\"1646\" data-end=\"1653\">YCH<\/strong>, ens han subministrat <strong data-start=\"1676\" data-end=\"1710\">Citra seleccionat especialment<\/strong> per a aquest llan\u00e7ament anual tan especial.<br data-start=\"1754\" data-end=\"1757\" \/>Hem respectat la recepta de l\u2019any passat i hem deixat que el ll\u00fapol sigui el protagonista. Hem portat el mash tun al l\u00edmit amb <strong data-start=\"1884\" data-end=\"1930\">grans quantitats de blat i civada en flocs<\/strong>, creant una base <strong data-start=\"1948\" data-end=\"1968\">cremosa i sedosa<\/strong>. Despr\u00e9s, una c\u00e0rrega enorme de <strong data-start=\"2001\" data-end=\"2023\">Citra al whirlpool<\/strong> i un <strong data-start=\"2029\" data-end=\"2053\">dry hop sense l\u00edmits<\/strong>. Explosi\u00f3 c\u00edtrica amb notes de <strong data-start=\"2085\" data-end=\"2142\">maracuj\u00e0, aranja rosa, fruita de pinyol i un toc dank<\/strong> molt marcat. Aix\u00f2 \u00e9s suc pur.<\/p>","protected":false},"excerpt":{"rendered":"<p><strong data-start=\"632\" data-end=\"686\">ZIPLOCKED &#8211; IPA 6% 100% CITRA,\u00a0<\/strong><\/p>","protected":false},"featured_media":45985,"template":"","meta":{"_acf_changed":false},"product_brand":[],"product_cat":[129,227,238],"product_tag":[39,676,35,37],"class_list":{"0":"post-45994","1":"product","2":"type-product","3":"status-publish","4":"has-post-thumbnail","6":"product_cat-dipas","7":"product_cat-hoppy","8":"product_cat-latas","9":"product_tag-citra","10":"product_tag-hazy","11":"product_tag-ipa","12":"product_tag-neipa","13":"member-discount","14":"discount-restricted","16":"first","17":"outofstock","18":"taxable","19":"shipping-taxable","20":"purchasable","21":"product-type-simple"},"bundled_by":[],"bundle_stock_status":"outofstock","bundle_stock_quantity":0,"bundle_virtual":false,"bundle_layout":"","bundle_add_to_cart_form_location":"","bundle_editable_in_cart":false,"bundle_sold_individually_context":"","bundle_item_grouping":"","bundle_min_size":"","bundle_max_size":"","bundle_price":[],"bundled_items":[],"bundle_sell_ids":[],"acf":[],"_links":{"self":[{"href":"https:\/\/garagebeer.co\/cat\/wp-json\/wp\/v2\/product\/45994","targetHints":{"allow":["GET"]}}],"collection":[{"href":"https:\/\/garagebeer.co\/cat\/wp-json\/wp\/v2\/product"}],"about":[{"href":"https:\/\/garagebeer.co\/cat\/wp-json\/wp\/v2\/types\/product"}],"wp:featuredmedia":[{"embeddable":true,"href":"https:\/\/garagebeer.co\/cat\/wp-json\/wp\/v2\/media\/45985"}],"wp:attachment":[{"href":"https:\/\/garagebeer.co\/cat\/wp-json\/wp\/v2\/media?parent=45994"}],"wp:term":[{"taxonomy":"product_brand","embeddable":true,"href":"https:\/\/garagebeer.co\/cat\/wp-json\/wp\/v2\/product_brand?post=45994"},{"taxonomy":"product_cat","embeddable":true,"href":"https:\/\/garagebeer.co\/cat\/wp-json\/wp\/v2\/product_cat?post=45994"},{"taxonomy":"product_tag","embeddable":true,"href":"https:\/\/garagebeer.co\/cat\/wp-json\/wp\/v2\/product_tag?post=45994"}],"curies":[{"name":"wp","href":"https:\/\/api.w.org\/{rel}","templated":true}]}}