{"id":46789,"date":"2026-03-24T15:46:02","date_gmt":"2026-03-24T14:46:02","guid":{"rendered":"https:\/\/garagebeer.co\/?post_type=product&#038;p=46789"},"modified":"2026-04-13T17:25:02","modified_gmt":"2026-04-13T15:25:02","slug":"wallpapers-for-mirrors","status":"publish","type":"product","link":"https:\/\/garagebeer.co\/cat\/producte\/wallpapers-for-mirrors\/","title":{"rendered":"WALLPAPER FOR MIRRORS"},"content":{"rendered":"<p data-start=\"0\" data-end=\"317\">Wallpaper for Mirrors\u00a0 es una Pastry Sour inspirada en un donut glaseado de ar\u00e1ndanos y vainilla. Una cerveza \u00e1cida, suave y cremosa con intensas notas de ar\u00e1ndanos y grosella negra, equilibradas por la dulzura de la lactosa y un toque envolvente de vainilla. Refrescante, golosa y muy f\u00e1cil de beber.<\/p>\n<p data-start=\"319\" data-end=\"627\"><br data-start=\"329\" data-end=\"332\" \/>Wallpaper for Mirrors \u00e9s una Pastry Sour inspirada en un donut glacejat de nabius i vainilla. Una cervesa \u00e0cida, suau i cremosa amb intenses notes de nabius i grosella negra, equilibrades per la dol\u00e7or de la lactosa i un toc envoltant de vainilla. Refrescant, llaminera i molt f\u00e0cil de beure.<\/p>\n<p data-start=\"629\" data-end=\"919\" data-is-last-node=\"\" data-is-only-node=\"\"><br data-start=\"640\" data-end=\"643\" \/>Wallpaper for Mirrors is a Pastry Sour inspired by a vanilla glazed blueberry doughnut. A smooth, tangy and creamy beer bursting with blueberry and blackcurrant flavours, balanced by lactose sweetness and a soft touch of vanilla. Refreshing, indulgent, and super drinkable.<\/p>","protected":false},"excerpt":{"rendered":"<p>WALLPAPER FOR MIRRORS, PASTRY SOUR ELABORADA CON VAINILLA, LACTOSA, ARANDANOS Y GROSELLAS<\/p>","protected":false},"featured_media":46181,"template":"","meta":{"_acf_changed":false},"product_brand":[],"product_cat":[238,130],"product_tag":[90,240,874,191,58,96],"class_list":{"0":"post-46789","1":"product","2":"type-product","3":"status-publish","4":"has-post-thumbnail","6":"product_cat-latas","7":"product_cat-sours","8":"product_tag-arandanos","9":"product_tag-bcn-weisse","10":"product_tag-grosellas","11":"product_tag-lactosa","12":"product_tag-sour","13":"product_tag-vainilla","14":"member-discount","15":"discount-restricted","17":"first","18":"instock","19":"taxable","20":"shipping-taxable","21":"purchasable","22":"product-type-simple"},"bundled_by":[],"bundle_stock_status":"instock","bundle_stock_quantity":3229,"bundle_virtual":false,"bundle_layout":"","bundle_add_to_cart_form_location":"","bundle_editable_in_cart":false,"bundle_sold_individually_context":"","bundle_item_grouping":"","bundle_min_size":"","bundle_max_size":"","bundle_price":[],"bundled_items":[],"bundle_sell_ids":[],"acf":[],"_links":{"self":[{"href":"https:\/\/garagebeer.co\/cat\/wp-json\/wp\/v2\/product\/46789","targetHints":{"allow":["GET"]}}],"collection":[{"href":"https:\/\/garagebeer.co\/cat\/wp-json\/wp\/v2\/product"}],"about":[{"href":"https:\/\/garagebeer.co\/cat\/wp-json\/wp\/v2\/types\/product"}],"wp:featuredmedia":[{"embeddable":true,"href":"https:\/\/garagebeer.co\/cat\/wp-json\/wp\/v2\/media\/46181"}],"wp:attachment":[{"href":"https:\/\/garagebeer.co\/cat\/wp-json\/wp\/v2\/media?parent=46789"}],"wp:term":[{"taxonomy":"product_brand","embeddable":true,"href":"https:\/\/garagebeer.co\/cat\/wp-json\/wp\/v2\/product_brand?post=46789"},{"taxonomy":"product_cat","embeddable":true,"href":"https:\/\/garagebeer.co\/cat\/wp-json\/wp\/v2\/product_cat?post=46789"},{"taxonomy":"product_tag","embeddable":true,"href":"https:\/\/garagebeer.co\/cat\/wp-json\/wp\/v2\/product_tag?post=46789"}],"curies":[{"name":"wp","href":"https:\/\/api.w.org\/{rel}","templated":true}]}}