{"id":18693,"date":"2021-04-07T12:24:00","date_gmt":"2021-04-07T10:24:00","guid":{"rendered":"https:\/\/www.garagebeer.co\/?page_id=18693"},"modified":"2021-04-07T12:24:58","modified_gmt":"2021-04-07T10:24:58","slug":"receta-sis","status":"publish","type":"page","link":"https:\/\/garagebeer.co\/en\/receta-sis\/","title":{"rendered":"Receta SIS"},"content":{"rendered":"<p>SIS Estilo: DIPA ABV: 8% Feliz cumplea\u00f1os a nosotros! Para celebrar el 6to aniversario de la apertura de Garage Beer Co quisimos divertirnos un poco, as\u00ed que dijimos, porque no elaborar una DIPA que tenga un dry-hop de 6 de nuestros l\u00fapulos favoritos. Un l\u00fapulo por cada a\u00f1o. Seleccionamos 6 de los l\u00fapulos m\u00e1s frutales [&hellip;]<\/p>\n \t\t<div class=\"woocommerce\">\n\t\t\t<div class=\"woocommerce-info wc-memberships-restriction-message wc-memberships-message wc-memberships-content-restricted-message\">\n\t\t\t\tEsta receta solo est\u00e1 disponible para miembros del Garage Beer Club, si a\u00fan no eres miembro, puedes hacerlo aqui: <span class=\"wc-memberships-products-grant-access\"><a href=\"https:\/\/garagebeer.co\/en\/product\/club-standard\/\">Membres\u00eda STANDARD Garage Beer Club<\/a>, <a href=\"https:\/\/garagebeer.co\/en\/product\/club-imperial\/\">Membres\u00eda IMPERIAL Garage Beer Club<\/a> or <a href=\"https:\/\/garagebeer.co\/en\/product\/club-session\/\">Membres\u00eda SESSION Garage Beer Club<\/a><\/span>, si ya eres miembro reg\u00edstrate para acceder\t\t    <\/div>\n\t\t<\/div>\n\t\t","protected":false},"excerpt":{"rendered":"<p>SIS Estilo: DIPA ABV: 8% Feliz cumplea\u00f1os a nosotros! Para celebrar el 6to aniversario de la apertura de Garage Beer Co quisimos divertirnos un poco, as\u00ed que dijimos, porque no elaborar una DIPA que tenga un dry-hop de 6 de nuestros l\u00fapulos favoritos. Un l\u00fapulo por cada a\u00f1o. Seleccionamos 6 de los l\u00fapulos m\u00e1s frutales [&hellip;]<\/p>\n<div class=\"woocommerce\">\n<div class=\"woocommerce-info wc-memberships-restriction-message wc-memberships-message wc-memberships-content-restricted-message\">\n\t\t\t\tEsta receta solo est\u00e1 disponible para miembros del Garage Beer Club, si a\u00fan no eres miembro, puedes hacerlo aqui: <span class=\"wc-memberships-products-grant-access\"><a href=\"https:\/\/garagebeer.co\/en\/product\/club-standard\/\">Membres\u00eda STANDARD Garage Beer Club<\/a>, <a href=\"https:\/\/garagebeer.co\/en\/product\/club-imperial\/\">Membres\u00eda IMPERIAL Garage Beer Club<\/a> or <a href=\"https:\/\/garagebeer.co\/en\/product\/club-session\/\">Membres\u00eda SESSION Garage Beer Club<\/a><\/span>, si ya eres miembro reg\u00edstrate para acceder\t\t    <\/div>\n<\/p><\/div>\n","protected":false},"author":18,"featured_media":0,"parent":0,"menu_order":0,"comment_status":"closed","ping_status":"open","template":"","meta":{"_acf_changed":false,"footnotes":""},"class_list":["post-18693","page","type-page","status-publish","hentry","membership-content","access-restricted"],"acf":[],"_links":{"self":[{"href":"https:\/\/garagebeer.co\/en\/wp-json\/wp\/v2\/pages\/18693","targetHints":{"allow":["GET"]}}],"collection":[{"href":"https:\/\/garagebeer.co\/en\/wp-json\/wp\/v2\/pages"}],"about":[{"href":"https:\/\/garagebeer.co\/en\/wp-json\/wp\/v2\/types\/page"}],"author":[{"embeddable":true,"href":"https:\/\/garagebeer.co\/en\/wp-json\/wp\/v2\/users\/18"}],"replies":[{"embeddable":true,"href":"https:\/\/garagebeer.co\/en\/wp-json\/wp\/v2\/comments?post=18693"}],"version-history":[{"count":4,"href":"https:\/\/garagebeer.co\/en\/wp-json\/wp\/v2\/pages\/18693\/revisions"}],"predecessor-version":[{"id":18698,"href":"https:\/\/garagebeer.co\/en\/wp-json\/wp\/v2\/pages\/18693\/revisions\/18698"}],"wp:attachment":[{"href":"https:\/\/garagebeer.co\/en\/wp-json\/wp\/v2\/media?parent=18693"}],"curies":[{"name":"wp","href":"https:\/\/api.w.org\/{rel}","templated":true}]}}