{"id":18743,"date":"2021-04-07T13:48:51","date_gmt":"2021-04-07T11:48:51","guid":{"rendered":"https:\/\/www.garagebeer.co\/?page_id=18743"},"modified":"2021-04-07T13:55:21","modified_gmt":"2021-04-07T11:55:21","slug":"receta-blink-of-a-firefly","status":"publish","type":"page","link":"https:\/\/garagebeer.co\/en\/receta-blink-of-a-firefly\/","title":{"rendered":"Receta Blink of a Firefly"},"content":{"rendered":"<p>BLINK OF A FIREFLY Estilo: TIPA ABV: 10.1% Triple IPA que recibe un tratamiento de dry hop super cargado. Con m\u00e1s de 100kg por cocci\u00f3n, es una IPA robusta y olorosa. De color amarillo p\u00e1lido con un cuerpo suave y mullido y petada con amarillo cryo, amarillo, talus y citra d\u00e1ndole unas notas dulces y [&hellip;]<\/p>\n \t\t<div class=\"woocommerce\">\n\t\t\t<div class=\"woocommerce-info wc-memberships-restriction-message wc-memberships-message wc-memberships-content-restricted-message\">\n\t\t\t\tEsta receta solo est\u00e1 disponible para miembros del Garage Beer Club, si a\u00fan no eres miembro, puedes hacerlo aqui: <span class=\"wc-memberships-products-grant-access\"><a href=\"https:\/\/garagebeer.co\/en\/product\/club-standard\/\">Membres\u00eda STANDARD Garage Beer Club<\/a>, <a href=\"https:\/\/garagebeer.co\/en\/product\/club-imperial\/\">Membres\u00eda IMPERIAL Garage Beer Club<\/a> or <a href=\"https:\/\/garagebeer.co\/en\/product\/club-session\/\">Membres\u00eda SESSION Garage Beer Club<\/a><\/span>, si ya eres miembro reg\u00edstrate para acceder\t\t    <\/div>\n\t\t<\/div>\n\t\t","protected":false},"excerpt":{"rendered":"<p>BLINK OF A FIREFLY Estilo: TIPA ABV: 10.1% Triple IPA que recibe un tratamiento de dry hop super cargado. Con m\u00e1s de 100kg por cocci\u00f3n, es una IPA robusta y olorosa. De color amarillo p\u00e1lido con un cuerpo suave y mullido y petada con amarillo cryo, amarillo, talus y citra d\u00e1ndole unas notas dulces y [&hellip;]<\/p>\n<div class=\"woocommerce\">\n<div class=\"woocommerce-info wc-memberships-restriction-message wc-memberships-message wc-memberships-content-restricted-message\">\n\t\t\t\tEsta receta solo est\u00e1 disponible para miembros del Garage Beer Club, si a\u00fan no eres miembro, puedes hacerlo aqui: <span class=\"wc-memberships-products-grant-access\"><a href=\"https:\/\/garagebeer.co\/en\/product\/club-standard\/\">Membres\u00eda STANDARD Garage Beer Club<\/a>, <a href=\"https:\/\/garagebeer.co\/en\/product\/club-imperial\/\">Membres\u00eda IMPERIAL Garage Beer Club<\/a> or <a href=\"https:\/\/garagebeer.co\/en\/product\/club-session\/\">Membres\u00eda SESSION Garage Beer Club<\/a><\/span>, si ya eres miembro reg\u00edstrate para acceder\t\t    <\/div>\n<\/p><\/div>\n","protected":false},"author":18,"featured_media":0,"parent":0,"menu_order":0,"comment_status":"closed","ping_status":"open","template":"","meta":{"_acf_changed":false,"footnotes":""},"class_list":["post-18743","page","type-page","status-publish","hentry","membership-content","access-restricted"],"acf":[],"_links":{"self":[{"href":"https:\/\/garagebeer.co\/en\/wp-json\/wp\/v2\/pages\/18743","targetHints":{"allow":["GET"]}}],"collection":[{"href":"https:\/\/garagebeer.co\/en\/wp-json\/wp\/v2\/pages"}],"about":[{"href":"https:\/\/garagebeer.co\/en\/wp-json\/wp\/v2\/types\/page"}],"author":[{"embeddable":true,"href":"https:\/\/garagebeer.co\/en\/wp-json\/wp\/v2\/users\/18"}],"replies":[{"embeddable":true,"href":"https:\/\/garagebeer.co\/en\/wp-json\/wp\/v2\/comments?post=18743"}],"version-history":[{"count":4,"href":"https:\/\/garagebeer.co\/en\/wp-json\/wp\/v2\/pages\/18743\/revisions"}],"predecessor-version":[{"id":18748,"href":"https:\/\/garagebeer.co\/en\/wp-json\/wp\/v2\/pages\/18743\/revisions\/18748"}],"wp:attachment":[{"href":"https:\/\/garagebeer.co\/en\/wp-json\/wp\/v2\/media?parent=18743"}],"curies":[{"name":"wp","href":"https:\/\/api.w.org\/{rel}","templated":true}]}}