{"id":20593,"date":"2021-06-25T12:22:13","date_gmt":"2021-06-25T10:22:13","guid":{"rendered":"https:\/\/www.garagebeer.co\/?page_id=20593"},"modified":"2021-11-15T12:32:21","modified_gmt":"2021-11-15T11:32:21","slug":"art-bases","status":"publish","type":"page","link":"https:\/\/garagebeer.co\/en\/art-bases\/","title":{"rendered":"art-bases"},"content":{"rendered":"<div data-elementor-type=\"wp-page\" data-elementor-id=\"20593\" class=\"elementor elementor-20593\" data-elementor-post-type=\"page\">\n\t\t\t\t\t\t<section class=\"elementor-section elementor-top-section elementor-element elementor-element-8542786 elementor-section-boxed elementor-section-height-default elementor-section-height-default\" data-id=\"8542786\" data-element_type=\"section\" data-e-type=\"section\">\n\t\t\t\t\t\t<div class=\"elementor-container elementor-column-gap-default\">\n\t\t\t\t\t<div class=\"elementor-column elementor-col-100 elementor-top-column elementor-element elementor-element-ce051ab\" data-id=\"ce051ab\" data-element_type=\"column\" data-e-type=\"column\">\n\t\t\t<div class=\"elementor-widget-wrap elementor-element-populated\">\n\t\t\t\t\t\t<div class=\"elementor-element elementor-element-5daa2e2 elementor-widget elementor-widget-text-editor\" data-id=\"5daa2e2\" data-element_type=\"widget\" data-e-type=\"widget\" data-widget_type=\"text-editor.default\">\n\t\t\t\t\t\t\t\t\t<p>BASES LEGALES DE PARTICIPACI\u00d3N EN LA PROMOCI\u00d3N<\/p><p>1.- EMPRESA ORGANIZADORA DE LA PROMOCI\u00d3N<\/p><p>La empresa Cerveceros Garage SL, con domicilio en C\/ Consell de cent 261, 08011,\u00a0<span style=\"font-size: 15px;\">(Barcelona) y n\u00famero identificativo B66285586\u00a0<\/span><span style=\"font-size: 15px;\">organiza con fines promocionales el concurso CALL TO ARTISTS\u00a0<\/span><span style=\"font-size: 15px;\">en adelante, \u201cla Promoci\u00f3n\u201d) de \u00e1mbito nacional, a desarrollar a trav\u00e9s de\u00a0<\/span><span style=\"font-size: 15px;\">Internet, exclusivo para usuarios residentes en cualquier pa\u00eds y de cualquier edad de acuerdo\u00a0<\/span><span style=\"font-size: 15px;\">con lo dispuesto en el apartado de condiciones para participar.<\/span><\/p><p>2.-FECHA DE INICIO Y FECHA DE FINALIZACI\u00d3N<\/p><p>La Promoci\u00f3n se iniciar\u00e1 el d\u00eda 25\/6\/2021 y finalizar\u00e1 el d\u00eda 31\/12\/2021 a las 23:59h (horario de<\/p><p>Europa Central)<\/p><p>3.- REQUISITOS DE PARTICIPACI\u00d3N Y MEC\u00c1NICA DE LA PROMOCI\u00d3N<\/p><p>Los requisitos de participaci\u00f3n ser\u00e1n los siguientes:<\/p><p>&#8211; Podr\u00e1n participar aquellas personas que residan en cualquier pa\u00eds y de cualquier edad<\/p><p>&#8211; S\u00f3lo podr\u00e1n participar aquellos participantes que env\u00eden su pieza a art@garagebeer.co<\/p><p>&#8211; Los Participantes podr\u00e1n participar tantas veces como quieran en el concurso<\/p><p>&#8211; La mec\u00e1nica de la Promoci\u00f3n consiste en enviar tu pieza que quieres que sea utilizada en una etiqueta de garage beer co del a\u00f1o 2022. La imagen debe ser en CMYK y 300DPI y entrar en un lienzo de 8x8cm<\/p><p><span style=\"font-size: 15px;\">&#8211; Cualquier publicaci\u00f3n que tenga contenido racista, sexista, sexual, violento o que atente contra<\/span><\/p><p>cualquier derecho humano ser\u00e1 autom\u00e1ticamente descalificado del concurso<\/p><p>&#8211; Al participar, los Participantes acuerdan estar completamente e incondicionalmente sujetos a<\/p><p>estas Reglas y declaran y garantizan que los participantes cumplen con los requisitos de<\/p><p>elegibilidad establecidos en este documento. Adem\u00e1s, los Participantes admiten aceptar las<\/p><p>decisiones de Cerveceros Garage SL como definitivas y vinculantes en relaci\u00f3n con el contenido.<\/p><p>4.- CONDICIONES DE LA PROMOCI\u00d3N Y PREMIOS<\/p><p>Se elegir\u00e1n 12 ganadores mediante el siguiente sistema de selecci\u00f3n:<\/p><p><span style=\"font-size: 15px;\">&#8211; Selecci\u00f3n de un ganador por parte del jurado compuesto por Dise\u00f1adores y directores de arte de Garage Beer Co y Montana Colors<\/span><\/p><p>\u00a0<\/p><p>Los ganadores se anunciar\u00e1n p\u00fablicamente en la cuenta de Instagram de Garage Beer Co el d\u00eda<\/p><p>17 de Enero de 2021.<\/p><p>Los\/Las Ganadores recibir\u00e1n como premio una cantidad de 200\u20ac + una caja de las cervezas con la etiqueta una vez que esta este empaquetada. (Se empaquetar\u00e1 una al mes, por lo que depender\u00e1 el momento de la entrega al momento de la elaboraci\u00f3n)<\/p><p><span style=\"font-size: 15px;\">5.- LIMITACIONES<\/span><\/p><p>Si se evidenciase que cualquiera de los participantes no cumple con los requisitos exigidos en<\/p><p>las Bases, o los datos proporcionados para participar no fueran v\u00e1lidos, su participaci\u00f3n se<\/p><p>considerar\u00e1 nula y quedar\u00e1n autom\u00e1ticamente excluidos de la Promoci\u00f3n, perdiendo todo<\/p><p>derecho sobre los premios otorgados en virtud de esta Promoci\u00f3n.<\/p><p>No podr\u00e1n participar en la Promoci\u00f3n las siguientes personas: (i) Los trabajadores por cuenta<\/p><p>ajena empleados en cualquiera de las sociedades y otras entidades con personalidad jur\u00eddica<\/p><p>vinculadas a Cerveceros Garage SL (ii) Las personas f\u00edsicas que participen directa o<\/p><p>indirectamente en el capital de\u00a0<span style=\"font-size: 15px; font-style: normal; font-weight: 400;\">Cerveceros Garage SL<\/span>\u00a0(iii) Cualquier otra persona f\u00edsica que haya<\/p><p>participado directa o indirectamente en la organizaci\u00f3n de este Concurso o haya estado<\/p><p>involucrado directa o indirectamente en su preparaci\u00f3n o desarrollo (agencia, proveedores,<\/p><p>etc.).<\/p><p>El premio entregado no ser\u00e1 transferible ni susceptible de cambios, alteraciones o<\/p><p>compensaciones a petici\u00f3n de los Participantes.<\/p><p>El env\u00edo de la cerveza estar\u00e1 limitado a la uni\u00f3n europea.\u00a0<\/p><p><span style=\"font-size: 15px; font-style: normal; font-weight: 400;\">Cerveceros Garage SL<\/span>\u00a0se reserva el derecho, si concurre justa causa y previa comunicaci\u00f3n en<\/p><p>legal forma, de efectuar cualquier cambio, suspender o ampliar esta Promoci\u00f3n.<\/p><p>Correr\u00e1n a cuenta y cargo del ganador cualquier carga fiscal o tributaria que la aceptaci\u00f3n del<\/p><p>premio pudiera suponerle, as\u00ed como cualquier otro gasto derivado de la promoci\u00f3n que no est\u00e9<\/p><p>expresamente asumido por Cerveceros Garage SL en las presentes Bases Legales.<\/p><p>Se establece un plazo de QUINCE (15) d\u00edas naturales desde la fecha de la concesi\u00f3n del premio,<\/p><p>para efectuar cualquier reclamaci\u00f3n motivada.\u00a0<span style=\"font-size: 15px; font-style: normal; font-weight: 400;\">Cerveceros Garage SL\u00a0<\/span>\u00a0se reserva, en caso de<\/p><p>obligada necesidad, el derecho de sustituir el premio por otro de similares caracter\u00edsticas.<\/p><p>6.- PUBLICACI\u00d3N DE COMENTARIOS U OPINIONES<\/p><p>No se permitir\u00e1n comentarios u opiniones cuyo contenido se considere inadecuado, que sean<\/p><p>ofensivos, injuriosos o discriminatorios o que pudieran vulnerar derechos de terceros. Tampoco<\/p><p>ser permitir\u00e1n comentarios contra un particular que vulneren los principios de derecho al honor,<\/p><p>a la intimidad personal y familiar y a la propia imagen. No nos responsabilizaremos de los<\/p><p>da\u00f1os ocasionados por los comentarios que hagan los participantes en la Promoci\u00f3n, y que en<\/p><p>cualquier momento pudieran herir la sensibilidad de otros participantes.<\/p><p>7.- EXONERACI\u00d3N DE RESPONSABILIDAD<\/p><p>A t\u00edtulo enunciativo, pero no limitativo, no nos responsabilizamos de las posibles p\u00e9rdidas,<\/p><p>robos, retrasos o cualquiera otra circunstancia imputable a terceros que puedan afectar al<\/p><p>desarrollo de la presente Promoci\u00f3n, as\u00ed como tampoco nos responsabilizamos a del uso que<\/p><p>haga el participante respecto del premio que obtenga de esta Promoci\u00f3n, y no asume<\/p><p>responsabilidad alguna por ning\u00fan da\u00f1o o perjuicio de cualquier tipo que pudieren sufrir los<\/p><p>Participantes, ganador o terceros.<\/p><p>No asumimos la responsabilidad en casos de fuerza mayor o caso fortuito que pudieran<\/p><p>impedir la realizaci\u00f3n de la Promoci\u00f3n o el disfrute total o parcial del premio. En caso de que<\/p><p>esta Promoci\u00f3n no pudiera realizarse, bien por fraudes detectados en la misma, errores<\/p><p>t\u00e9cnicos, o cualquier otro motivo que no est\u00e9 bajo el control de\u00a0<span style=\"font-size: 15px; font-style: normal; font-weight: 400;\">Cerveceros Garage SL\u00a0<\/span>y que afecte<\/p><p>al normal desarrollo del Concurso, nos reservamos el derecho a cancelar, modificar, o<\/p><p>suspender la misma, incluyendo la p\u00e1gina web de participaci\u00f3n.<\/p><p>8.- FACEBOOK\/INSTAGRAM<\/p><p>La promoci\u00f3n no est\u00e1 patrocinada, avalada, administrada ni asociada en modo alguno a<\/p><p>Facebook\/Instagram por lo que los Participantes liberan a Facebook de toda responsabilidad<\/p><p>por los eventuales da\u00f1os que se deriven de la misma.<\/p><p>9.- PROTECCI\u00d3N DE DATOS PERSONALES<\/p><p>La empresa responsable del tratamiento de sus datos es Cerveceros Garage SL con domicilio en<\/p><p>Consell de Cent 261, 08011, Barcelona, Barcelona y n\u00famero identificativo B66285586.<\/p><p><span style=\"font-size: 15px; font-style: normal; font-weight: 400;\">Cerveceros Garage SL<\/span>\u00a0se toma muy en serio la protecci\u00f3n de su privacidad y de tus datos<\/p><p>personales. Por lo tanto, tu informaci\u00f3n personal se conserva de forma segura y se trata con el<\/p><p>m\u00e1ximo cuidado.<\/p><p>De conformidad con lo establecido en la normativa aplicable en materia de protecci\u00f3n de datos,<\/p><p>y concretamente en el Reglamento (UE) 2016\/679 del Parlamento Europeo y del Consejo, de 27<\/p><p>de abril de 2016, relativo a la protecci\u00f3n de las personas f\u00edsicas en lo que respecta al<\/p><p>tratamiento de datos personales y a la libre circulaci\u00f3n de estos datos, cada Participante, con la<\/p><p>aceptaci\u00f3n de estas Bases Legales consiente que los datos personales facilitados para la<\/p><p>participaci\u00f3n en este concurso sean incorporados a un fichero titularidad de\u00a0<span style=\"font-size: 15px; font-style: normal; font-weight: 400;\">Cerveceros Garage SL<\/span><\/p><p>para tramitar la participaci\u00f3n en el concurso y para comunicarle el premio en caso de que<\/p><p>resultase Ganador.<\/p><p>Le informamos de que sus datos personales de contacto ser\u00e1n utilizados \u00fanica y<\/p><p>exclusivamente para realizar el concurso y determinar los ganadores del mismo.<\/p><p>Los Participantes garantizan que los datos personales facilitados son veraces y se hacen<\/p><p>responsables de comunicar a\u00a0<span style=\"font-size: 15px; font-style: normal; font-weight: 400;\">Cerveceros Garage SL<\/span>\u00a0cualquier modificaci\u00f3n de los mismos.<\/p><p><span style=\"font-size: 15px; font-style: normal; font-weight: 400;\">Cerveceros Garage SL<\/span>\u00a0se reserva el derecho a excluir de la presente promoci\u00f3n a todo Participante<\/p><p>que haya facilitado datos falsos. Se recomienda tener la m\u00e1xima diligencia en materia de<\/p><p>Protecci\u00f3n de Datos mediante la utilizaci\u00f3n de herramientas de seguridad, no pudi\u00e9ndose<\/p><p>responsabilizar a\u00a0<span style=\"font-size: 15px; font-style: normal; font-weight: 400;\">Cerveceros Garage SL\u00a0<\/span>\u00a0de sustracciones, modificaciones o p\u00e9rdidas de datos<\/p><p>il\u00edcitas.<\/p><p>Los Participantes tienen derecho a (i) acceder a sus datos personales, as\u00ed como a (ii) solicitar la<\/p><p>rectificaci\u00f3n de los datos inexactos o, en su caso, solicitar su supresi\u00f3n, (iii) solicitar la<\/p><p>limitaci\u00f3n del tratamiento de sus datos, (iv) oponerse al tratamiento de sus datos y (v) solicitar<\/p><p>su portabilidad. Los Participantes pueden ejercer todos estos derechos en la siguiente<\/p><p>direcci\u00f3n de email info@garagebeer.o indicando, el motivo de su petici\u00f3n.<\/p><p>Los Participantes pueden tambi\u00e9n, enviar su petici\u00f3n por correo ordinario a la siguiente<\/p><p>direcci\u00f3n: c\/ Sant Adria 66, local 1, 08030, Barcelona.<\/p><p>Sin perjuicio de cualquier otro recurso administrativo o acci\u00f3n judicial, el Participante tendr\u00e1<\/p><p>derecho a presentar una reclamaci\u00f3n ante una Autoridad de Control, en particular en el Estado<\/p><p>miembro en el que tenga su residencia habitual, lugar de trabajo o lugar de la supuesta<\/p><p>infracci\u00f3n, en caso de que considere que el tratamiento de sus datos personales no es<\/p><p>adecuado a la normativa, as\u00ed como en el caso de no ver satisfecho el ejercicio de sus derechos.<\/p><p>La Autoridad de Control ante la que se haya presentado la reclamaci\u00f3n informar\u00e1 al reclamante<\/p><p>sobre el curso y el resultado de la reclamaci\u00f3n.<\/p><p>Para m\u00e1s informaci\u00f3n, puedes consultar la pol\u00edtica de privacidad de Garage Beer Co a trav\u00e9s<\/p><p>del siguiente enlace: https:\/\/www.garagebeer.co<\/p><p>10.- CAMBIOS<\/p><p><span style=\"font-size: 15px; font-style: normal; font-weight: 400;\">Cerveceros Garage SL<\/span><span style=\"font-size: 15px; font-style: normal; font-weight: 400;\">\u00a0<\/span>se reserva el derecho de modificar o ampliar estas bases promocionales, en<\/p><p>la medida que no perjudique o menoscabe los derechos de los participantes en la Promoci\u00f3n.<\/p><p>11.- LEGISLACI\u00d3N APLICABLE Y JURISDICCI\u00d3N<\/p><p>Estas bases legales se regir\u00e1n de conformidad con la ley espa\u00f1ola. Ser\u00e1n competentes para<\/p><p>resolver cualquier reclamaci\u00f3n o controversia que pudiera plantearse en relaci\u00f3n con la validez,<\/p><p>interpretaci\u00f3n o cumplimiento de estas bases los Juzgados y Tribunales de la ciudad de<\/p><p>Barcelona.<\/p><p>\u00a0<\/p>\t\t\t\t\t\t\t\t<\/div>\n\t\t\t\t\t<\/div>\n\t\t<\/div>\n\t\t\t\t\t<\/div>\n\t\t<\/section>\n\t\t\t\t<\/div>","protected":false},"excerpt":{"rendered":"<p>BASES LEGALES DE PARTICIPACI\u00d3N EN LA PROMOCI\u00d3N 1.- EMPRESA ORGANIZADORA DE LA PROMOCI\u00d3N La empresa Cerveceros Garage SL, con domicilio en C\/ Consell de cent 261, 08011,\u00a0(Barcelona) y n\u00famero identificativo B66285586\u00a0organiza con fines promocionales el concurso CALL TO ARTISTS\u00a0en adelante, \u201cla Promoci\u00f3n\u201d) de \u00e1mbito nacional, a desarrollar a trav\u00e9s de\u00a0Internet, exclusivo para usuarios residentes en [&hellip;]<\/p>\n","protected":false},"author":4,"featured_media":0,"parent":0,"menu_order":0,"comment_status":"closed","ping_status":"open","template":"","meta":{"_acf_changed":false,"footnotes":""},"class_list":["post-20593","page","type-page","status-publish","hentry"],"acf":[],"_links":{"self":[{"href":"https:\/\/garagebeer.co\/en\/wp-json\/wp\/v2\/pages\/20593","targetHints":{"allow":["GET"]}}],"collection":[{"href":"https:\/\/garagebeer.co\/en\/wp-json\/wp\/v2\/pages"}],"about":[{"href":"https:\/\/garagebeer.co\/en\/wp-json\/wp\/v2\/types\/page"}],"author":[{"embeddable":true,"href":"https:\/\/garagebeer.co\/en\/wp-json\/wp\/v2\/users\/4"}],"replies":[{"embeddable":true,"href":"https:\/\/garagebeer.co\/en\/wp-json\/wp\/v2\/comments?post=20593"}],"version-history":[{"count":4,"href":"https:\/\/garagebeer.co\/en\/wp-json\/wp\/v2\/pages\/20593\/revisions"}],"predecessor-version":[{"id":20598,"href":"https:\/\/garagebeer.co\/en\/wp-json\/wp\/v2\/pages\/20593\/revisions\/20598"}],"wp:attachment":[{"href":"https:\/\/garagebeer.co\/en\/wp-json\/wp\/v2\/media?parent=20593"}],"curies":[{"name":"wp","href":"https:\/\/api.w.org\/{rel}","templated":true}]}}