{"id":23110,"date":"2021-11-12T10:37:02","date_gmt":"2021-11-12T09:37:02","guid":{"rendered":"https:\/\/www.garagebeer.co\/?page_id=23110"},"modified":"2025-04-09T12:37:47","modified_gmt":"2025-04-09T10:37:47","slug":"release","status":"publish","type":"page","link":"https:\/\/garagebeer.co\/en\/release\/","title":{"rendered":"sant andreu release"},"content":{"rendered":"\t\t<div data-elementor-type=\"wp-page\" data-elementor-id=\"23110\" class=\"elementor elementor-23110\" data-elementor-post-type=\"page\">\n\t\t\t\t\t\t<section class=\"elementor-section elementor-top-section elementor-element elementor-element-a9450de elementor-section-boxed elementor-section-height-default elementor-section-height-default\" data-id=\"a9450de\" data-element_type=\"section\" data-e-type=\"section\">\n\t\t\t\t\t\t<div class=\"elementor-container elementor-column-gap-default\">\n\t\t\t\t\t<div class=\"elementor-column elementor-col-100 elementor-top-column elementor-element elementor-element-6eda0b3\" data-id=\"6eda0b3\" data-element_type=\"column\" data-e-type=\"column\">\n\t\t\t<div class=\"elementor-widget-wrap elementor-element-populated\">\n\t\t\t\t\t\t<div class=\"elementor-element elementor-element-c504846 elementor-widget elementor-widget-image\" data-id=\"c504846\" data-element_type=\"widget\" data-e-type=\"widget\" data-widget_type=\"image.default\">\n\t\t\t\t\t\t\t\t\t\t\t\t\t\t\t<img decoding=\"async\" src=\"https:\/\/garagebeer.co\/wp-content\/uploads\/2022\/04\/WhatsApp-Image-2022-04-27-at-8.26.38-AM.jpeg\" title=\"\" alt=\"\" loading=\"lazy\" \/>\t\t\t\t\t\t\t\t\t\t\t\t\t\t\t<\/div>\n\t\t\t\t<div class=\"elementor-element elementor-element-c0ba4f0 elementor-widget elementor-widget-image\" data-id=\"c0ba4f0\" data-element_type=\"widget\" data-e-type=\"widget\" data-widget_type=\"image.default\">\n\t\t\t\t\t\t\t\t\t\t\t\t\t\t\t<img fetchpriority=\"high\" decoding=\"async\" width=\"710\" height=\"1024\" src=\"https:\/\/garagebeer.co\/wp-content\/uploads\/2025\/04\/11_4_SA-710x1024.jpg\" class=\"attachment-large size-large wp-image-43193\" alt=\"\" srcset=\"https:\/\/garagebeer.co\/wp-content\/uploads\/2025\/04\/11_4_SA-710x1024.jpg 710w, https:\/\/garagebeer.co\/wp-content\/uploads\/2025\/04\/11_4_SA-208x300.jpg 208w, https:\/\/garagebeer.co\/wp-content\/uploads\/2025\/04\/11_4_SA-768x1107.jpg 768w, https:\/\/garagebeer.co\/wp-content\/uploads\/2025\/04\/11_4_SA-1065x1536.jpg 1065w, https:\/\/garagebeer.co\/wp-content\/uploads\/2025\/04\/11_4_SA-1421x2048.jpg 1421w, https:\/\/garagebeer.co\/wp-content\/uploads\/2025\/04\/11_4_SA-8x12.jpg 8w, https:\/\/garagebeer.co\/wp-content\/uploads\/2025\/04\/11_4_SA-606x874.jpg 606w, https:\/\/garagebeer.co\/wp-content\/uploads\/2025\/04\/11_4_SA.jpg 1748w\" sizes=\"(max-width: 710px) 100vw, 710px\" \/>\t\t\t\t\t\t\t\t\t\t\t\t\t\t\t<\/div>\n\t\t\t\t<div class=\"elementor-element elementor-element-5065676 elementor-widget elementor-widget-text-editor\" data-id=\"5065676\" data-element_type=\"widget\" data-e-type=\"widget\" data-widget_type=\"text-editor.default\">\n\t\t\t\t\t\t\t\t\t<p>El 11 de abril celebraremos con amigxs por todo lo alto, tendremos visitas de lxs chicxs de SOMA, ODDITY y GROSS con un par de birras cada uno y sus cervecerxs en cuerpo y alma. por supuesto tambien, lo mas fresco elaborado en sant adria 66.<\/p><p>Los amigos tambi\u00e9n estar\u00e1n en las bandejas y en los fuegos, nuestro ex compa\u00f1ero Marcos, quien controlaba los grifos en garage poblenou, controlar\u00e1 las bandejas con un dj set plagado de music\u00f3n y nuestro head brewer, Dan se encargar\u00e1 de cocinarnos esta vez comida, con su proyecto paralelo Naans In the Hood. Si has probado las birras que hace dan, ya sabes que le mola lo bueno.<\/p><p>\u00a0<\/p><p>Proximo viernes, 11 de abril sant adria 66, de 5 a medianoche, nos vemos!<\/p>\t\t\t\t\t\t\t\t<\/div>\n\t\t\t\t<div class=\"elementor-element elementor-element-ed1579d elementor-button-align-stretch elementor-widget elementor-widget-form\" data-id=\"ed1579d\" data-element_type=\"widget\" data-e-type=\"widget\" data-settings=\"{&quot;step_next_label&quot;:&quot;Next&quot;,&quot;step_previous_label&quot;:&quot;Previous&quot;,&quot;button_width&quot;:&quot;100&quot;,&quot;step_type&quot;:&quot;number_text&quot;,&quot;step_icon_shape&quot;:&quot;circle&quot;}\" data-widget_type=\"form.default\">\n\t\t\t\t\t\t\t<form class=\"elementor-form\" method=\"post\" id=\"FEBRERO\" name=\"garage i friends\" aria-label=\"garage i friends\">\n\t\t\t<input type=\"hidden\" name=\"post_id\" value=\"23110\"\/>\n\t\t\t<input type=\"hidden\" name=\"form_id\" value=\"ed1579d\"\/>\n\t\t\t<input type=\"hidden\" name=\"referer_title\" value=\"sant andreu release - Garage Beer Co\" \/>\n\n\t\t\t\t\t\t\t<input type=\"hidden\" name=\"queried_id\" value=\"23110\"\/>\n\t\t\t\n\t\t\t<div class=\"elementor-form-fields-wrapper elementor-labels-above\">\n\t\t\t\t\t\t\t\t<div class=\"elementor-field-type-text elementor-field-group elementor-column elementor-field-group-name elementor-col-100 elementor-field-required elementor-mark-required\">\n\t\t\t\t\t\t\t\t\t\t\t\t<label for=\"form-field-name\" class=\"elementor-field-label\">\n\t\t\t\t\t\t\t\tNombre\t\t\t\t\t\t\t<\/label>\n\t\t\t\t\t\t\t\t\t\t\t\t\t\t<input size=\"1\" type=\"text\" name=\"form_fields[name]\" id=\"form-field-name\" class=\"elementor-field elementor-size-sm  elementor-field-textual\" placeholder=\"Nombre\" required=\"required\">\n\t\t\t\t\t\t\t\t\t\t\t<\/div>\n\t\t\t\t\t\t\t\t<div class=\"elementor-field-type-email elementor-field-group elementor-column elementor-field-group-email elementor-col-100 elementor-field-required elementor-mark-required\">\n\t\t\t\t\t\t\t\t\t\t\t\t<label for=\"form-field-email\" class=\"elementor-field-label\">\n\t\t\t\t\t\t\t\tEmail\t\t\t\t\t\t\t<\/label>\n\t\t\t\t\t\t\t\t\t\t\t\t\t\t<input size=\"1\" type=\"email\" name=\"form_fields[email]\" id=\"form-field-email\" class=\"elementor-field elementor-size-sm  elementor-field-textual\" placeholder=\"Email\" required=\"required\">\n\t\t\t\t\t\t\t\t\t\t\t<\/div>\n\t\t\t\t\t\t\t\t<div class=\"elementor-field-type-number elementor-field-group elementor-column elementor-field-group-asistentes elementor-col-100 elementor-field-required elementor-mark-required\">\n\t\t\t\t\t\t\t\t\t\t\t\t<label for=\"form-field-asistentes\" class=\"elementor-field-label\">\n\t\t\t\t\t\t\t\tCuantos sereis?\t\t\t\t\t\t\t<\/label>\n\t\t\t\t\t\t\t\t\t<input type=\"number\" name=\"form_fields[asistentes]\" id=\"form-field-asistentes\" class=\"elementor-field elementor-size-sm  elementor-field-textual\" placeholder=\"Mensaje\" required=\"required\" min=\"\" max=\"\" >\n\t\t\t\t\t\t<\/div>\n\t\t\t\t\t\t\t\t<div class=\"elementor-field-type-recaptcha_v3 elementor-field-group elementor-column elementor-field-group-field_cc84818 elementor-col-100 recaptcha_v3-bottomright\">\n\t\t\t\t\t<div class=\"elementor-field\" id=\"form-field-field_cc84818\"><div class=\"elementor-g-recaptcha\" data-sitekey=\"6LfAPQQrAAAAABzQEExjOQg2tF6iA_AAaWE3uHKc\" data-type=\"v3\" data-action=\"Form\" data-badge=\"bottomright\" data-size=\"invisible\"><\/div><\/div>\t\t\t\t<\/div>\n\t\t\t\t\t\t\t\t<div class=\"elementor-field-type-hidden elementor-field-group elementor-column elementor-field-group-fecha elementor-col-100\">\n\t\t\t\t\t\t\t\t\t\t\t\t\t<input size=\"1\" type=\"hidden\" name=\"form_fields[fecha]\" id=\"form-field-fecha\" class=\"elementor-field elementor-size-sm  elementor-field-textual\" value=\"11 de abril\">\n\t\t\t\t\t\t\t\t\t\t\t<\/div>\n\t\t\t\t\t\t\t\t<div class=\"elementor-field-group elementor-column elementor-field-type-submit elementor-col-100 e-form__buttons\">\n\t\t\t\t\t<button class=\"elementor-button elementor-size-sm\" type=\"submit\">\n\t\t\t\t\t\t<span class=\"elementor-button-content-wrapper\">\n\t\t\t\t\t\t\t\t\t\t\t\t\t\t\t\t\t\t\t\t\t\t<span class=\"elementor-button-text\">Registrarse<\/span>\n\t\t\t\t\t\t\t\t\t\t\t\t\t<\/span>\n\t\t\t\t\t<\/button>\n\t\t\t\t<\/div>\n\t\t\t<\/div>\n\t\t<\/form>\n\t\t\t\t\t\t<\/div>\n\t\t\t\t\t<\/div>\n\t\t<\/div>\n\t\t\t\t\t<\/div>\n\t\t<\/section>\n\t\t\t\t<\/div>\n\t\t","protected":false},"excerpt":{"rendered":"<p>El 11 de abril celebraremos con amigxs por todo lo alto, tendremos visitas de lxs chicxs de SOMA, ODDITY y GROSS con un par de birras cada uno y sus cervecerxs en cuerpo y alma. por supuesto tambien, lo mas fresco elaborado en sant adria 66. Los amigos tambi\u00e9n estar\u00e1n en las bandejas y en [&hellip;]<\/p>\n","protected":false},"author":4,"featured_media":0,"parent":0,"menu_order":0,"comment_status":"closed","ping_status":"open","template":"","meta":{"_acf_changed":false,"footnotes":""},"class_list":["post-23110","page","type-page","status-publish","hentry"],"acf":[],"_links":{"self":[{"href":"https:\/\/garagebeer.co\/en\/wp-json\/wp\/v2\/pages\/23110","targetHints":{"allow":["GET"]}}],"collection":[{"href":"https:\/\/garagebeer.co\/en\/wp-json\/wp\/v2\/pages"}],"about":[{"href":"https:\/\/garagebeer.co\/en\/wp-json\/wp\/v2\/types\/page"}],"author":[{"embeddable":true,"href":"https:\/\/garagebeer.co\/en\/wp-json\/wp\/v2\/users\/4"}],"replies":[{"embeddable":true,"href":"https:\/\/garagebeer.co\/en\/wp-json\/wp\/v2\/comments?post=23110"}],"version-history":[{"count":311,"href":"https:\/\/garagebeer.co\/en\/wp-json\/wp\/v2\/pages\/23110\/revisions"}],"predecessor-version":[{"id":43196,"href":"https:\/\/garagebeer.co\/en\/wp-json\/wp\/v2\/pages\/23110\/revisions\/43196"}],"wp:attachment":[{"href":"https:\/\/garagebeer.co\/en\/wp-json\/wp\/v2\/media?parent=23110"}],"curies":[{"name":"wp","href":"https:\/\/api.w.org\/{rel}","templated":true}]}}