{"id":32401,"date":"2023-03-17T12:43:19","date_gmt":"2023-03-17T11:43:19","guid":{"rendered":"https:\/\/garagebeer.co\/?page_id=32401"},"modified":"2025-05-08T16:31:10","modified_gmt":"2025-05-08T14:31:10","slug":"soup-day-25","status":"publish","type":"page","link":"https:\/\/garagebeer.co\/en\/soup-day-25\/","title":{"rendered":"SOUP DAY 2025"},"content":{"rendered":"<div data-elementor-type=\"wp-page\" data-elementor-id=\"32401\" class=\"elementor elementor-32401\" data-elementor-post-type=\"page\">\n\t\t\t\t<div class=\"elementor-element elementor-element-ce991cc e-flex e-con-boxed e-con e-parent\" data-id=\"ce991cc\" data-element_type=\"container\" data-e-type=\"container\">\n\t\t\t\t\t<div class=\"e-con-inner\">\n\t\t\t\t<div class=\"elementor-element elementor-element-03dfcbb elementor-widget elementor-widget-heading\" data-id=\"03dfcbb\" data-element_type=\"widget\" data-e-type=\"widget\" data-widget_type=\"heading.default\">\n\t\t\t\t\t<h2 class=\"elementor-heading-title elementor-size-default\">SOUP DAY 2024<\/h2>\t\t\t\t<\/div>\n\t\t\t\t<div class=\"elementor-element elementor-element-b7facf2 elementor-widget elementor-widget-text-editor\" data-id=\"b7facf2\" data-element_type=\"widget\" data-e-type=\"widget\" data-widget_type=\"text-editor.default\">\n\t\t\t\t\t\t\t\t\t<p>El SOUP DAY ya est\u00e1 aqui. Lo celebramos en m\u00e1s de 200 bares y tiendas en todo Europa. Encuentra tu local m\u00e1s cercano en el mapa aqu\u00ed debajo.<\/p><p><span class=\"HwtZe\" lang=\"en\"><span class=\"jCAhz ChMk0b\"><span class=\"ryNqvb\">SOUP DAY is here.<\/span><\/span> <span class=\"jCAhz ChMk0b\"><span class=\"ryNqvb\">We celebrate it in more than 200 bars and shops throughout Europe.<\/span><\/span> <span class=\"jCAhz ChMk0b\"><span class=\"ryNqvb\">Find your nearest location on the map below.<\/span><\/span><\/span><\/p><p>\u00a0<\/p><p>Si vienes a la fiesta en la f\u00e1brica, puedes registrarte<a href=\"http:\/\/garagebeer.co\/en\/product\/entrada-soup-day\/\"> AQU\u00cd<\/a><\/p><p>\u00a0<\/p><div class=\"OvtS8d\">\u00a0<\/div>\t\t\t\t\t\t\t\t<\/div>\n\t\t\t\t<div class=\"elementor-element elementor-element-1d0cd2c elementor-hidden-widescreen elementor-hidden-desktop elementor-hidden-laptop elementor-hidden-tablet_extra elementor-hidden-tablet elementor-widget elementor-widget-image\" data-id=\"1d0cd2c\" data-element_type=\"widget\" data-e-type=\"widget\" data-widget_type=\"image.default\">\n\t\t\t\t\t\t\t\t\t\t\t\t\t\t\t\t<a href=\"https:\/\/www.google.com\/maps\/d\/u\/1\/edit?mid=1dENkL6sjTtdFtCbLu3IwqszB71XS5Ak&#038;usp=sharing\" target=\"_blank\" rel=\"noopener\">\n\t\t\t\t\t\t\t<img fetchpriority=\"high\" decoding=\"async\" width=\"474\" height=\"1024\" src=\"https:\/\/garagebeer.co\/wp-content\/uploads\/2025\/05\/IMG_0613-474x1024.jpg\" class=\"attachment-large size-large wp-image-43596\" alt=\"\" srcset=\"https:\/\/garagebeer.co\/wp-content\/uploads\/2025\/05\/IMG_0613-474x1024.jpg 474w, https:\/\/garagebeer.co\/wp-content\/uploads\/2025\/05\/IMG_0613-139x300.jpg 139w, https:\/\/garagebeer.co\/wp-content\/uploads\/2025\/05\/IMG_0613-711x1536.jpg 711w, https:\/\/garagebeer.co\/wp-content\/uploads\/2025\/05\/IMG_0613-6x12.jpg 6w, https:\/\/garagebeer.co\/wp-content\/uploads\/2025\/05\/IMG_0613-606x1310.jpg 606w, https:\/\/garagebeer.co\/wp-content\/uploads\/2025\/05\/IMG_0613.jpg 724w\" sizes=\"(max-width: 474px) 100vw, 474px\" \/>\t\t\t\t\t\t\t\t<\/a>\n\t\t\t\t\t\t\t\t\t\t\t\t\t\t\t<\/div>\n\t\t\t\t<div class=\"elementor-element elementor-element-2606212 elementor-widget elementor-widget-html\" data-id=\"2606212\" data-element_type=\"widget\" data-e-type=\"widget\" data-widget_type=\"html.default\">\n\t\t\t\t\t<iframe src=\"https:\/\/www.google.com\/maps\/d\/u\/1\/embed?mid=1dENkL6sjTtdFtCbLu3IwqszB71XS5Ak&ehbc=2E312F\" width=\"640\" height=\"480\"><\/iframe>\t\t\t\t<\/div>\n\t\t\t\t<div class=\"elementor-element elementor-element-1516395 elementor-widget elementor-widget-heading\" data-id=\"1516395\" data-element_type=\"widget\" data-e-type=\"widget\" data-widget_type=\"heading.default\">\n\t\t\t\t\t<h2 class=\"elementor-heading-title elementor-size-default\">DOWNLOAD POSTER\/BAJAR POSTER<\/h2>\t\t\t\t<\/div>\n\t\t\t\t<div class=\"elementor-element elementor-element-681d363 elementor-widget elementor-widget-image\" data-id=\"681d363\" data-element_type=\"widget\" data-e-type=\"widget\" data-widget_type=\"image.default\">\n\t\t\t\t\t\t\t\t\t\t\t\t\t\t\t<img decoding=\"async\" width=\"800\" height=\"804\" src=\"https:\/\/garagebeer.co\/wp-content\/uploads\/2025\/05\/Post_SOUP_DAY-1019x1024.jpg\" class=\"attachment-large size-large wp-image-43582\" alt=\"\" srcset=\"https:\/\/garagebeer.co\/wp-content\/uploads\/2025\/05\/Post_SOUP_DAY-1019x1024.jpg 1019w, https:\/\/garagebeer.co\/wp-content\/uploads\/2025\/05\/Post_SOUP_DAY-150x150.jpg 150w, https:\/\/garagebeer.co\/wp-content\/uploads\/2025\/05\/Post_SOUP_DAY-768x772.jpg 768w, https:\/\/garagebeer.co\/wp-content\/uploads\/2025\/05\/Post_SOUP_DAY-12x12.jpg 12w, https:\/\/garagebeer.co\/wp-content\/uploads\/2025\/05\/Post_SOUP_DAY-606x609.jpg 606w, https:\/\/garagebeer.co\/wp-content\/uploads\/2025\/05\/Post_SOUP_DAY-100x100.jpg 100w, https:\/\/garagebeer.co\/wp-content\/uploads\/2025\/05\/Post_SOUP_DAY.jpg 1515w\" sizes=\"(max-width: 800px) 100vw, 800px\" \/>\t\t\t\t\t\t\t\t\t\t\t\t\t\t\t<\/div>\n\t\t\t\t\t<\/div>\n\t\t\t\t<\/div>\n\t\t\t\t<\/div>","protected":false},"excerpt":{"rendered":"<p>SOUP DAY 2024 El SOUP DAY ya est\u00e1 aqui. Lo celebramos en m\u00e1s de 200 bares y tiendas en todo Europa. Encuentra tu local m\u00e1s cercano en el mapa aqu\u00ed debajo. SOUP DAY is here. We celebrate it in more than 200 bars and shops throughout Europe. Find your nearest location on the map below. [&hellip;]<\/p>\n","protected":false},"author":18,"featured_media":0,"parent":0,"menu_order":0,"comment_status":"closed","ping_status":"closed","template":"","meta":{"_acf_changed":false,"footnotes":""},"class_list":["post-32401","page","type-page","status-publish","hentry"],"acf":[],"_links":{"self":[{"href":"https:\/\/garagebeer.co\/en\/wp-json\/wp\/v2\/pages\/32401","targetHints":{"allow":["GET"]}}],"collection":[{"href":"https:\/\/garagebeer.co\/en\/wp-json\/wp\/v2\/pages"}],"about":[{"href":"https:\/\/garagebeer.co\/en\/wp-json\/wp\/v2\/types\/page"}],"author":[{"embeddable":true,"href":"https:\/\/garagebeer.co\/en\/wp-json\/wp\/v2\/users\/18"}],"replies":[{"embeddable":true,"href":"https:\/\/garagebeer.co\/en\/wp-json\/wp\/v2\/comments?post=32401"}],"version-history":[{"count":90,"href":"https:\/\/garagebeer.co\/en\/wp-json\/wp\/v2\/pages\/32401\/revisions"}],"predecessor-version":[{"id":46967,"href":"https:\/\/garagebeer.co\/en\/wp-json\/wp\/v2\/pages\/32401\/revisions\/46967"}],"wp:attachment":[{"href":"https:\/\/garagebeer.co\/en\/wp-json\/wp\/v2\/media?parent=32401"}],"curies":[{"name":"wp","href":"https:\/\/api.w.org\/{rel}","templated":true}]}}