{"id":45238,"date":"2025-10-14T16:20:32","date_gmt":"2025-10-14T14:20:32","guid":{"rendered":"https:\/\/garagebeer.co\/?page_id=45238"},"modified":"2025-11-06T13:53:41","modified_gmt":"2025-11-06T12:53:41","slug":"joinus","status":"publish","type":"page","link":"https:\/\/garagebeer.co\/en\/joinus\/","title":{"rendered":"Join Us"},"content":{"rendered":"\t\t<div data-elementor-type=\"wp-page\" data-elementor-id=\"45238\" class=\"elementor elementor-45238\" data-elementor-post-type=\"page\">\n\t\t\t\t<div class=\"elementor-element elementor-element-63adc76 e-flex e-con-boxed e-con e-parent\" data-id=\"63adc76\" data-element_type=\"container\" data-e-type=\"container\">\n\t\t\t\t\t<div class=\"e-con-inner\">\n\t\t\t\t<div class=\"elementor-element elementor-element-b8d0978 elementor-widget elementor-widget-html\" data-id=\"b8d0978\" data-element_type=\"widget\" data-e-type=\"widget\" data-widget_type=\"html.default\">\n\t\t\t\t\t<script>\n\n\/* Redirect to an external (or internal) URL *\/\n\nwindow.location.href = 'https:\/\/www.crowdcube.eu\/companies\/lRrOGl\/pitches\/qBprYZ';\n\n<\/script>\t\t\t\t<\/div>\n\t\t\t\t<div class=\"elementor-element elementor-element-a2cc3ac elementor-widget elementor-widget-image\" data-id=\"a2cc3ac\" data-element_type=\"widget\" data-e-type=\"widget\" data-no-translation=\"\" data-widget_type=\"image.default\">\n\t\t\t\t\t\t\t\t\t\t\t\t\t\t\t<img fetchpriority=\"high\" decoding=\"async\" width=\"800\" height=\"449\" src=\"https:\/\/garagebeer.co\/wp-content\/uploads\/2025\/10\/buzzing-1024x575.jpg\" class=\"attachment-large size-large wp-image-45224\" alt=\"\" srcset=\"https:\/\/garagebeer.co\/wp-content\/uploads\/2025\/10\/buzzing-1024x575.jpg 1024w, https:\/\/garagebeer.co\/wp-content\/uploads\/2025\/10\/buzzing-300x169.jpg 300w, https:\/\/garagebeer.co\/wp-content\/uploads\/2025\/10\/buzzing-768x431.jpg 768w, https:\/\/garagebeer.co\/wp-content\/uploads\/2025\/10\/buzzing-18x10.jpg 18w, https:\/\/garagebeer.co\/wp-content\/uploads\/2025\/10\/buzzing-606x340.jpg 606w, https:\/\/garagebeer.co\/wp-content\/uploads\/2025\/10\/buzzing.jpg 1472w\" sizes=\"(max-width: 800px) 100vw, 800px\" \/>\t\t\t\t\t\t\t\t\t\t\t\t\t\t\t<\/div>\n\t\t\t\t<div class=\"elementor-element elementor-element-b226501 elementor-widget elementor-widget-image\" data-id=\"b226501\" data-element_type=\"widget\" data-e-type=\"widget\" data-no-translation=\"\" data-widget_type=\"image.default\">\n\t\t\t\t\t<style>.elementor-element-b226501{display:none !important}<\/style>\t\t\t\t<\/div>\n\t\t\t\t<div class=\"elementor-element elementor-element-4b89e38 elementor-widget elementor-widget-image\" data-id=\"4b89e38\" data-element_type=\"widget\" data-e-type=\"widget\" data-no-translation=\"\" data-widget_type=\"image.default\">\n\t\t\t\t\t<style>.elementor-element-4b89e38{display:none !important}<\/style>\t\t\t\t<\/div>\n\t\t\t\t<div class=\"elementor-element elementor-element-003ee3b elementor-widget__width-initial elementor-widget elementor-widget-text-editor\" data-id=\"003ee3b\" data-element_type=\"widget\" data-e-type=\"widget\" data-no-translation=\"\" data-widget_type=\"text-editor.default\">\n\t\t\t\t\t<style>.elementor-element-003ee3b{display:none !important}<\/style>\t\t\t\t<\/div>\n\t\t\t\t<div class=\"elementor-element elementor-element-1fe7f56 elementor-widget__width-initial elementor-widget elementor-widget-text-editor\" data-id=\"1fe7f56\" data-element_type=\"widget\" data-e-type=\"widget\" data-no-translation=\"\" data-widget_type=\"text-editor.default\">\n\t\t\t\t\t<style>.elementor-element-1fe7f56{display:none !important}<\/style>\t\t\t\t<\/div>\n\t\t\t\t<div class=\"elementor-element elementor-element-804f56f elementor-widget__width-initial elementor-widget elementor-widget-text-editor\" data-id=\"804f56f\" data-element_type=\"widget\" data-e-type=\"widget\" data-no-translation=\"\" data-widget_type=\"text-editor.default\">\n\t\t\t\t\t\t\t\t\t<div class=\"c-message_kit__gutter c-message_kit__gutter--compact\"><div class=\"c-message_kit__gutter__right\" role=\"presentation\" data-qa=\"message_content\"><div class=\"c-message_kit__indent\"><div class=\"c-message_kit__blocks c-message_kit__blocks--rich_text c-message_kit__blocks--inline\"><div class=\"c-message__message_blocks c-message__message_blocks--rich_text c-message__message_blocks--inline\" data-qa=\"message-text\"><div class=\"p-block_kit_renderer p-block_kit_renderer--inline\" data-qa=\"block-kit-renderer\"><div class=\"p-block_kit_renderer__block_wrapper p-block_kit_renderer__block_wrapper--first\"><div class=\"p-rich_text_block p-rich_text_block--inline\" dir=\"auto\"><div class=\"p-rich_text_section\" style=\"text-align: center;\">Join us and be part of Garage\u2019s path to opening new bars, upgrading our brewery, opening new markets\u00a0 and reducing our carbon footprint. We\u2019re looking for new garagers, be one of them.<\/div><\/div><\/div><\/div><\/div><\/div><\/div><\/div><\/div>\t\t\t\t\t\t\t\t<\/div>\n\t\t\t\t<div class=\"elementor-element elementor-element-2eb4103 elementor-button-align-start elementor-widget__width-initial elementor-widget-tablet__width-inherit elementor-widget elementor-widget-form\" data-id=\"2eb4103\" data-element_type=\"widget\" data-e-type=\"widget\" data-settings=\"{&quot;step_next_label&quot;:&quot;Siguiente&quot;,&quot;step_previous_label&quot;:&quot;Anterior&quot;,&quot;button_width&quot;:&quot;100&quot;,&quot;step_type&quot;:&quot;number_text&quot;,&quot;step_icon_shape&quot;:&quot;circle&quot;}\" data-widget_type=\"form.default\">\n\t\t\t\t\t\t\t<form class=\"elementor-form\" method=\"post\" name=\"GARAGERS 2025\" aria-label=\"GARAGERS 2025\">\n\t\t\t<input type=\"hidden\" name=\"post_id\" value=\"45238\"\/>\n\t\t\t<input type=\"hidden\" name=\"form_id\" value=\"2eb4103\"\/>\n\t\t\t<input type=\"hidden\" name=\"referer_title\" value=\"Join Us - Garage Beer Co\" \/>\n\n\t\t\t\t\t\t\t<input type=\"hidden\" name=\"queried_id\" value=\"45238\"\/>\n\t\t\t\n\t\t\t<div class=\"elementor-form-fields-wrapper elementor-labels-above\">\n\t\t\t\t\t\t\t\t<div class=\"elementor-field-type-text elementor-field-group elementor-column elementor-field-group-name elementor-col-50 elementor-md-100\">\n\t\t\t\t\t\t\t\t\t\t\t\t<label for=\"form-field-name\" class=\"elementor-field-label\">\n\t\t\t\t\t\t\t\tNombre\t\t\t\t\t\t\t<\/label>\n\t\t\t\t\t\t\t\t\t\t\t\t\t\t<input size=\"1\" type=\"text\" name=\"form_fields[name]\" id=\"form-field-name\" class=\"elementor-field elementor-size-sm  elementor-field-textual\" placeholder=\"Escribe tu nombre\">\n\t\t\t\t\t\t\t\t\t\t\t<\/div>\n\t\t\t\t\t\t\t\t<div class=\"elementor-field-type-text elementor-field-group elementor-column elementor-field-group-field_c9635c8 elementor-col-50 elementor-md-100\">\n\t\t\t\t\t\t\t\t\t\t\t\t<label for=\"form-field-field_c9635c8\" class=\"elementor-field-label\">\n\t\t\t\t\t\t\t\tApellido\t\t\t\t\t\t\t<\/label>\n\t\t\t\t\t\t\t\t\t\t\t\t\t\t<input size=\"1\" type=\"text\" name=\"form_fields[field_c9635c8]\" id=\"form-field-field_c9635c8\" class=\"elementor-field elementor-size-sm  elementor-field-textual\" placeholder=\"Escribe tu apellido\">\n\t\t\t\t\t\t\t\t\t\t\t<\/div>\n\t\t\t\t\t\t\t\t<div class=\"elementor-field-type-email elementor-field-group elementor-column elementor-field-group-email elementor-col-100 elementor-field-required\">\n\t\t\t\t\t\t\t\t\t\t\t\t<label for=\"form-field-email\" class=\"elementor-field-label\">\n\t\t\t\t\t\t\t\tCorreo electronico\t\t\t\t\t\t\t<\/label>\n\t\t\t\t\t\t\t\t\t\t\t\t\t\t<input size=\"1\" type=\"email\" name=\"form_fields[email]\" id=\"form-field-email\" class=\"elementor-field elementor-size-sm  elementor-field-textual\" required=\"required\">\n\t\t\t\t\t\t\t\t\t\t\t<\/div>\n\t\t\t\t\t\t\t\t<div class=\"elementor-field-type-tel elementor-field-group elementor-column elementor-field-group-field_9374671 elementor-col-100\">\n\t\t\t\t\t\t\t\t\t\t\t\t<label for=\"form-field-field_9374671\" class=\"elementor-field-label\">\n\t\t\t\t\t\t\t\ttel\u00e9fono\t\t\t\t\t\t\t<\/label>\n\t\t\t\t\t\t\t\t<input size=\"1\" type=\"tel\" name=\"form_fields[field_9374671]\" id=\"form-field-field_9374671\" class=\"elementor-field elementor-size-sm  elementor-field-textual\" pattern=\"[0-9()#&amp;+*-=.]+\" title=\"Only numbers and phone characters (#, -, *, etc) are accepted.\">\n\n\t\t\t\t\t\t<\/div>\n\t\t\t\t\t\t\t\t<div class=\"elementor-field-type-select elementor-field-group elementor-column elementor-field-group-field_40ca795 elementor-col-100 elementor-field-required\">\n\t\t\t\t\t\t\t\t\t\t\t\t<label for=\"form-field-field_40ca795\" class=\"elementor-field-label\">\n\t\t\t\t\t\t\t\tCuanto te gustar\u00eda aportar?\t\t\t\t\t\t\t<\/label>\n\t\t\t\t\t\t\t\t<div class=\"elementor-field elementor-select-wrapper remove-before \">\n\t\t\t<div class=\"select-caret-down-wrapper\">\n\t\t\t\t<svg aria-hidden=\"true\" class=\"e-font-icon-svg e-eicon-caret-down\" viewBox=\"0 0 571.4 571.4\" xmlns=\"http:\/\/www.w3.org\/2000\/svg\"><path d=\"M571 393Q571 407 561 418L311 668Q300 679 286 679T261 668L11 418Q0 407 0 393T11 368 36 357H536Q550 357 561 368T571 393Z\"><\/path><\/svg>\t\t\t<\/div>\n\t\t\t<select name=\"form_fields[field_40ca795]\" id=\"form-field-field_40ca795\" class=\"elementor-field-textual elementor-size-sm\" required=\"required\">\n\t\t\t\t\t\t\t\t\t<option value=\"1-1000\u20ac\">1-1000\u20ac<\/option>\n\t\t\t\t\t\t\t\t\t<option value=\"1000-5000\u20ac\">1000-5000\u20ac<\/option>\n\t\t\t\t\t\t\t\t\t<option value=\"5000-25000\u20ac\">5000-25000\u20ac<\/option>\n\t\t\t\t\t\t\t\t\t<option value=\"+25000\u20ac\">+25000\u20ac<\/option>\n\t\t\t\t\t\t\t<\/select>\n\t\t<\/div>\n\t\t\t\t\t\t<\/div>\n\t\t\t\t\t\t\t\t<div class=\"elementor-field-type-acceptance elementor-field-group elementor-column elementor-field-group-field_9f24063 elementor-col-100 elementor-field-required\">\n\t\t\t\t\t\t\t<div class=\"elementor-field-subgroup\">\n\t\t\t<span class=\"elementor-field-option\">\n\t\t\t\t<input type=\"checkbox\" name=\"form_fields[field_9f24063]\" id=\"form-field-field_9f24063\" class=\"elementor-field elementor-size-sm  elementor-acceptance-field\" required=\"required\">\n\t\t\t\t<label for=\"form-field-field_9f24063\">He le\u00eddo y acepto la pol\u00edtica de privacidad<\/label>\t\t\t<\/span>\n\t\t<\/div>\n\t\t\t\t\t\t<\/div>\n\t\t\t\t\t\t\t\t<div class=\"elementor-field-group elementor-column elementor-field-type-submit elementor-col-100 e-form__buttons\">\n\t\t\t\t\t<button class=\"elementor-button elementor-size-sm\" type=\"submit\">\n\t\t\t\t\t\t<span class=\"elementor-button-content-wrapper\">\n\t\t\t\t\t\t\t\t\t\t\t\t\t\t\t\t\t\t\t\t\t\t<span class=\"elementor-button-text\">Enviar<\/span>\n\t\t\t\t\t\t\t\t\t\t\t\t\t<\/span>\n\t\t\t\t\t<\/button>\n\t\t\t\t<\/div>\n\t\t\t<\/div>\n\t\t<\/form>\n\t\t\t\t\t\t<\/div>\n\t\t\t\t\t<\/div>\n\t\t\t\t<\/div>\n\t\t\t\t<\/div>\n\t\t","protected":false},"excerpt":{"rendered":"<p>\u00danete a nosotros y\u00a0s\u00e9 parte del camino de Garage\u00a0hacia la apertura de nuevos bares, la mejora de la f\u00e1brica, la expansi\u00f3n a nuevos mercados y la reducci\u00f3n de nuestra huella de carbono.\u00a0 Estamos buscando nuevos Garagers\u2026\u00a0\u00a1t\u00fa puedes ser uno de ellos!\u00a0\u00a0Uneix-te a nosaltres i\u00a0forma part del cam\u00ed de Garage\u00a0cap a l\u2019obertura de nous bars, la [&hellip;]<\/p>\n","protected":false},"author":18,"featured_media":0,"parent":0,"menu_order":0,"comment_status":"closed","ping_status":"closed","template":"","meta":{"_acf_changed":false,"footnotes":""},"class_list":["post-45238","page","type-page","status-publish","hentry"],"acf":[],"_links":{"self":[{"href":"https:\/\/garagebeer.co\/en\/wp-json\/wp\/v2\/pages\/45238","targetHints":{"allow":["GET"]}}],"collection":[{"href":"https:\/\/garagebeer.co\/en\/wp-json\/wp\/v2\/pages"}],"about":[{"href":"https:\/\/garagebeer.co\/en\/wp-json\/wp\/v2\/types\/page"}],"author":[{"embeddable":true,"href":"https:\/\/garagebeer.co\/en\/wp-json\/wp\/v2\/users\/18"}],"replies":[{"embeddable":true,"href":"https:\/\/garagebeer.co\/en\/wp-json\/wp\/v2\/comments?post=45238"}],"version-history":[{"count":34,"href":"https:\/\/garagebeer.co\/en\/wp-json\/wp\/v2\/pages\/45238\/revisions"}],"predecessor-version":[{"id":45472,"href":"https:\/\/garagebeer.co\/en\/wp-json\/wp\/v2\/pages\/45238\/revisions\/45472"}],"wp:attachment":[{"href":"https:\/\/garagebeer.co\/en\/wp-json\/wp\/v2\/media?parent=45238"}],"curies":[{"name":"wp","href":"https:\/\/api.w.org\/{rel}","templated":true}]}}