{"id":598,"date":"2019-10-14T18:47:41","date_gmt":"2019-10-14T16:47:41","guid":{"rendered":"https:\/\/www.garagebeer.co\/?page_id=598"},"modified":"2021-11-28T11:39:51","modified_gmt":"2021-11-28T10:39:51","slug":"merchandising","status":"publish","type":"page","link":"https:\/\/garagebeer.co\/en\/merchandising\/","title":{"rendered":"Merch"},"content":{"rendered":"<div data-elementor-type=\"wp-post\" data-elementor-id=\"598\" class=\"elementor elementor-598\" data-elementor-post-type=\"page\">\n\t\t\t\t\t\t<section class=\"elementor-section elementor-top-section elementor-element elementor-element-7d3ee01 elementor-section-boxed elementor-section-height-default elementor-section-height-default\" data-id=\"7d3ee01\" data-element_type=\"section\" data-e-type=\"section\">\n\t\t\t\t\t\t<div class=\"elementor-container elementor-column-gap-default\">\n\t\t\t\t\t<div class=\"elementor-column elementor-col-100 elementor-top-column elementor-element elementor-element-1f08717\" data-id=\"1f08717\" data-element_type=\"column\" data-e-type=\"column\">\n\t\t\t<div class=\"elementor-widget-wrap elementor-element-populated\">\n\t\t\t\t\t\t<div class=\"elementor-element elementor-element-e850a29 elementor-widget elementor-widget-heading\" data-id=\"e850a29\" data-element_type=\"widget\" data-e-type=\"widget\" data-widget_type=\"heading.default\">\n\t\t\t\t\t<h2 class=\"elementor-heading-title elementor-size-default\">Merch<\/h2>\t\t\t\t<\/div>\n\t\t\t\t\t<\/div>\n\t\t<\/div>\n\t\t\t\t\t<\/div>\n\t\t<\/section>\n\t\t\t\t<section class=\"elementor-section elementor-top-section elementor-element elementor-element-9da6274 elementor-section-full_width elementor-section-height-default elementor-section-height-default\" data-id=\"9da6274\" data-element_type=\"section\" data-e-type=\"section\">\n\t\t\t\t\t\t<div class=\"elementor-container elementor-column-gap-default\">\n\t\t\t\t\t<div class=\"elementor-column elementor-col-100 elementor-top-column elementor-element elementor-element-e216c0f\" data-id=\"e216c0f\" data-element_type=\"column\" data-e-type=\"column\">\n\t\t\t<div class=\"elementor-widget-wrap\">\n\t\t\t\t\t\t\t<\/div>\n\t\t<\/div>\n\t\t\t\t\t<\/div>\n\t\t<\/section>\n\t\t\t\t<\/div>","protected":false},"excerpt":{"rendered":"<p>Merch Merchandising Seleccionar opciones 0,00&euro; CAMISETA DEL CLUB A\u00f1adir al carrito 18,00&euro; IVA Incluido PORR\u00d3N A\u00f1adir al carrito 5,00&euro; IVA Incluido VASO PINTA A\u00f1adir al carrito 3,00&euro; IVA Incluido VASO MEDIA PINTA AGOTADO Leer m\u00e1s 19,90&euro; IVA Incluido PACK COLORES A\u00f1adir al carrito 39,00&euro; IVA Incluido GARAGE WALL ART A\u00f1adir al carrito 28,00&euro; IVA Incluido [&hellip;]<\/p>\n","protected":false},"author":2,"featured_media":0,"parent":0,"menu_order":0,"comment_status":"closed","ping_status":"open","template":"","meta":{"_acf_changed":false,"footnotes":""},"class_list":["post-598","page","type-page","status-publish","hentry"],"acf":[],"_links":{"self":[{"href":"https:\/\/garagebeer.co\/en\/wp-json\/wp\/v2\/pages\/598","targetHints":{"allow":["GET"]}}],"collection":[{"href":"https:\/\/garagebeer.co\/en\/wp-json\/wp\/v2\/pages"}],"about":[{"href":"https:\/\/garagebeer.co\/en\/wp-json\/wp\/v2\/types\/page"}],"author":[{"embeddable":true,"href":"https:\/\/garagebeer.co\/en\/wp-json\/wp\/v2\/users\/2"}],"replies":[{"embeddable":true,"href":"https:\/\/garagebeer.co\/en\/wp-json\/wp\/v2\/comments?post=598"}],"version-history":[{"count":11,"href":"https:\/\/garagebeer.co\/en\/wp-json\/wp\/v2\/pages\/598\/revisions"}],"predecessor-version":[{"id":23348,"href":"https:\/\/garagebeer.co\/en\/wp-json\/wp\/v2\/pages\/598\/revisions\/23348"}],"wp:attachment":[{"href":"https:\/\/garagebeer.co\/en\/wp-json\/wp\/v2\/media?parent=598"}],"curies":[{"name":"wp","href":"https:\/\/api.w.org\/{rel}","templated":true}]}}