{"id":14201,"date":"2020-10-08T12:48:53","date_gmt":"2020-10-08T10:48:53","guid":{"rendered":"https:\/\/www.garagebeer.co\/?post_type=product&#038;p=14201"},"modified":"2025-07-07T15:03:17","modified_gmt":"2025-07-07T13:03:17","slug":"club-session","status":"publish","type":"product","link":"https:\/\/garagebeer.co\/en\/product\/club-session\/","title":{"rendered":"Membres\u00eda SESSION Garage Beer Club"},"content":{"rendered":"<p>Recibe cada mes en tu casa 8 latas de nuestros nuevos lanzamientos!<\/p>\n<p>Siendo parte del Garage Beer Club, tendr\u00e1s acceso a un mont\u00f3n de beneficios:<\/p>\n<ul>\n<li>8 latas de nuestros lanzamientos cada mes (cuatro birras diferentes)<\/li>\n<li>Env\u00edo Gratuito<\/li>\n<li>15% de descuento en tienda online (\u00a1Incluyendo cervezas!)<\/li>\n<li>Camiseta oficial del Garage Beer Club con tu segundo env\u00edo<\/li>\n<li>Posavasos y stickers de regalo<\/li>\n<\/ul>","protected":false},"excerpt":{"rendered":"<p>Recibe cada mes en tu casa 8 latas de nuestros nuevos lanzamientos! Siendo parte del Garage Beer Club, tendr\u00e1s acceso a un mont\u00f3n de beneficios: 8 latas de nuestros lanzamientos cada mes (cuatro birras diferentes) Env\u00edo Gratuito 15% de descuento en tienda online (\u00a1Incluyendo cervezas!) Camiseta oficial del Garage Beer Club con tu segundo env\u00edo [&hellip;]<\/p>\n","protected":false},"featured_media":14552,"template":"","meta":{"_acf_changed":false},"product_brand":[],"product_cat":[73],"product_tag":[253,82,820,83,223,84],"class_list":{"0":"post-14201","1":"product","2":"type-product","3":"status-publish","4":"has-post-thumbnail","6":"product_cat-garagebeer-club","7":"product_tag-8-latas","8":"product_tag-club","9":"product_tag-membresia-session-garage-beer-club","10":"product_tag-releases","11":"product_tag-session","12":"product_tag-subscripcion","13":"member-discount","14":"discount-restricted","16":"first","17":"instock","18":"taxable","19":"shipping-taxable","20":"purchasable","21":"product-type-subscription"},"bundled_by":[],"bundle_stock_status":"instock","bundle_stock_quantity":null,"bundle_virtual":false,"bundle_layout":"","bundle_add_to_cart_form_location":"","bundle_editable_in_cart":false,"bundle_sold_individually_context":"","bundle_item_grouping":"","bundle_min_size":"","bundle_max_size":"","bundle_price":[],"bundled_items":[],"bundle_sell_ids":[],"acf":[],"_links":{"self":[{"href":"https:\/\/garagebeer.co\/en\/wp-json\/wp\/v2\/product\/14201","targetHints":{"allow":["GET"]}}],"collection":[{"href":"https:\/\/garagebeer.co\/en\/wp-json\/wp\/v2\/product"}],"about":[{"href":"https:\/\/garagebeer.co\/en\/wp-json\/wp\/v2\/types\/product"}],"wp:featuredmedia":[{"embeddable":true,"href":"https:\/\/garagebeer.co\/en\/wp-json\/wp\/v2\/media\/14552"}],"wp:attachment":[{"href":"https:\/\/garagebeer.co\/en\/wp-json\/wp\/v2\/media?parent=14201"}],"wp:term":[{"taxonomy":"product_brand","embeddable":true,"href":"https:\/\/garagebeer.co\/en\/wp-json\/wp\/v2\/product_brand?post=14201"},{"taxonomy":"product_cat","embeddable":true,"href":"https:\/\/garagebeer.co\/en\/wp-json\/wp\/v2\/product_cat?post=14201"},{"taxonomy":"product_tag","embeddable":true,"href":"https:\/\/garagebeer.co\/en\/wp-json\/wp\/v2\/product_tag?post=14201"}],"curies":[{"name":"wp","href":"https:\/\/api.w.org\/{rel}","templated":true}]}}