{"id":17696,"date":"2024-04-01T10:00:17","date_gmt":"2024-04-01T08:00:17","guid":{"rendered":"https:\/\/www.garagebeer.co\/?post_type=product&#038;p=17696"},"modified":"2025-12-03T11:22:00","modified_gmt":"2025-12-03T10:22:00","slug":"triangles","status":"publish","type":"product","link":"https:\/\/garagebeer.co\/en\/product\/triangles\/","title":{"rendered":"TRIANGLES"},"content":{"rendered":"<p>Triangles est\u00e1 de regreso! Nuestra cl\u00e1sica hazy session IPA rankea alto dentro de las favoritas de la casa y marca todos los puntos que buscamos en las session IPAs que bebemos cuando queremos una birra bien potente de sabor manteniendo una baja graduaci\u00f3n. Utilizando uno de nuestros combos de l\u00fapulos favorito, Mosaic y BRU-1 en partes iguales tanto en la parte caliente como fr\u00eda. esto logra montones de aromas a pi\u00f1a madura y mango apenas abierta. Seguido por las notas m\u00e1s resinosas y herbales de Mosaic para darle otra dimensi\u00f3n a la experiencia de l\u00fapulo. Esto, acompa\u00f1ado de un cuerpo suave pero no demasiado dulce gracias a una sustanciosa adici\u00f3n de trigo y avena y un poco de maltodextrina para darle ese toque \u00abmasticable\u00bb. Golden promise es el hilo conductor en este coro de maltas dandole el perfil de malta ligero que asegura el balance. Triangles es una birra para todo momento, ideal para petar la nevera!<\/p>\n<p>&nbsp;<\/p>\n<p>Back once again! Triangles, the classic Garage hazy, session IPA is a massive favourite within the brewery as it ticks all of the boxes for a session IPA that we want to drink when we want to keep alcohol consumption in check but want a full flavoured brew. Utilising one of our prefered hop combos, Mosaic and BRU-1 in equal splits on the hot and cold side this pushes lots of ripe Pineapple and Mango right out of the gate. Followed up by slightly more resinous, dank notes from Mosaic to add another dimension to the hop experience. This plays out over a really smooth but not overly sweet body contributed from substantial oat and wheat additions and some dextrin malt for a little more chew. Golden Promise acts as a the perfect conductor in the malt choir here giving the perfect light malt character to ensure the balance is kept in check. A beer for all occasions. Stock the fridges with this guy!<\/p>","protected":false},"excerpt":{"rendered":"<p>Triangles es una session IPA de 4,8% elaborada con l\u00fapulos mosaic y BRU-1<\/p>","protected":false},"featured_media":27509,"template":"","meta":{"_acf_changed":false},"product_brand":[],"product_cat":[131,227,238],"product_tag":[44,35,48,49,210],"class_list":{"0":"post-17696","1":"product","2":"type-product","3":"status-publish","4":"has-post-thumbnail","6":"product_cat-sessions","7":"product_cat-hoppy","8":"product_cat-latas","9":"product_tag-bru-1","10":"product_tag-ipa","11":"product_tag-mosaic","12":"product_tag-session-ipa","13":"product_tag-triangles","14":"member-discount","15":"discount-restricted","17":"first","18":"outofstock","19":"taxable","20":"shipping-taxable","21":"purchasable","22":"product-type-simple"},"bundled_by":["17704"],"bundle_stock_status":"outofstock","bundle_stock_quantity":0,"bundle_virtual":false,"bundle_layout":"","bundle_add_to_cart_form_location":"","bundle_editable_in_cart":false,"bundle_sold_individually_context":"","bundle_item_grouping":"","bundle_min_size":"","bundle_max_size":"","bundle_price":[],"bundled_items":[],"bundle_sell_ids":[],"acf":[],"_links":{"self":[{"href":"https:\/\/garagebeer.co\/en\/wp-json\/wp\/v2\/product\/17696","targetHints":{"allow":["GET"]}}],"collection":[{"href":"https:\/\/garagebeer.co\/en\/wp-json\/wp\/v2\/product"}],"about":[{"href":"https:\/\/garagebeer.co\/en\/wp-json\/wp\/v2\/types\/product"}],"wp:featuredmedia":[{"embeddable":true,"href":"https:\/\/garagebeer.co\/en\/wp-json\/wp\/v2\/media\/27509"}],"wp:attachment":[{"href":"https:\/\/garagebeer.co\/en\/wp-json\/wp\/v2\/media?parent=17696"}],"wp:term":[{"taxonomy":"product_brand","embeddable":true,"href":"https:\/\/garagebeer.co\/en\/wp-json\/wp\/v2\/product_brand?post=17696"},{"taxonomy":"product_cat","embeddable":true,"href":"https:\/\/garagebeer.co\/en\/wp-json\/wp\/v2\/product_cat?post=17696"},{"taxonomy":"product_tag","embeddable":true,"href":"https:\/\/garagebeer.co\/en\/wp-json\/wp\/v2\/product_tag?post=17696"}],"curies":[{"name":"wp","href":"https:\/\/api.w.org\/{rel}","templated":true}]}}