{"id":18306,"date":"2021-03-25T09:42:29","date_gmt":"2021-03-25T08:42:29","guid":{"rendered":"https:\/\/www.garagebeer.co\/?post_type=product&#038;p=18306"},"modified":"2026-04-09T16:52:16","modified_gmt":"2026-04-09T14:52:16","slug":"riba-pils","status":"publish","type":"product","link":"https:\/\/garagebeer.co\/en\/product\/riba-pils\/","title":{"rendered":"RIBA PILS"},"content":{"rendered":"<p>Hemos hechos varios cambios en como elaboramos lagers en los \u00faltimos a\u00f1os, jugando con lotes peque\u00f1os de Pils experimentales (Vienen m\u00e1s!) y estamos orgullosos de traeros RIBA. una verdadera Pilsner estilo aleman. Elaborar una buena Pils significa estar en cada detalle, por m\u00e1s peque\u00f1o que sea, y ser meticulosos en el proceso. En ese sentido comenzamos con agua 100% de osmosis inversa para lograr el perfil de agua ideal para elaborar este estilo. Agregar solo los minerales justos y necesarios nos permite lograr ese paladar suave y n\u00edtido que una birra de este estilo debe tener.<\/p>\n<p>Luego usamos 100% malta Pilsner de Bamberg para darle suaves notas a pan. La selecci\u00f3n de l\u00fapulos es una trifecta de los l\u00fapulos alemanes estelares. Dos de los c\u00e1sicos Hallertau Mittelfruh y Tettnang que le brindan notas herbales, florales y con un toque suave a ralladura de lim\u00f3n que se complementan perfectamente con un l\u00fapulo aleman m\u00e1s moderno : Saphir, un l\u00fapulo deslumbrante que combina algunas de las cl\u00e1sicas y nobles caracter\u00edsticas con notas punzantes a mandarina. A pesar de no tener dry-hop, petamos el whirlpool de estos l\u00fapulos para mantener el caracter lupular en RIBA. En fermentaci\u00f3n usamos nuestra levadura Bavarian de la casa. La fermentamos de la forma mas baja con una lenta y larga fermentaci\u00f3n que logra una pils extremadamente clara y n\u00edtida una vez que el proceso de lagering se completa. Llegando al final de la fermentaci\u00f3n la se\u00a0 \u00abtapona\u00bb para conseguir una carbonataci\u00f3n elegante. El taponado es un proceso de sellado del tanque al final de la fermentaci\u00f3n para atrapar el co2 producido por la fermentaci\u00f3n restante resultando en una cerveza con una carbonataci\u00f3n natural con burbujas suaves y finas. Perseguimos atrapar en la forma mas suave (apenas perceptible) el caracter sulf\u00farico de la cerveza para conseguir un perfil aut\u00e9ntico que complementa el aroma lupulado. Luego de que el largo fermentado bajo cero secompleta, la levadura, proteinas y polifenoles caen. El resultado es una pilsner sin filtrar ni refinar que conseguira una turbidez suave en los primeros dias con interesantes notas a piel de lim\u00f3n y mandarina con un gran caracter herbal cl\u00e1sico. En el paladar, siendo fiel al estilo, un amargor firme pero fino hace \u00e9nfasis en el combo de l\u00fapulos dando paso a notas gentiles a pan, galletas y un toque de miel terminando con un final seco y lupulado para redondear la experiencia.<\/p>\n<p>The beer is cast away to fermentation where it meets our house bavarian lager yeast. We ferment this as low as possible for a long slow fermentation that yields an extremely clean and crisp pils once the extended lagering process is complete. Towards the end of fermentation the beer gets spunded to achieve an elegant carbonation. Spunding is the process of closing off a fermentation tank towards the end of fermentation to trap in the CO2 produced by the remaining fermentation resulting in a beer that is naturally carbonated with fine, soft bubbles. We strive to lock in the slightest hint (barely perceptible) of sulphur character in the beer to really achieve an authentic profile that compliments the hop nose. After an extended sub zero lagering is complete which allows yeast, proteins and polyphenols to drop out the beer is packaged. The result is an unfiltered, unfined Pilsner that will pour slightly hazy when young with appealing notes of lemon and tangerine zest with plenty of classic herbal character. On the palate and true to style, a firm but fine bitterness is felt which emphasises the hop combo before gentle notes of cracker, bread and slight honey appear before a dry and hoppy finish round out the experience.<\/p>\n<p>We have made a huge amount of changes in how we brew lagers down through the years and have played around with various experimental batches of Pils (more of them to come) and we are proud to bring you RIBA. A true northern German Style Pilsner. Brewing great Pils is about paying attention to all of the small details and being meticulous in process. To that extent we start with 100% reverse osmosis water to allow a water profile perfect for brewing this style. Adding in only the necessary minerals allows us to achieve the crisp and soft palate that a beer like this should have. Then we use 100% Pilsner malt from Bamberg to give gentle bready notes. Hop selection sees a trifecta of absolutely stellar German hops. Two classic noble hops; Hallertau Mittelfruh and Tettnang provide beautiful herbal, floral and slight lemon zest notes which are perfectly complimented by a more modern German variety; Saphir. A delightful hop that marries some classic noble like characteristics with zingy tangerine notes. While not dry hopped, we pack the whirlpool full of these hops so this beer is not short on hop character. The beer is cast away to fermentation where it meets our house bavarian lager yeast. We ferment this as low as possible for a long slow fermentation that yields an extremely clean and crisp pils once the extended lagering process is complete. Towards the end of fermentation the beer gets spunded to achieve an elegant carbonation. Spunding is the process of closing off a fermentation tank towards the end of fermentation to trap in the CO2 produced by the remaining fermentation resulting in a beer that is naturally carbonated with fine, soft bubbles. We strive to lock in the slightest hint (barely perceptible) of sulphur character in the beer to really achieve an authentic profile that compliments the hop nose. After an extended sub zero lagering is complete which allows yeast, proteins and polyphenols to drop out the beer is packaged. The result is an unfiltered, unfined Pilsner that will pour slightly hazy when young with appealing notes of lemon and tangerine zest with plenty of classic herbal character. On the palate and true to style, a firm but fine bitterness is felt which emphasises the hop combo before gentle notes of cracker, bread and slight honey appear before a dry and hoppy finish round out the experience.<\/p>","protected":false},"excerpt":{"rendered":"<p>RIBA PILS es una clasica pilsner alemana con l\u00fapulos Hallertau Mittelfruh, Tettnang y saphir<\/p>","protected":false},"featured_media":44998,"template":"","meta":{"_acf_changed":false},"product_brand":[],"product_cat":[845,134,266,238],"product_tag":[294,122,271,293,273,295],"class_list":{"0":"post-18306","1":"product","2":"type-product","3":"status-publish","4":"has-post-thumbnail","6":"product_cat-core","7":"product_cat-lagers","8":"product_cat-lagers-latas","9":"product_cat-latas","10":"product_tag-hallertau-mittelfruh","11":"product_tag-pils","12":"product_tag-pilsner","13":"product_tag-riba","14":"product_tag-saphir","15":"product_tag-tettnang","16":"member-discount","17":"discount-restricted","19":"first","20":"instock","21":"featured","22":"taxable","23":"shipping-taxable","24":"purchasable","25":"product-type-simple"},"bundled_by":["18329","18647","19807","21217","21649","16058","14309","18645","16145"],"bundle_stock_status":"instock","bundle_stock_quantity":902,"bundle_virtual":false,"bundle_layout":"","bundle_add_to_cart_form_location":"","bundle_editable_in_cart":false,"bundle_sold_individually_context":"","bundle_item_grouping":"","bundle_min_size":"","bundle_max_size":"","bundle_price":[],"bundled_items":[],"bundle_sell_ids":[],"acf":[],"_links":{"self":[{"href":"https:\/\/garagebeer.co\/en\/wp-json\/wp\/v2\/product\/18306","targetHints":{"allow":["GET"]}}],"collection":[{"href":"https:\/\/garagebeer.co\/en\/wp-json\/wp\/v2\/product"}],"about":[{"href":"https:\/\/garagebeer.co\/en\/wp-json\/wp\/v2\/types\/product"}],"wp:featuredmedia":[{"embeddable":true,"href":"https:\/\/garagebeer.co\/en\/wp-json\/wp\/v2\/media\/44998"}],"wp:attachment":[{"href":"https:\/\/garagebeer.co\/en\/wp-json\/wp\/v2\/media?parent=18306"}],"wp:term":[{"taxonomy":"product_brand","embeddable":true,"href":"https:\/\/garagebeer.co\/en\/wp-json\/wp\/v2\/product_brand?post=18306"},{"taxonomy":"product_cat","embeddable":true,"href":"https:\/\/garagebeer.co\/en\/wp-json\/wp\/v2\/product_cat?post=18306"},{"taxonomy":"product_tag","embeddable":true,"href":"https:\/\/garagebeer.co\/en\/wp-json\/wp\/v2\/product_tag?post=18306"}],"curies":[{"name":"wp","href":"https:\/\/api.w.org\/{rel}","templated":true}]}}