{"id":33624,"date":"2023-06-07T16:03:29","date_gmt":"2023-06-07T14:03:29","guid":{"rendered":"https:\/\/garagebeer.co\/?post_type=product&#038;p=33624"},"modified":"2026-04-07T14:00:52","modified_gmt":"2026-04-07T12:00:52","slug":"ocata-44cl","status":"publish","type":"product","link":"https:\/\/garagebeer.co\/en\/product\/ocata-44cl\/","title":{"rendered":"OCATA 44cl"},"content":{"rendered":"<p>Otro d\u00fao de l\u00fapulos, esta vez Mosaic y Palisade. Todos sabemos las delicias que ofrece Mosaic y el toque de mango y moras que presenta. Pero un lup\u00falo a veces pasado por alto, Palisade lleva tiempo en el foco aqu\u00ed y hace de Ocata una cerveza que complace tanto a los fan\u00e1ticos de la IPA tanto de la nueva como la vieja escuela. Aporta ligeras notas florales, c\u00edtricas y herb\u00e1ceas y, en combinaci\u00f3n con Mosaic, vemos aromas de zumo de lim\u00f3n, que complementan ligeras notas tropicales\u00a0 y una pizca de notas herb\u00e1ceas. No es exagerada en ning\u00fan aspecto, esta es una cerveza que trata de lograr el equilibrio entre todos los ingredientes, lo que la convierte en una de nuestras cervezas m\u00e1s accesibles para todos los consumidores.<\/p>\n<p>&nbsp;<\/p>\n<p style=\"text-align: center;\">\u00a0Another hop duo, this time Mosaic and Palisade are on show here. We all know of the delights that Mosaic has to offer and all of it&#8217;s mango and blueberry goodness are on show here. But an often overlooked hop, Palisade gets its time in the limelight here and it makes Ocata a beer that pleases both fans of new and old school IPA alike. It brings light floral, citrus and grassy qualities to the show and in combo with Mosaic we see bright lemon juice aromatics, complementing light tropical notes and a dash of grassy, herbaciousness. Not over the top in any aspect, this is a beer all about achieveing balance between all ingredients making it one of our most accessible beers to all drinkers.<\/p>","protected":false},"excerpt":{"rendered":"<p>Otro d\u00fao de l\u00fapulos, esta vez Mosaic y Palisade. Todos sabemos las delicias que ofrece Mosaic y el toque de mango y moras que presenta. Pero un lup\u00falo a veces pasado por alto, Palisade lleva tiempo en el foco aqu\u00ed y hace de Ocata una cerveza que complace tanto a los fan\u00e1ticos de la IPA [&hellip;]<\/p>\n","protected":false},"featured_media":33588,"template":"","meta":{"_acf_changed":false},"product_brand":[],"product_cat":[845,227,128,238],"product_tag":[35,48,81,49],"class_list":{"0":"post-33624","1":"product","2":"type-product","3":"status-publish","4":"has-post-thumbnail","6":"product_cat-core","7":"product_cat-hoppy","8":"product_cat-ipa","9":"product_cat-latas","10":"product_tag-ipa","11":"product_tag-mosaic","12":"product_tag-palisade","13":"product_tag-session-ipa","14":"member-discount","15":"discount-restricted","17":"first","18":"outofstock","19":"featured","20":"taxable","21":"shipping-taxable","22":"purchasable","23":"product-type-simple"},"bundled_by":["16140"],"bundle_stock_status":"outofstock","bundle_stock_quantity":null,"bundle_virtual":false,"bundle_layout":"","bundle_add_to_cart_form_location":"","bundle_editable_in_cart":false,"bundle_sold_individually_context":"","bundle_item_grouping":"","bundle_min_size":"","bundle_max_size":"","bundle_price":[],"bundled_items":[],"bundle_sell_ids":[],"acf":[],"_links":{"self":[{"href":"https:\/\/garagebeer.co\/en\/wp-json\/wp\/v2\/product\/33624","targetHints":{"allow":["GET"]}}],"collection":[{"href":"https:\/\/garagebeer.co\/en\/wp-json\/wp\/v2\/product"}],"about":[{"href":"https:\/\/garagebeer.co\/en\/wp-json\/wp\/v2\/types\/product"}],"wp:featuredmedia":[{"embeddable":true,"href":"https:\/\/garagebeer.co\/en\/wp-json\/wp\/v2\/media\/33588"}],"wp:attachment":[{"href":"https:\/\/garagebeer.co\/en\/wp-json\/wp\/v2\/media?parent=33624"}],"wp:term":[{"taxonomy":"product_brand","embeddable":true,"href":"https:\/\/garagebeer.co\/en\/wp-json\/wp\/v2\/product_brand?post=33624"},{"taxonomy":"product_cat","embeddable":true,"href":"https:\/\/garagebeer.co\/en\/wp-json\/wp\/v2\/product_cat?post=33624"},{"taxonomy":"product_tag","embeddable":true,"href":"https:\/\/garagebeer.co\/en\/wp-json\/wp\/v2\/product_tag?post=33624"}],"curies":[{"name":"wp","href":"https:\/\/api.w.org\/{rel}","templated":true}]}}