{"id":39528,"date":"2024-07-29T11:48:46","date_gmt":"2024-07-29T09:48:46","guid":{"rendered":"https:\/\/garagebeer.co\/?post_type=product&#038;p=39528"},"modified":"2026-03-30T21:58:10","modified_gmt":"2026-03-30T19:58:10","slug":"locker","status":"publish","type":"product","link":"https:\/\/garagebeer.co\/en\/product\/locker\/","title":{"rendered":"LOCKER"},"content":{"rendered":"<p>LOCKER.<\/p>\n<p>PARKA ha muerto, Larga vida a LOCKER<\/p>\n<p>Volvemos a sacar este nombre del armario para esta porter de estilo ingl\u00e9s con un toque Garage. Presentamos LOCKER, la cerveza antes conocida como PARKA, una cerveza donde brilla la malta. Una cerveza profunda y robusta pero con niveles moderados de tostado para mantener el trago largo&#8230; Chocolate, galleta y pasas en el aroma, con un cuerpo sedoso y un amargor redondeado gracias a la adici\u00f3n de single-hop y malta de chocolate descascarillada. S\u00f3lo 4,5% de alcohol, para servir pinta tras pinta tras pinta&#8230; Tambi\u00e9n apta para cel\u00edacos.<\/p>\n<p>&nbsp;<\/p>\n<p>PARKA is dead, Long live the LOCKER We bring this name back out of the wardrobe for this English style porter with a Garage touch. We present LOCKER, the beer formerly known as PARKA, a beer where the malt shines. A deep and robust beer but with moderate levels of toast to keep the drink long&#8230; Chocolate, biscuit and raisins in the aroma, with a silky body and rounded bitterness thanks to the addition of single-hop and shelled chocolate malt. Only 4.5% alcohol, to pour pint after pint after pint&#8230; Also suitable for celiacs.<\/p>","protected":false},"excerpt":{"rendered":"<p>LOCKER. Una Porter rica y maltosa, f\u00e1cil de beber<\/p>","protected":false},"featured_media":39503,"template":"","meta":{"_acf_changed":false},"product_brand":[],"product_cat":[845,238,132],"product_tag":[361,94],"class_list":{"0":"post-39528","1":"product","2":"type-product","3":"status-publish","4":"has-post-thumbnail","6":"product_cat-core","7":"product_cat-latas","8":"product_cat-stouts","9":"product_tag-gluten-free","10":"product_tag-porter","11":"member-discount","12":"discount-restricted","14":"first","15":"instock","16":"taxable","17":"shipping-taxable","18":"purchasable","19":"product-type-simple"},"bundled_by":[],"bundle_stock_status":"instock","bundle_stock_quantity":4665,"bundle_virtual":false,"bundle_layout":"","bundle_add_to_cart_form_location":"","bundle_editable_in_cart":false,"bundle_sold_individually_context":"","bundle_item_grouping":"","bundle_min_size":"","bundle_max_size":"","bundle_price":[],"bundled_items":[],"bundle_sell_ids":[],"acf":[],"_links":{"self":[{"href":"https:\/\/garagebeer.co\/en\/wp-json\/wp\/v2\/product\/39528","targetHints":{"allow":["GET"]}}],"collection":[{"href":"https:\/\/garagebeer.co\/en\/wp-json\/wp\/v2\/product"}],"about":[{"href":"https:\/\/garagebeer.co\/en\/wp-json\/wp\/v2\/types\/product"}],"wp:featuredmedia":[{"embeddable":true,"href":"https:\/\/garagebeer.co\/en\/wp-json\/wp\/v2\/media\/39503"}],"wp:attachment":[{"href":"https:\/\/garagebeer.co\/en\/wp-json\/wp\/v2\/media?parent=39528"}],"wp:term":[{"taxonomy":"product_brand","embeddable":true,"href":"https:\/\/garagebeer.co\/en\/wp-json\/wp\/v2\/product_brand?post=39528"},{"taxonomy":"product_cat","embeddable":true,"href":"https:\/\/garagebeer.co\/en\/wp-json\/wp\/v2\/product_cat?post=39528"},{"taxonomy":"product_tag","embeddable":true,"href":"https:\/\/garagebeer.co\/en\/wp-json\/wp\/v2\/product_tag?post=39528"}],"curies":[{"name":"wp","href":"https:\/\/api.w.org\/{rel}","templated":true}]}}