{"id":39715,"date":"2024-08-07T14:00:51","date_gmt":"2024-08-07T12:00:51","guid":{"rendered":"https:\/\/garagebeer.co\/?post_type=product&#038;p=39715"},"modified":"2025-11-25T12:53:56","modified_gmt":"2025-11-25T11:53:56","slug":"sonora","status":"publish","type":"product","link":"https:\/\/garagebeer.co\/en\/product\/sonora\/","title":{"rendered":"SONORA"},"content":{"rendered":"<p>SONORA. \u00bfSabes cuando s\u00f3lo quieres una cerveza para calmar la sed o simplemente sentarte en una soleada terraza de Barcelona a tomar una cerveza con los amigos pero no quieres todo ese alcohol ni calor\u00edas? \u00bfO cuando quieres una cerveza pero no quieres llevar un conductor designado? Pues SONORA es la cerveza que estabas buscando. No, no se trata de una cerveza s\u00faper lupulada y jugosa que est\u00e1 aqu\u00ed para reventar tus papilas gustativas. Se trata de una cerveza ligera, n\u00edtida y f\u00e1cil de beber, elaborada con maltas y l\u00fapulos alemanes de la m\u00e1s alta calidad y fermentada con la cepa Garage house lager. Color dorado brillante con una densa espuma blanca que emana ligeras notas c\u00edtricas y florales de hierba lim\u00f3n y ligeras especias.<\/p>\n<p>You know when you just want a beer to quench the thirst or just sit in a sunny Barcelona terrace having a beer with friends but you don&#8217;t want all that alcohol or calories? Or when you want a beer but don&#8217;t want to bring a designated driver? Well SONORA is that beer you have been searching for. No, this is not a super hopped, juicy beer that is here to blow your tastebuds. This is a light, crisp and snappy, easy drinker that is brewed with the highest quality German malts and hops and fermented with the Garage house lager strain. Bright gold colour with a dense white foam that emanates light citrus and floral notes of lemon grass and light spice.<\/p>","protected":false},"excerpt":{"rendered":"<p>SONORA. MEDITERRANEAN BLONDE LIGERA Y F\u00c1CIL DE BEBER.<\/p>","protected":false},"featured_media":39716,"template":"","meta":{"_acf_changed":false},"product_brand":[],"product_cat":[574,238],"product_tag":[758,759],"class_list":{"0":"post-39715","1":"product","2":"type-product","3":"status-publish","4":"has-post-thumbnail","6":"product_cat-classic","7":"product_cat-latas","8":"product_tag-blonde","9":"product_tag-mediterranean-blonde","10":"member-discount","11":"discount-restricted","13":"first","14":"outofstock","15":"taxable","16":"shipping-taxable","17":"purchasable","18":"product-type-simple"},"bundled_by":[],"bundle_stock_status":"outofstock","bundle_stock_quantity":null,"bundle_virtual":false,"bundle_layout":"","bundle_add_to_cart_form_location":"","bundle_editable_in_cart":false,"bundle_sold_individually_context":"","bundle_item_grouping":"","bundle_min_size":"","bundle_max_size":"","bundle_price":[],"bundled_items":[],"bundle_sell_ids":[],"acf":[],"_links":{"self":[{"href":"https:\/\/garagebeer.co\/en\/wp-json\/wp\/v2\/product\/39715","targetHints":{"allow":["GET"]}}],"collection":[{"href":"https:\/\/garagebeer.co\/en\/wp-json\/wp\/v2\/product"}],"about":[{"href":"https:\/\/garagebeer.co\/en\/wp-json\/wp\/v2\/types\/product"}],"wp:featuredmedia":[{"embeddable":true,"href":"https:\/\/garagebeer.co\/en\/wp-json\/wp\/v2\/media\/39716"}],"wp:attachment":[{"href":"https:\/\/garagebeer.co\/en\/wp-json\/wp\/v2\/media?parent=39715"}],"wp:term":[{"taxonomy":"product_brand","embeddable":true,"href":"https:\/\/garagebeer.co\/en\/wp-json\/wp\/v2\/product_brand?post=39715"},{"taxonomy":"product_cat","embeddable":true,"href":"https:\/\/garagebeer.co\/en\/wp-json\/wp\/v2\/product_cat?post=39715"},{"taxonomy":"product_tag","embeddable":true,"href":"https:\/\/garagebeer.co\/en\/wp-json\/wp\/v2\/product_tag?post=39715"}],"curies":[{"name":"wp","href":"https:\/\/api.w.org\/{rel}","templated":true}]}}