{"id":41322,"date":"2024-11-06T10:24:40","date_gmt":"2024-11-06T09:24:40","guid":{"rendered":"https:\/\/garagebeer.co\/?post_type=product&#038;p=41322"},"modified":"2026-03-30T21:58:10","modified_gmt":"2026-03-30T19:58:10","slug":"no-wheels","status":"publish","type":"product","link":"https:\/\/garagebeer.co\/en\/product\/no-wheels\/","title":{"rendered":"NO WHEELS"},"content":{"rendered":"<p>NO WHEELS. Best Bitter que reinterpreta lo cl\u00e1sico con un toque moderno. Malta Maris Otter de alta calidad combinada con maltas caramelizadas que se fermentaron con una cepa de levadura que es m\u00e1s conocida por las IPA&#8217;s. Toques de albaricoque, que combinan a la perfecci\u00f3n con las notas de naranja y mandarina del l\u00fapulo americano. F\u00e1cil de beber y llena de matices, es la cerveza ideal para el oto\u00f1o.<\/p>\n<p>Best Bitter that reinterprets the classic with a modern twist. High quality Maris Otter malt combined with caramel malts fermented with a yeast strain that is best known for IPAs. Hints of apricot, which combine perfectly with the orange and tangerine notes of the American hops. Easy to drink and full of nuances, it is the ideal beer for autumn.<\/p>","protected":false},"excerpt":{"rendered":"<p>NO WHEELS. La cl\u00e1sica Best Bitter con un toque de l\u00fapulo Vista.<\/p>","protected":false},"featured_media":41323,"template":"","meta":{"_acf_changed":false},"product_brand":[],"product_cat":[503,574,238],"product_tag":[660,588],"class_list":{"0":"post-41322","1":"product","2":"type-product","3":"status-publish","4":"has-post-thumbnail","6":"product_cat-bitter","7":"product_cat-classic","8":"product_cat-latas","9":"product_tag-bitter","10":"product_tag-vista","11":"member-discount","12":"discount-restricted","14":"first","15":"instock","16":"taxable","17":"shipping-taxable","18":"purchasable","19":"product-type-simple"},"bundled_by":[],"bundle_stock_status":"instock","bundle_stock_quantity":760,"bundle_virtual":false,"bundle_layout":"","bundle_add_to_cart_form_location":"","bundle_editable_in_cart":false,"bundle_sold_individually_context":"","bundle_item_grouping":"","bundle_min_size":"","bundle_max_size":"","bundle_price":[],"bundled_items":[],"bundle_sell_ids":[],"acf":[],"_links":{"self":[{"href":"https:\/\/garagebeer.co\/en\/wp-json\/wp\/v2\/product\/41322","targetHints":{"allow":["GET"]}}],"collection":[{"href":"https:\/\/garagebeer.co\/en\/wp-json\/wp\/v2\/product"}],"about":[{"href":"https:\/\/garagebeer.co\/en\/wp-json\/wp\/v2\/types\/product"}],"wp:featuredmedia":[{"embeddable":true,"href":"https:\/\/garagebeer.co\/en\/wp-json\/wp\/v2\/media\/41323"}],"wp:attachment":[{"href":"https:\/\/garagebeer.co\/en\/wp-json\/wp\/v2\/media?parent=41322"}],"wp:term":[{"taxonomy":"product_brand","embeddable":true,"href":"https:\/\/garagebeer.co\/en\/wp-json\/wp\/v2\/product_brand?post=41322"},{"taxonomy":"product_cat","embeddable":true,"href":"https:\/\/garagebeer.co\/en\/wp-json\/wp\/v2\/product_cat?post=41322"},{"taxonomy":"product_tag","embeddable":true,"href":"https:\/\/garagebeer.co\/en\/wp-json\/wp\/v2\/product_tag?post=41322"}],"curies":[{"name":"wp","href":"https:\/\/api.w.org\/{rel}","templated":true}]}}