{"id":41403,"date":"2024-11-13T15:50:17","date_gmt":"2024-11-13T14:50:17","guid":{"rendered":"https:\/\/garagebeer.co\/?post_type=product&#038;p=41403"},"modified":"2025-07-07T11:11:44","modified_gmt":"2025-07-07T09:11:44","slug":"hyper-fine","status":"publish","type":"product","link":"https:\/\/garagebeer.co\/en\/product\/hyper-fine\/","title":{"rendered":"HYPER FINE"},"content":{"rendered":"<p>HYPER FINE. Otra cervecer\u00eda que debuta en Mash &#8217;24 es Mortalis. Estos chicos no hacen las cosas a medias, as\u00ed que cuando empezamos a hablar de una colaboraci\u00f3n sab\u00edamos que ten\u00edamos que volvernos locos. Esta es la cerveza \u00e1cida m\u00e1s afrutada que hemos elaborado y es una explosi\u00f3n de frutas tropicales. Pi\u00f1a, maracuy\u00e1 y mango a raudales, aderezada con vainilla org\u00e1nica de Madagascar y un toque de sal. Un trozito de verano que realmente parece un batido dulce de frutas tropicales con notas de vainilla y un toque salado.<\/p>\n<p>Another exciting brewery debut for Mash &#8217;24 is the mighty Mortalis. These guys don&#8217;t do things by halves so when we starting chatting about a collab we knew we had to go mad. This is the most heavily fruited sour beer that we have ever brewed and it&#8217;s a tropical fruit blast. Pineapple, passion fruit and mango by the trailer load and conditioned on organic vanilla from Madagascar and a touch of salt. This is a luxurious slice of summer that really feels like a sweet tropical fruit smoothy with a roundness from the vanilla and a refreshing salty kick.<\/p>","protected":false},"excerpt":{"rendered":"<p>HYPER FINE. MASH &#8217;24 COLLAB SOUR ALE CON MORTALIS CON PI\u00d1A, MARACUY\u00c1, MANGO, VAINILLA Y SAL<\/p>","protected":false},"featured_media":41109,"template":"","meta":{"_acf_changed":false},"product_brand":[],"product_cat":[238,130],"product_tag":[240,144,179,773,178,317,762,96],"class_list":{"0":"post-41403","1":"product","2":"type-product","3":"status-publish","4":"has-post-thumbnail","6":"product_cat-latas","7":"product_cat-sours","8":"product_tag-bcn-weisse","9":"product_tag-mango","10":"product_tag-maracuya","11":"product_tag-mortalis","12":"product_tag-pina","13":"product_tag-sal","14":"product_tag-sour-ale","15":"product_tag-vainilla","16":"member-discount","17":"discount-restricted","19":"first","20":"outofstock","21":"taxable","22":"shipping-taxable","23":"purchasable","24":"product-type-simple"},"bundled_by":[],"bundle_stock_status":"outofstock","bundle_stock_quantity":0,"bundle_virtual":false,"bundle_layout":"","bundle_add_to_cart_form_location":"","bundle_editable_in_cart":false,"bundle_sold_individually_context":"","bundle_item_grouping":"","bundle_min_size":"","bundle_max_size":"","bundle_price":[],"bundled_items":[],"bundle_sell_ids":[],"acf":[],"_links":{"self":[{"href":"https:\/\/garagebeer.co\/en\/wp-json\/wp\/v2\/product\/41403","targetHints":{"allow":["GET"]}}],"collection":[{"href":"https:\/\/garagebeer.co\/en\/wp-json\/wp\/v2\/product"}],"about":[{"href":"https:\/\/garagebeer.co\/en\/wp-json\/wp\/v2\/types\/product"}],"wp:featuredmedia":[{"embeddable":true,"href":"https:\/\/garagebeer.co\/en\/wp-json\/wp\/v2\/media\/41109"}],"wp:attachment":[{"href":"https:\/\/garagebeer.co\/en\/wp-json\/wp\/v2\/media?parent=41403"}],"wp:term":[{"taxonomy":"product_brand","embeddable":true,"href":"https:\/\/garagebeer.co\/en\/wp-json\/wp\/v2\/product_brand?post=41403"},{"taxonomy":"product_cat","embeddable":true,"href":"https:\/\/garagebeer.co\/en\/wp-json\/wp\/v2\/product_cat?post=41403"},{"taxonomy":"product_tag","embeddable":true,"href":"https:\/\/garagebeer.co\/en\/wp-json\/wp\/v2\/product_tag?post=41403"}],"curies":[{"name":"wp","href":"https:\/\/api.w.org\/{rel}","templated":true}]}}