{"id":43553,"date":"2025-05-05T12:41:45","date_gmt":"2025-05-05T10:41:45","guid":{"rendered":"https:\/\/garagebeer.co\/?post_type=product&#038;p=43553"},"modified":"2025-10-08T15:01:35","modified_gmt":"2025-10-08T13:01:35","slug":"soup-dipa-2025","status":"publish","type":"product","link":"https:\/\/garagebeer.co\/en\/product\/soup-dipa-2025\/","title":{"rendered":"SOUP DIPA"},"content":{"rendered":"<p>La SOUP DIPA vuelve para el D\u00eda de la Sopa 2025 y ES UN ZUMACO. Cargada con el fiel d\u00fao de Citra y Mosaic en forma de T90 y Cryo y doble dry hop, el lote de este a\u00f1o es una maravilla. Un l\u00edquido amarillo p\u00e1lido y opaco le permite saber lo que le espera. Probablemente la habr\u00e1s olido antes de verla. Aromas de mango, melocot\u00f3n, maracuy\u00e1 y pomelo con un ligero fondo de pino en el aroma y llevados a sus papilas gustativas en un medio l\u00edquido suave como la seda. S\u00f3lo se produce una vez al a\u00f1o, as\u00ed que hazte con ella antes de que desaparezca.<\/p>\n<p>SOUP DIPA is back for Soup Day 2025 and this one is a real juice monster. Loaded with the faithful duo of Citra and Mosaic in T90 and Cryo form and double dry hopped, this years batch is a stonker. A pale, opaque yellow liquid lets you know what you are in for here. Although you willprobably have smelled it before you see it. Booming aromas of mango, peach, passion fruit and grapefruit with a slight piney background on the aroma and carried onto your tastebuds in a silky smooth liquid medium. This one is only here once per year so get your hands on it before it&#8217;s gone.<\/p>\n<p>&nbsp;<\/p>\n<p>&nbsp;<\/p>\n<p>&nbsp;<\/p>","protected":false},"excerpt":{"rendered":"<p>ZAMBO. 10 Year Anniversary DIPA con Citra, Citra Spectrum, Citra Incognito, El Dorado y Strata CGX<\/p>","protected":false},"featured_media":43217,"template":"","meta":{"_acf_changed":false},"product_brand":[],"product_cat":[129,227,238],"product_tag":[39,40,48,37,211,663,811],"class_list":{"0":"post-43553","1":"product","2":"type-product","3":"status-publish","4":"has-post-thumbnail","6":"product_cat-dipas","7":"product_cat-hoppy","8":"product_cat-latas","9":"product_tag-citra","10":"product_tag-dipa","11":"product_tag-mosaic","12":"product_tag-neipa","13":"product_tag-soup","14":"product_tag-soup-day","15":"product_tag-soup-dipa","16":"member-discount","17":"discount-restricted","19":"first","20":"outofstock","21":"taxable","22":"shipping-taxable","23":"purchasable","24":"product-type-simple"},"bundled_by":["27518"],"bundle_stock_status":"outofstock","bundle_stock_quantity":0,"bundle_virtual":false,"bundle_layout":"","bundle_add_to_cart_form_location":"","bundle_editable_in_cart":false,"bundle_sold_individually_context":"","bundle_item_grouping":"","bundle_min_size":"","bundle_max_size":"","bundle_price":[],"bundled_items":[],"bundle_sell_ids":[],"acf":[],"_links":{"self":[{"href":"https:\/\/garagebeer.co\/en\/wp-json\/wp\/v2\/product\/43553","targetHints":{"allow":["GET"]}}],"collection":[{"href":"https:\/\/garagebeer.co\/en\/wp-json\/wp\/v2\/product"}],"about":[{"href":"https:\/\/garagebeer.co\/en\/wp-json\/wp\/v2\/types\/product"}],"wp:featuredmedia":[{"embeddable":true,"href":"https:\/\/garagebeer.co\/en\/wp-json\/wp\/v2\/media\/43217"}],"wp:attachment":[{"href":"https:\/\/garagebeer.co\/en\/wp-json\/wp\/v2\/media?parent=43553"}],"wp:term":[{"taxonomy":"product_brand","embeddable":true,"href":"https:\/\/garagebeer.co\/en\/wp-json\/wp\/v2\/product_brand?post=43553"},{"taxonomy":"product_cat","embeddable":true,"href":"https:\/\/garagebeer.co\/en\/wp-json\/wp\/v2\/product_cat?post=43553"},{"taxonomy":"product_tag","embeddable":true,"href":"https:\/\/garagebeer.co\/en\/wp-json\/wp\/v2\/product_tag?post=43553"}],"curies":[{"name":"wp","href":"https:\/\/api.w.org\/{rel}","templated":true}]}}