{"id":43888,"date":"2025-05-26T09:22:26","date_gmt":"2025-05-26T07:22:26","guid":{"rendered":"https:\/\/garagebeer.co\/?post_type=product&#038;p=43888"},"modified":"2025-05-26T09:54:07","modified_gmt":"2025-05-26T07:54:07","slug":"yuta-sigkill","status":"publish","type":"product","link":"https:\/\/garagebeer.co\/en\/product\/yuta-sigkill\/","title":{"rendered":"YUTA SIGKILL"},"content":{"rendered":"<p data-start=\"0\" data-end=\"493\">No hay nada de \u201cextra\u00f1o\u201d (perd\u00f3n por el juego de palabras) en esta colaboraci\u00f3n, teniendo en cuenta que alrededor del 25% del equipo de Garage viene de Buenos Aires o muy cerca. Lo realmente extra\u00f1o es que no hayamos hecho una collab con alguien de all\u00e1 antes. Las \u00faltimas veces que Nahuel, uno de los nuestros, fue a visitar a su familia, siempre volvi\u00f3 con un par de birras de Strange Brewing. As\u00ed que la semilla qued\u00f3 plantada, la idea dio vueltas entre los colegas y la hicimos realidad.<\/p>\n<p data-start=\"495\" data-end=\"941\">Ellos son fans de los mapaches, y tambi\u00e9n son muy conocidos por hacer birras s\u00faper bebibles, de esas que te puedes tomar varias. Aman la calidad y la cantidad. As\u00ed que elegimos un estilo que nos enamor\u00f3 hace un par de a\u00f1os: una WEST COAST PILS. Un h\u00edbrido entre una west coast IPA y una pilsner. Todo el power del l\u00fapulo que nos flipa, fermentada a baja temperatura y con una levadura m\u00e1s limpia, para que malta y l\u00fapulo sean los protagonistas.<\/p>\n<p data-start=\"943\" data-end=\"1370\">A veces hay que mirar atr\u00e1s y admitir que los cl\u00e1sicos son la hostia, as\u00ed que por suerte todav\u00eda tenemos algo de &#8216;Double RR&#8217; Citra por aqu\u00ed, que grita c\u00edtrico, y lo juntamos con Simcoe, Centennial y MOSAIC. Resultado: un cl\u00e1sico atemporal, renovado para 2025. C\u00edtrica, herbal y un pel\u00edn dank. Parece una lager, se bebe como una lager, pero tu lengua sabe que viene de la West Coast persiguiendo a David Hasselhoff por la playa.<\/p>\n<p data-start=\"943\" data-end=\"1370\">There is nothing &#8216;STRANGE&#8217; about this collab, pardon the pun, with about 25% of the Garage workforce coming from or very close to Buenos Aires in Argentina, it is &#8216;STRANGE&#8217; that we have not done a collab with anyone from over there yet. The last few times that our very own Nahuel has been home visiting family, he has always come back with a couple of bottles of beers from these guys &#8211; Strange Brewing. So the seed was planted, the idea was batted about over there been the guys, then we made it a reality.<\/p>\n<p data-start=\"943\" data-end=\"1370\">They are mad for Racoons, also very well known for making smashable sessionable beers, it&#8217;s the quality and quantity that they love. So we opted for a style that we also fell in love with 2 years ago, a WEST COAST PILS.. The hybrid of a west coast ipa and a pilsner. All the hop charge that we love and are known for but fermented at a lower temperature, cleaner yeast profile, to let the malt and hops be the protagonists.<\/p>\n<p data-start=\"943\" data-end=\"1370\">We sometimes have to look back at the classics and acknowledge that they are fucking good, so thankfully we still have some selected &#8216;Double RR&#8217; Citra in the house, which screams citrus, putting that alongside Simcoe, Centennial &amp; MOSAIC, we have the makings of an all time classic, revamped for 2025.. Citrus, grassy and little dank. Looks like a lager, drinks like a lager but tells your tongue she is from the West Coast and chasing David Hasselhoff down the beach.<\/p>","protected":false},"excerpt":{"rendered":"<p>YUTA SIGKILL: West coast pils collab con Strange Brewing (Argentina) elaborada con l\u00fapulos Centennial, Simcoe, Citra y Mosaic<\/p>\n<p>&nbsp;<\/p>","protected":false},"featured_media":43791,"template":"","meta":{"_acf_changed":false},"product_brand":[],"product_cat":[227,238,816],"product_tag":[818,51,39,48,38,817,692],"class_list":{"0":"post-43888","1":"product","2":"type-product","3":"status-publish","4":"has-post-thumbnail","6":"product_cat-hoppy","7":"product_cat-latas","8":"product_cat-wc-pils","9":"product_tag-argentina","10":"product_tag-centennial","11":"product_tag-citra","12":"product_tag-mosaic","13":"product_tag-simcoe","14":"product_tag-strange","15":"product_tag-west-coast-pils","16":"member-discount","17":"discount-restricted","19":"first","20":"instock","21":"taxable","22":"shipping-taxable","23":"purchasable","24":"product-type-simple"},"bundled_by":[],"bundle_stock_status":"instock","bundle_stock_quantity":null,"bundle_virtual":false,"bundle_layout":"","bundle_add_to_cart_form_location":"","bundle_editable_in_cart":false,"bundle_sold_individually_context":"","bundle_item_grouping":"","bundle_min_size":"","bundle_max_size":"","bundle_price":[],"bundled_items":[],"bundle_sell_ids":[],"acf":[],"_links":{"self":[{"href":"https:\/\/garagebeer.co\/en\/wp-json\/wp\/v2\/product\/43888","targetHints":{"allow":["GET"]}}],"collection":[{"href":"https:\/\/garagebeer.co\/en\/wp-json\/wp\/v2\/product"}],"about":[{"href":"https:\/\/garagebeer.co\/en\/wp-json\/wp\/v2\/types\/product"}],"wp:featuredmedia":[{"embeddable":true,"href":"https:\/\/garagebeer.co\/en\/wp-json\/wp\/v2\/media\/43791"}],"wp:attachment":[{"href":"https:\/\/garagebeer.co\/en\/wp-json\/wp\/v2\/media?parent=43888"}],"wp:term":[{"taxonomy":"product_brand","embeddable":true,"href":"https:\/\/garagebeer.co\/en\/wp-json\/wp\/v2\/product_brand?post=43888"},{"taxonomy":"product_cat","embeddable":true,"href":"https:\/\/garagebeer.co\/en\/wp-json\/wp\/v2\/product_cat?post=43888"},{"taxonomy":"product_tag","embeddable":true,"href":"https:\/\/garagebeer.co\/en\/wp-json\/wp\/v2\/product_tag?post=43888"}],"curies":[{"name":"wp","href":"https:\/\/api.w.org\/{rel}","templated":true}]}}