{"id":43943,"date":"2025-05-28T15:20:39","date_gmt":"2025-05-28T13:20:39","guid":{"rendered":"https:\/\/garagebeer.co\/?post_type=product&#038;p=43943"},"modified":"2025-10-29T15:17:37","modified_gmt":"2025-10-29T14:17:37","slug":"hokuto-chimera","status":"publish","type":"product","link":"https:\/\/garagebeer.co\/en\/product\/hokuto-chimera\/","title":{"rendered":"HOKUTO CHIMERA"},"content":{"rendered":"<p data-start=\"1249\" data-end=\"1635\"><strong data-start=\"1249\" data-end=\"1296\">HOKUTO CHIMERA &#8211; Garage x UCHU \u2013 DIPA L\u00daPULOS Nectaron, citra e idaho 7<\/strong><br data-start=\"1296\" data-end=\"1299\" \/>Nos juntamos con nuestro buen amigo Masahiro de UCHU Brewing, desde la provincia rural de Yamanashi, justo a los pies del Monte Fuji. Nos visit\u00f3 en la f\u00e1brica en Barcelona el verano pasado, y dej\u00f3 huella en el equipo con su buen rollo y sus dotes de baile. Despu\u00e9s de unas cervezas, naci\u00f3 esta collab. Solo faltaba una fecha de cocci\u00f3n.<\/p>\n<p data-start=\"1637\" data-end=\"1888\">Inspir\u00e1ndonos en c\u00f3mo ambos equipos dise\u00f1amos DIPAs jugosas y atrevidas, hemos creado este monstruo de avena y turbidez. Incluso replicamos el perfil de agua de Jap\u00f3n y usamos algunos de los toques \u00fanicos de Masahiro en dry hopping y en la maduraci\u00f3n.<\/p>\n<p data-start=\"1890\" data-end=\"2193\">Quer\u00edamos la m\u00e1xima jugosidad, as\u00ed que presentamos por primera vez en Garage el l\u00fapulo neozeland\u00e9s <strong data-start=\"1989\" data-end=\"2001\">Nectaron<\/strong>. Hermano del Waimea, viene cargado de pi\u00f1a y, como su nombre indica, un mont\u00f3n de nectarina. Se une a una mezcla brutal de <strong data-start=\"2125\" data-end=\"2144\">Citra e Idaho 7<\/strong> en todos sus formatos: <strong data-start=\"2168\" data-end=\"2192\">Spectrum, T90 y Cryo<\/strong>.<\/p>\n<p data-start=\"2195\" data-end=\"2326\">Prep\u00e1rate para una DIPA de color amarillo p\u00e1lido, suave como una nube y peligrosamente bebible.<br data-start=\"2290\" data-end=\"2293\" \/><strong data-start=\"2293\" data-end=\"2326\">\u00a1Mejor deja el coche en casa!<\/strong><\/p>\n<p>&nbsp;<\/p>\n<p data-start=\"169\" data-end=\"529\"><strong data-start=\"169\" data-end=\"206\">Garage x UCHU \u2013 Juicy DIPA Collab<\/strong><br data-start=\"206\" data-end=\"209\" \/>We\u2019ve teamed up with our good friend Masahiro from UCHU Brewing, based in rural Yamanashi \u2013 right at the foot of Mount Fuji. He visited us here in Barcelona last summer, charming the brew team with his good vibes and serious dance moves. After a few beers, the idea for this collab was born \u2013 we just needed a brew date.<\/p>\n<p data-start=\"531\" data-end=\"759\">Inspired by how both breweries craft bold and juicy DIPAs, we\u2019ve brewed up this oaty, hazy monster. We\u2019re even replicating UCHU\u2019s water profile and including a few of Masahiro\u2019s unique techniques in dry hopping and conditioning.<\/p>\n<p data-start=\"761\" data-end=\"1096\">To max out the juice, we\u2019re introducing the incredible NZ hop <strong data-start=\"823\" data-end=\"835\">Nectaron<\/strong> (making its Garage debut!). A sister to Waimea, it\u2019s bursting with pineapple and \u2013 as the name suggests \u2013 sweet nectarine. It&#8217;s paired with a dangerously fruity blend of <strong data-start=\"1006\" data-end=\"1027\">Citra and Idaho 7<\/strong>, used in <strong data-start=\"1037\" data-end=\"1072\">Spectrum, T90, and Cryo formats<\/strong> for layered complexity.<\/p>\n<p data-start=\"1098\" data-end=\"1205\">Expect a pale yellow, soft and pillowy DIPA that drinks way too easy.<br data-start=\"1167\" data-end=\"1170\" \/><strong data-start=\"1170\" data-end=\"1205\">Warning: Leave the car at home.<\/strong><\/p>\n<p data-start=\"2195\" data-end=\"2326\"><strong data-start=\"2293\" data-end=\"2326\">\u00a0<\/strong><\/p>","protected":false},"excerpt":{"rendered":"<p><strong data-start=\"1249\" data-end=\"1296\">Garage x UCHU \u2013 DIPA L\u00daPULOS Nectaron, citra e idaho 7<\/strong><\/p>","protected":false},"featured_media":43843,"template":"","meta":{"_acf_changed":false},"product_brand":[],"product_cat":[129,227,238],"product_tag":[39,40,826,184,825,697,37,824],"class_list":{"0":"post-43943","1":"product","2":"type-product","3":"status-publish","4":"has-post-thumbnail","6":"product_cat-dipas","7":"product_cat-hoppy","8":"product_cat-latas","9":"product_tag-citra","10":"product_tag-dipa","11":"product_tag-hokuto-chimera","12":"product_tag-idaho-7","13":"product_tag-japon","14":"product_tag-nectaron","15":"product_tag-neipa","16":"product_tag-uchu","17":"member-discount","18":"discount-restricted","20":"first","21":"outofstock","22":"taxable","23":"shipping-taxable","24":"purchasable","25":"product-type-simple"},"bundled_by":[],"bundle_stock_status":"outofstock","bundle_stock_quantity":0,"bundle_virtual":false,"bundle_layout":"","bundle_add_to_cart_form_location":"","bundle_editable_in_cart":false,"bundle_sold_individually_context":"","bundle_item_grouping":"","bundle_min_size":"","bundle_max_size":"","bundle_price":[],"bundled_items":[],"bundle_sell_ids":[],"acf":[],"_links":{"self":[{"href":"https:\/\/garagebeer.co\/en\/wp-json\/wp\/v2\/product\/43943","targetHints":{"allow":["GET"]}}],"collection":[{"href":"https:\/\/garagebeer.co\/en\/wp-json\/wp\/v2\/product"}],"about":[{"href":"https:\/\/garagebeer.co\/en\/wp-json\/wp\/v2\/types\/product"}],"wp:featuredmedia":[{"embeddable":true,"href":"https:\/\/garagebeer.co\/en\/wp-json\/wp\/v2\/media\/43843"}],"wp:attachment":[{"href":"https:\/\/garagebeer.co\/en\/wp-json\/wp\/v2\/media?parent=43943"}],"wp:term":[{"taxonomy":"product_brand","embeddable":true,"href":"https:\/\/garagebeer.co\/en\/wp-json\/wp\/v2\/product_brand?post=43943"},{"taxonomy":"product_cat","embeddable":true,"href":"https:\/\/garagebeer.co\/en\/wp-json\/wp\/v2\/product_cat?post=43943"},{"taxonomy":"product_tag","embeddable":true,"href":"https:\/\/garagebeer.co\/en\/wp-json\/wp\/v2\/product_tag?post=43943"}],"curies":[{"name":"wp","href":"https:\/\/api.w.org\/{rel}","templated":true}]}}