{"id":44257,"date":"2025-06-17T12:52:14","date_gmt":"2025-06-17T10:52:14","guid":{"rendered":"https:\/\/garagebeer.co\/?post_type=product&#038;p=44257"},"modified":"2025-12-12T12:38:58","modified_gmt":"2025-12-12T11:38:58","slug":"snagz","status":"publish","type":"product","link":"https:\/\/garagebeer.co\/en\/product\/snagz\/","title":{"rendered":"SNAGZ"},"content":{"rendered":"<p data-start=\"134\" data-end=\"455\">Saca la snagz y enciende la barbacoa\u2014nos vamos a Australia. Esta IPA con l\u00fapulos aussies lleva Enigma, Vic Secret y Eclipse, que aportan notas de piel de naranja, frutos rojos y un toque tropical. Con una base suave de 75% trigo y 25% avena, es turbia, jugosa y llena de car\u00e1cter. Australia en lata.<\/p>\n<p data-start=\"457\" data-end=\"768\"><br data-start=\"474\" data-end=\"477\" \/>Grab your stubby and fire up the BBQ\u2014we&#8217;re heading Down Under. This Aussie hopped IPA is drenched in Enigma, Vic Secret, and Eclipse for waves of orange peel, red berries, and tropical lushness. Brewed with 75% wheat and 25% oat, it&#8217;s soft, hazy and bursting with character. Straya in a can.<\/p>\n<p data-start=\"770\" data-end=\"1087\"><br data-start=\"786\" data-end=\"789\" \/>Agafa\u2019t una birra i enc\u00e9n la barbacoa\u2014ens n\u2019anem cap a Austr\u00e0lia. Aquesta IPA amb ll\u00fapols australians (Enigma, Vic Secret i Eclipse) ve carregada de pell de taronja, fruits vermells i tropicals. Amb una base suau de 75% blat i 25% civada, \u00e9s turbia, sedosa i plena de car\u00e0cter. Austr\u00e0lia en llauna.<\/p>","protected":false},"excerpt":{"rendered":"<p>SNAGZ<\/p>\n<p>IPA australiana con Enigma, Vic Secret y Eclipse. Tropical y jugosa.<br data-start=\"1201\" data-end=\"1204\" \/>\u00a0Aussie IPA with Enigma, Vic Secret &amp; Eclipse. Juicy and lush.<br data-start=\"1274\" data-end=\"1277\" \/>IPA australiana amb Enigma, Vic Secret i Eclipse. Tropical i cremosa.<\/p>","protected":false},"featured_media":44158,"template":"","meta":{"_acf_changed":false},"product_brand":[],"product_cat":[227,128,238],"product_tag":[675,290,832,35,37,831,121],"class_list":{"0":"post-44257","1":"product","2":"type-product","3":"status-publish","4":"has-post-thumbnail","6":"product_cat-hoppy","7":"product_cat-ipa","8":"product_cat-latas","9":"product_tag-australia","10":"product_tag-eclipse","11":"product_tag-eniigma","12":"product_tag-ipa","13":"product_tag-neipa","14":"product_tag-snagz","15":"product_tag-vic-secret","16":"member-discount","17":"discount-restricted","19":"first","20":"outofstock","21":"featured","22":"taxable","23":"shipping-taxable","24":"purchasable","25":"product-type-simple"},"bundled_by":[],"bundle_stock_status":"outofstock","bundle_stock_quantity":-8,"bundle_virtual":false,"bundle_layout":"","bundle_add_to_cart_form_location":"","bundle_editable_in_cart":false,"bundle_sold_individually_context":"","bundle_item_grouping":"","bundle_min_size":"","bundle_max_size":"","bundle_price":[],"bundled_items":[],"bundle_sell_ids":[],"acf":[],"_links":{"self":[{"href":"https:\/\/garagebeer.co\/en\/wp-json\/wp\/v2\/product\/44257","targetHints":{"allow":["GET"]}}],"collection":[{"href":"https:\/\/garagebeer.co\/en\/wp-json\/wp\/v2\/product"}],"about":[{"href":"https:\/\/garagebeer.co\/en\/wp-json\/wp\/v2\/types\/product"}],"wp:featuredmedia":[{"embeddable":true,"href":"https:\/\/garagebeer.co\/en\/wp-json\/wp\/v2\/media\/44158"}],"wp:attachment":[{"href":"https:\/\/garagebeer.co\/en\/wp-json\/wp\/v2\/media?parent=44257"}],"wp:term":[{"taxonomy":"product_brand","embeddable":true,"href":"https:\/\/garagebeer.co\/en\/wp-json\/wp\/v2\/product_brand?post=44257"},{"taxonomy":"product_cat","embeddable":true,"href":"https:\/\/garagebeer.co\/en\/wp-json\/wp\/v2\/product_cat?post=44257"},{"taxonomy":"product_tag","embeddable":true,"href":"https:\/\/garagebeer.co\/en\/wp-json\/wp\/v2\/product_tag?post=44257"}],"curies":[{"name":"wp","href":"https:\/\/api.w.org\/{rel}","templated":true}]}}