{"id":44453,"date":"2025-07-09T09:54:29","date_gmt":"2025-07-09T07:54:29","guid":{"rendered":"https:\/\/garagebeer.co\/?post_type=product&#038;p=44453"},"modified":"2026-01-07T11:04:29","modified_gmt":"2026-01-07T10:04:29","slug":"georgia-gold","status":"publish","type":"product","link":"https:\/\/garagebeer.co\/en\/product\/georgia-gold\/","title":{"rendered":"GEORGIA GOLD"},"content":{"rendered":"<p data-start=\"163\" data-end=\"254\"><strong data-start=\"163\" data-end=\"198\">NO PEACH OR PASSIONFRUIT ADDED!<\/strong>n<\/p>\n<p data-start=\"256\" data-end=\"478\">Inspired by the peach and nectarine groves blossoming around Pened\u00e8s, where the fruit swells day by day. Imagine biting into the juiciest peach ever \u2014 dripping down your arms and ruining your t-shirt, but you don\u2019t care.<\/p>\n<p data-start=\"480\" data-end=\"652\">Fermented with White Labs\u2019 London Fog yeast, this brew naturally develops bright passionfruit notes, blending into the ultimate fruit salad with a raspberry drizzle on top.<\/p>\n<hr data-start=\"654\" data-end=\"657\" \/>\n<p><strong data-start=\"682\" data-end=\"728\">\u00a1NO LLEVA MELOCOT\u00d3N NI FRUTA DE LA PASI\u00d3N!<\/strong><\/p>\n<p data-start=\"682\" data-end=\"787\">L\u00fapulos El Dorado, Cryo HBC 630, Citra T90 y Spectrum.<\/p>\n<p data-start=\"789\" data-end=\"1019\">Inspirados en los melocotoneros y nectarineros en flor alrededor del Pened\u00e9s, con la fruta cada vez m\u00e1s jugosa. Piensa en ese melocot\u00f3n perfecto que al morderlo te chorrea por los brazos y mancha la camiseta, pero no te importa.<\/p>\n<p data-start=\"1021\" data-end=\"1202\">Fermentada con la levadura London Fog de White Labs, que aporta notas naturales de fruta de la pasi\u00f3n, creando la ensalada de frutas perfecta con un toque de frambuesa para decorar.<\/p>\n<hr data-start=\"1204\" data-end=\"1207\" \/>\n<p data-start=\"1231\" data-end=\"1334\"><strong data-start=\"1231\" data-end=\"1275\">NO PORTA PRESSEC NI FRUITA DE LA PASSI\u00d3!<\/strong><br data-start=\"1275\" data-end=\"1278\" \/>Ll\u00fapols El Dorado, Cryo HBC 630, Citra T90 i Spectrum.<\/p>\n<p data-start=\"1336\" data-end=\"1540\">Inspirat en els presseguers i nectarines florint al Pened\u00e8s, amb els fruits cada cop m\u00e9s grossos. Imagina mossegar un pr\u00e9ssec suc\u00f3s que et goteja pels bra\u00e7os i t\u2019embruta la samarreta, per\u00f2 no t\u2019importa.<\/p>\n<p data-start=\"1542\" data-end=\"1712\">Fermentat amb la llevadura London Fog de White Labs, que genera notes naturals de fruita de la passi\u00f3, combinades amb una amanida de fruites i un toc de gerd per decorar.<\/p>","protected":false},"excerpt":{"rendered":"<p>GEORGIA GOLD IPA brewed w\/ El Dorado, Cryo HBC 630, Citra T90 &amp; Spectrum hops.<\/p>","protected":false},"featured_media":44454,"template":"","meta":{"_acf_changed":false},"product_brand":[],"product_cat":[227,128,238],"product_tag":[39,335,838,839,35,37,837],"class_list":{"0":"post-44453","1":"product","2":"type-product","3":"status-publish","4":"has-post-thumbnail","6":"product_cat-hoppy","7":"product_cat-ipa","8":"product_cat-latas","9":"product_tag-citra","10":"product_tag-el-dorado","11":"product_tag-georgia-gold","12":"product_tag-hbc-630","13":"product_tag-ipa","14":"product_tag-neipa","15":"product_tag-peach","16":"member-discount","17":"discount-restricted","19":"first","20":"outofstock","21":"featured","22":"taxable","23":"shipping-taxable","24":"purchasable","25":"product-type-simple"},"bundled_by":[],"bundle_stock_status":"outofstock","bundle_stock_quantity":null,"bundle_virtual":false,"bundle_layout":"","bundle_add_to_cart_form_location":"","bundle_editable_in_cart":false,"bundle_sold_individually_context":"","bundle_item_grouping":"","bundle_min_size":"","bundle_max_size":"","bundle_price":[],"bundled_items":[],"bundle_sell_ids":[],"acf":[],"_links":{"self":[{"href":"https:\/\/garagebeer.co\/en\/wp-json\/wp\/v2\/product\/44453","targetHints":{"allow":["GET"]}}],"collection":[{"href":"https:\/\/garagebeer.co\/en\/wp-json\/wp\/v2\/product"}],"about":[{"href":"https:\/\/garagebeer.co\/en\/wp-json\/wp\/v2\/types\/product"}],"wp:featuredmedia":[{"embeddable":true,"href":"https:\/\/garagebeer.co\/en\/wp-json\/wp\/v2\/media\/44454"}],"wp:attachment":[{"href":"https:\/\/garagebeer.co\/en\/wp-json\/wp\/v2\/media?parent=44453"}],"wp:term":[{"taxonomy":"product_brand","embeddable":true,"href":"https:\/\/garagebeer.co\/en\/wp-json\/wp\/v2\/product_brand?post=44453"},{"taxonomy":"product_cat","embeddable":true,"href":"https:\/\/garagebeer.co\/en\/wp-json\/wp\/v2\/product_cat?post=44453"},{"taxonomy":"product_tag","embeddable":true,"href":"https:\/\/garagebeer.co\/en\/wp-json\/wp\/v2\/product_tag?post=44453"}],"curies":[{"name":"wp","href":"https:\/\/api.w.org\/{rel}","templated":true}]}}