{"id":44744,"date":"2025-08-21T13:33:55","date_gmt":"2025-08-21T11:33:55","guid":{"rendered":"https:\/\/garagebeer.co\/?post_type=product&#038;p=44744"},"modified":"2026-02-02T11:19:26","modified_gmt":"2026-02-02T10:19:26","slug":"soaked-in","status":"publish","type":"product","link":"https:\/\/garagebeer.co\/en\/product\/soaked-in\/","title":{"rendered":"SOAKED IN"},"content":{"rendered":"<p data-start=\"136\" data-end=\"217\"><strong data-start=\"136\" data-end=\"215\">SOAKED IN \u2013 IPA cremosa y afrutada con Mosaic, Strata CGX y Simcoe (6% ABV)<\/strong><\/p>\n<p data-start=\"219\" data-end=\"510\">SOAKED IN es una IPA moderna de 6% con base de avena cremosa y cuerpo suave que resalta todo el car\u00e1cter del l\u00fapulo. Elaborada con una combinaci\u00f3n intensa de Mosaic, Strata CGX y Simcoe, esta cerveza ofrece capas de mango maduro, piel de ar\u00e1ndano, pino resinoso y un sutil toque de pomelo.<\/p>\n<p data-start=\"512\" data-end=\"828\">En boca es sedosa, equilibrada y con el punto justo de amargor para mantenerla fresca y bebible. Una IPA que apuesta por la neblina, el sabor y la drinkability en partes iguales. Si buscas una cerveza jugosa, suave y llena de l\u00fapulo, esta ser\u00e1 tu nueva elecci\u00f3n cuando el cuerpo medio y el 6% se sientan perfectos.<\/p>\n<p data-start=\"830\" data-end=\"905\">Suave, jugosa y llena de fruta tropical: una IPA de 6% que lo tiene todo.<\/p>\n<hr data-start=\"907\" data-end=\"910\" \/>\n<p data-start=\"912\" data-end=\"994\"><strong data-start=\"912\" data-end=\"992\">SOAKED IN \u2013 IPA cremosa i afruitada amb Mosaic, Strata CGX i Simcoe (6% ABV)<\/strong><\/p>\n<p data-start=\"996\" data-end=\"1279\">SOAKED IN \u00e9s una IPA moderna del 6% amb base d\u2019avena cremosa i cos sed\u00f3s que ressalta tot el car\u00e0cter del ll\u00fapol. Elaborada amb una combinaci\u00f3 intensa de Mosaic, Strata CGX i Simcoe, aquesta cervesa ofereix capes de mango madur, pell de nabius, pi resin\u00f3s i un subtil toc d\u2019aranja.<\/p>\n<p data-start=\"1281\" data-end=\"1605\">A la boca \u00e9s vellutada, equilibrada i amb el punt just d\u2019amargor per mantenir-la fresca i f\u00e0cil de beure. Una IPA que aposta per la terbolesa, el sabor i la drinkability a parts iguals. Si busques una cervesa sucosa, suau i plena de ll\u00fapol, aquesta ser\u00e0 la teva nova elecci\u00f3 quan el cos mitj\u00e0 i el 6% et semblin perfectes.<\/p>\n<p data-start=\"1607\" data-end=\"1679\">Suau, sucosa i plena de fruita tropical: una IPA del 6% que ho t\u00e9 tot.<\/p>\n<hr data-start=\"1681\" data-end=\"1684\" \/>\n<p data-start=\"1686\" data-end=\"1764\"><strong data-start=\"1686\" data-end=\"1762\">SOAKED IN \u2013 Creamy, fruity IPA with Mosaic, Strata CGX &amp; Simcoe (6% ABV)<\/strong><\/p>\n<p data-start=\"1766\" data-end=\"2017\">SOAKED IN is a modern 6% IPA built on a creamy oat base and soft body that lets the hops shine. Packed with Mosaic, Strata CGX, and Simcoe, this beer delivers waves of ripe mango, blueberry skin, resinous pine, and a subtle touch of grapefruit peel.<\/p>\n<p data-start=\"2019\" data-end=\"2291\">On the palate it\u2019s smooth, balanced, and with just the right bite to keep it fresh and drinkable. A hazy IPA that leans into flavour and drinkability in equal measure. If you\u2019re after a juicy, soft, hop-forward beer, this will be your new go-to when 6% just feels right.<\/p>\n<p data-start=\"2293\" data-end=\"2347\">Soft, juicy, and tropical: a 6% IPA that has it all.<\/p>","protected":false},"excerpt":{"rendered":"<p><strong data-start=\"136\" data-end=\"215\">SOAKED IN \u2013 IPA cremosa y afrutada con Mosaic, Strata CGX y Simcoe (6% ABV)<\/strong><\/p>","protected":false},"featured_media":44723,"template":"","meta":{"_acf_changed":false},"product_brand":[],"product_cat":[227,128,238],"product_tag":[39,335,838,839,35,37,837],"class_list":{"0":"post-44744","1":"product","2":"type-product","3":"status-publish","4":"has-post-thumbnail","6":"product_cat-hoppy","7":"product_cat-ipa","8":"product_cat-latas","9":"product_tag-citra","10":"product_tag-el-dorado","11":"product_tag-georgia-gold","12":"product_tag-hbc-630","13":"product_tag-ipa","14":"product_tag-neipa","15":"product_tag-peach","16":"member-discount","17":"discount-restricted","19":"first","20":"outofstock","21":"featured","22":"taxable","23":"shipping-taxable","24":"purchasable","25":"product-type-simple"},"bundled_by":[],"bundle_stock_status":"outofstock","bundle_stock_quantity":0,"bundle_virtual":false,"bundle_layout":"","bundle_add_to_cart_form_location":"","bundle_editable_in_cart":false,"bundle_sold_individually_context":"","bundle_item_grouping":"","bundle_min_size":"","bundle_max_size":"","bundle_price":[],"bundled_items":[],"bundle_sell_ids":[],"acf":[],"_links":{"self":[{"href":"https:\/\/garagebeer.co\/en\/wp-json\/wp\/v2\/product\/44744","targetHints":{"allow":["GET"]}}],"collection":[{"href":"https:\/\/garagebeer.co\/en\/wp-json\/wp\/v2\/product"}],"about":[{"href":"https:\/\/garagebeer.co\/en\/wp-json\/wp\/v2\/types\/product"}],"wp:featuredmedia":[{"embeddable":true,"href":"https:\/\/garagebeer.co\/en\/wp-json\/wp\/v2\/media\/44723"}],"wp:attachment":[{"href":"https:\/\/garagebeer.co\/en\/wp-json\/wp\/v2\/media?parent=44744"}],"wp:term":[{"taxonomy":"product_brand","embeddable":true,"href":"https:\/\/garagebeer.co\/en\/wp-json\/wp\/v2\/product_brand?post=44744"},{"taxonomy":"product_cat","embeddable":true,"href":"https:\/\/garagebeer.co\/en\/wp-json\/wp\/v2\/product_cat?post=44744"},{"taxonomy":"product_tag","embeddable":true,"href":"https:\/\/garagebeer.co\/en\/wp-json\/wp\/v2\/product_tag?post=44744"}],"curies":[{"name":"wp","href":"https:\/\/api.w.org\/{rel}","templated":true}]}}