{"id":44746,"date":"2025-08-21T13:52:58","date_gmt":"2025-08-21T11:52:58","guid":{"rendered":"https:\/\/garagebeer.co\/?post_type=product&#038;p=44746"},"modified":"2026-01-27T14:56:58","modified_gmt":"2026-01-27T13:56:58","slug":"all-vaped","status":"publish","type":"product","link":"https:\/\/garagebeer.co\/en\/product\/all-vaped\/","title":{"rendered":"ALL VAPED"},"content":{"rendered":"<p data-start=\"206\" data-end=\"287\"><strong data-start=\"206\" data-end=\"285\">ALL VAPED \u2013 IPA cremosa y afrutada con Mosaic, Strata CGX y Simcoe (7% ABV)<\/strong><\/p>\n<p data-start=\"289\" data-end=\"579\">ALL VAPED es una IPA moderna y cremosa de 7% elaborada con una base de avena sedosa que realza toda la potencia del l\u00fapulo. Con Mosaic, Strata CGX y Simcoe, esta cerveza explota en sabores de fruta tropical jugosa, piel de ar\u00e1ndano, pino resinoso y un ligero toque de ralladura de pomelo.<\/p>\n<p data-start=\"581\" data-end=\"824\">De cuerpo completo pero sorprendentemente bebible, equilibra a la perfecci\u00f3n la neblina, la intensidad del l\u00fapulo y la suavidad caracter\u00edstica de Garage. Una ola de textura cremosa y aromas brillantes que convierte cada trago en puro placer.<\/p>\n<p data-start=\"826\" data-end=\"884\">Cremosa, intensa y tropical: una IPA de 7% que no falla.<\/p>\n<hr data-start=\"886\" data-end=\"889\" \/>\n<p data-start=\"891\" data-end=\"973\"><strong data-start=\"891\" data-end=\"971\">ALL VAPED \u2013 IPA cremosa i afruitada amb Mosaic, Strata CGX i Simcoe (7% ABV)<\/strong><\/p>\n<p data-start=\"975\" data-end=\"1227\">ALL VAPED \u00e9s una IPA moderna i cremosa del 7%, amb una base d\u2019avena esponjosa que ressalta tota la for\u00e7a del ll\u00fapol. Amb Mosaic, Strata CGX i Simcoe, ofereix una explosi\u00f3 de fruita tropical sucosa, pell de nabius, pi resin\u00f3s i un subtil toc d\u2019aranja.<\/p>\n<p data-start=\"1229\" data-end=\"1456\">De cos ple per\u00f2 sorprenentment f\u00e0cil de beure, equilibra a la perfecci\u00f3 la terbolesa, la intensitat del ll\u00fapol i la suavitat caracter\u00edstica de Garage. Una ona de textura cremosa i aromes brillants feta per gaudir a cada glop.<\/p>\n<p data-start=\"1458\" data-end=\"1517\">Cremosa, intensa i tropical: una IPA del 7% que no falla.<\/p>\n<hr data-start=\"1519\" data-end=\"1522\" \/>\n<p data-start=\"1524\" data-end=\"1601\"><strong data-start=\"1524\" data-end=\"1599\">ALL VAPED \u2013 Creamy, juicy IPA with Mosaic, Strata CGX &amp; Simcoe (7% ABV)<\/strong><\/p>\n<p data-start=\"1603\" data-end=\"1843\">ALL VAPED is a modern, creamy 7% IPA built on a pillowy oat base that lets the hops shine. Featuring Mosaic, Strata CGX, and Simcoe, it bursts with juicy tropical fruit, blueberry skin, resinous pine, and a subtle hint of grapefruit zest.<\/p>\n<p data-start=\"1845\" data-end=\"2043\">Full-bodied yet highly drinkable, it perfectly balances haze, hop intensity, and Garage\u2019s signature smooth mouthfeel. A wave of creamy texture and bright aroma that keeps you coming back for more.<\/p>\n<p data-start=\"2045\" data-end=\"2114\">Creamy, bold, and tropical: a 7% IPA that hits all the right notes.<\/p>","protected":false},"excerpt":{"rendered":"<p><strong data-start=\"206\" data-end=\"285\">ALL VAPED \u2013 IPA cremosa y afrutada con Mosaic, Strata CGX y Simcoe (7% ABV)<\/strong><\/p>","protected":false},"featured_media":44722,"template":"","meta":{"_acf_changed":false},"product_brand":[],"product_cat":[227,128,238],"product_tag":[39,335,838,839,35,37,837],"class_list":{"0":"post-44746","1":"product","2":"type-product","3":"status-publish","4":"has-post-thumbnail","6":"product_cat-hoppy","7":"product_cat-ipa","8":"product_cat-latas","9":"product_tag-citra","10":"product_tag-el-dorado","11":"product_tag-georgia-gold","12":"product_tag-hbc-630","13":"product_tag-ipa","14":"product_tag-neipa","15":"product_tag-peach","16":"member-discount","17":"discount-restricted","19":"first","20":"outofstock","21":"featured","22":"taxable","23":"shipping-taxable","24":"purchasable","25":"product-type-simple"},"bundled_by":[],"bundle_stock_status":"outofstock","bundle_stock_quantity":0,"bundle_virtual":false,"bundle_layout":"","bundle_add_to_cart_form_location":"","bundle_editable_in_cart":false,"bundle_sold_individually_context":"","bundle_item_grouping":"","bundle_min_size":"","bundle_max_size":"","bundle_price":[],"bundled_items":[],"bundle_sell_ids":[],"acf":[],"_links":{"self":[{"href":"https:\/\/garagebeer.co\/en\/wp-json\/wp\/v2\/product\/44746","targetHints":{"allow":["GET"]}}],"collection":[{"href":"https:\/\/garagebeer.co\/en\/wp-json\/wp\/v2\/product"}],"about":[{"href":"https:\/\/garagebeer.co\/en\/wp-json\/wp\/v2\/types\/product"}],"wp:featuredmedia":[{"embeddable":true,"href":"https:\/\/garagebeer.co\/en\/wp-json\/wp\/v2\/media\/44722"}],"wp:attachment":[{"href":"https:\/\/garagebeer.co\/en\/wp-json\/wp\/v2\/media?parent=44746"}],"wp:term":[{"taxonomy":"product_brand","embeddable":true,"href":"https:\/\/garagebeer.co\/en\/wp-json\/wp\/v2\/product_brand?post=44746"},{"taxonomy":"product_cat","embeddable":true,"href":"https:\/\/garagebeer.co\/en\/wp-json\/wp\/v2\/product_cat?post=44746"},{"taxonomy":"product_tag","embeddable":true,"href":"https:\/\/garagebeer.co\/en\/wp-json\/wp\/v2\/product_tag?post=44746"}],"curies":[{"name":"wp","href":"https:\/\/api.w.org\/{rel}","templated":true}]}}