{"id":46005,"date":"2026-01-16T11:27:10","date_gmt":"2026-01-16T10:27:10","guid":{"rendered":"https:\/\/garagebeer.co\/?post_type=product&#038;p=46005"},"modified":"2026-02-03T11:18:22","modified_gmt":"2026-02-03T10:18:22","slug":"unzipped-26","status":"publish","type":"product","link":"https:\/\/garagebeer.co\/en\/product\/unzipped-26\/","title":{"rendered":"UNZIPPED &#8217;26"},"content":{"rendered":"<p data-start=\"118\" data-end=\"790\"><strong data-start=\"118\" data-end=\"161\">UNZIPPED \u201926: West Coast IPA 100% Citra<\/strong><br data-start=\"161\" data-end=\"164\" \/>Este a\u00f1o la suerte se duplica. Adem\u00e1s de <strong data-start=\"205\" data-end=\"222\">Ziplocked \u201926<\/strong>, lanzamos <strong data-start=\"233\" data-end=\"249\">UNZIPPED \u201926<\/strong>, una <strong data-start=\"255\" data-end=\"273\">West Coast IPA<\/strong> pensada para los amantes de la cerveza limpia y cristalina. Elaborada exclusivamente con <strong data-start=\"363\" data-end=\"409\">Citra seleccionado de Double R Hop Ranches<\/strong>, esta versi\u00f3n va directa al grano.<br data-start=\"444\" data-end=\"447\" \/>Una base <strong data-start=\"456\" data-end=\"485\">muy p\u00e1lida y s\u00faper limpia<\/strong> recibe una carga masiva de l\u00fapulo en hervido, whirlpool y dry hop. El resultado es una <strong data-start=\"573\" data-end=\"601\">WCIPA amarga y brillante<\/strong>, con notas intensas de <strong data-start=\"625\" data-end=\"655\">pomelo y ralladura de lima<\/strong>, gominolas de melocot\u00f3n y maracuy\u00e1. Final seco, sensaci\u00f3n casi <strong data-start=\"719\" data-end=\"730\">sherbet<\/strong>, y una facilidad de trago peligrosa. Un aut\u00e9ntico pepino.<\/p>\n<hr data-start=\"792\" data-end=\"795\" \/>\n<p data-start=\"808\" data-end=\"1440\"><strong data-start=\"808\" data-end=\"850\">UNZIPPED \u201926: All Citra West Coast IPA<\/strong><br data-start=\"850\" data-end=\"853\" \/>This year, luck is doubled. Alongside <strong data-start=\"891\" data-end=\"908\">Ziplocked \u201926<\/strong>, we\u2019re releasing <strong data-start=\"926\" data-end=\"942\">UNZIPPED \u201926<\/strong>, a <strong data-start=\"946\" data-end=\"964\">West Coast IPA<\/strong> made to keep all the clear beer fans smiling. Brewed entirely with <strong data-start=\"1032\" data-end=\"1074\">select Citra from Double R Hop Ranches<\/strong>, this one is all about precision and punch.<br data-start=\"1118\" data-end=\"1121\" \/>A super clean, pale base is hit with massive Citra additions in the kettle, whirlpool and dry hop. The result is a <strong data-start=\"1236\" data-end=\"1260\">bright, bitter WCIPA<\/strong> bursting with <strong data-start=\"1275\" data-end=\"1303\">grapefruit and lime zest<\/strong>, peach rings and passion fruit. Dry, crisp, with an almost <strong data-start=\"1363\" data-end=\"1382\">sherbety finish<\/strong>, this is an absolute belter that drinks way too easily.<\/p>\n<hr data-start=\"1442\" data-end=\"1445\" \/>\n<p data-start=\"1458\" data-end=\"2057\"><strong data-start=\"1458\" data-end=\"1501\">UNZIPPED \u201926: West Coast IPA 100% Citra<\/strong><br data-start=\"1501\" data-end=\"1504\" \/>Enguany la sort es multiplica. A m\u00e9s de <strong data-start=\"1544\" data-end=\"1561\">Ziplocked \u201926<\/strong>, presentem <strong data-start=\"1573\" data-end=\"1589\">UNZIPPED \u201926<\/strong>, una <strong data-start=\"1595\" data-end=\"1613\">West Coast IPA<\/strong> pensada per als fans de la cervesa clara i neta. Elaborada nom\u00e9s amb <strong data-start=\"1683\" data-end=\"1728\">Citra seleccionat de Double R Hop Ranches<\/strong>, \u00e9s pura expressi\u00f3 del ll\u00fapol.<br data-start=\"1759\" data-end=\"1762\" \/>Una base <strong data-start=\"1771\" data-end=\"1800\">molt p\u00e0l\u00b7lida i net\u00edssima<\/strong> rep una c\u00e0rrega contundent de Citra a la caldera, al whirlpool i al dry hop. El resultat \u00e9s una <strong data-start=\"1897\" data-end=\"1924\">WCIPA amarga i brillant<\/strong>, amb notes de <strong data-start=\"1939\" data-end=\"1957\">aranja i llima<\/strong>, gominoles de pr\u00e9ssec i maracuj\u00e0. Final sec, toc <strong data-start=\"2007\" data-end=\"2018\">sherbet<\/strong>, i una facilitat de beure perillosa.<\/p>","protected":false},"excerpt":{"rendered":"<h3 data-start=\"81\" data-end=\"150\"><strong data-start=\"118\" data-end=\"161\">UNZIPPED \u201926: West Coast IPA 100% Citra<\/strong><\/h3>","protected":false},"featured_media":46006,"template":"","meta":{"_acf_changed":false},"product_brand":[],"product_cat":[227,128,238],"product_tag":[39,45,470],"class_list":{"0":"post-46005","1":"product","2":"type-product","3":"status-publish","4":"has-post-thumbnail","6":"product_cat-hoppy","7":"product_cat-ipa","8":"product_cat-latas","9":"product_tag-citra","10":"product_tag-west-coast-ipa","11":"product_tag-yakima-chief","12":"member-discount","13":"discount-restricted","15":"first","16":"outofstock","17":"featured","18":"taxable","19":"shipping-taxable","20":"purchasable","21":"product-type-simple"},"bundled_by":[],"bundle_stock_status":"outofstock","bundle_stock_quantity":null,"bundle_virtual":false,"bundle_layout":"","bundle_add_to_cart_form_location":"","bundle_editable_in_cart":false,"bundle_sold_individually_context":"","bundle_item_grouping":"","bundle_min_size":"","bundle_max_size":"","bundle_price":[],"bundled_items":[],"bundle_sell_ids":[],"acf":[],"_links":{"self":[{"href":"https:\/\/garagebeer.co\/en\/wp-json\/wp\/v2\/product\/46005","targetHints":{"allow":["GET"]}}],"collection":[{"href":"https:\/\/garagebeer.co\/en\/wp-json\/wp\/v2\/product"}],"about":[{"href":"https:\/\/garagebeer.co\/en\/wp-json\/wp\/v2\/types\/product"}],"wp:featuredmedia":[{"embeddable":true,"href":"https:\/\/garagebeer.co\/en\/wp-json\/wp\/v2\/media\/46006"}],"wp:attachment":[{"href":"https:\/\/garagebeer.co\/en\/wp-json\/wp\/v2\/media?parent=46005"}],"wp:term":[{"taxonomy":"product_brand","embeddable":true,"href":"https:\/\/garagebeer.co\/en\/wp-json\/wp\/v2\/product_brand?post=46005"},{"taxonomy":"product_cat","embeddable":true,"href":"https:\/\/garagebeer.co\/en\/wp-json\/wp\/v2\/product_cat?post=46005"},{"taxonomy":"product_tag","embeddable":true,"href":"https:\/\/garagebeer.co\/en\/wp-json\/wp\/v2\/product_tag?post=46005"}],"curies":[{"name":"wp","href":"https:\/\/api.w.org\/{rel}","templated":true}]}}