{"id":46768,"date":"2026-03-16T13:03:20","date_gmt":"2026-03-16T12:03:20","guid":{"rendered":"https:\/\/garagebeer.co\/?post_type=product&#038;p=46768"},"modified":"2026-03-16T14:12:21","modified_gmt":"2026-03-16T13:12:21","slug":"aphelion-red","status":"publish","type":"product","link":"https:\/\/garagebeer.co\/en\/product\/aphelion-red\/","title":{"rendered":"APHELION RED"},"content":{"rendered":"<div class=\"flex max-w-full flex-col gap-4 grow\">\n<div class=\"min-h-8 text-message relative flex w-full flex-col items-end gap-2 text-start break-words whitespace-normal [.text-message+&amp;]:mt-1\" dir=\"auto\" data-message-author-role=\"assistant\" data-message-id=\"012988df-1e02-40b2-8929-3db4961819f8\" data-message-model-slug=\"gpt-5-3\">\n<div class=\"flex w-full flex-col gap-1 empty:hidden\">\n<div class=\"markdown prose dark:prose-invert w-full wrap-break-word dark markdown-new-styling\">\n<p data-start=\"0\" data-end=\"813\">APHELION RED es una Irish Red Ale de 5,2% elaborada en colaboraci\u00f3n con Bullhouse Brewery de Belfast. Una cerveza que nace de la amistad, las buenas pintas compartidas y el esp\u00edritu colaborativo entre Garage Beer Co y la escena craft de Irlanda del Norte. Inspirada en el estilo cl\u00e1sico de la Isla Esmeralda, esta Red Ale tiene un marcado car\u00e1cter maltoso gracias a una receta con seis maltas diferentes que aportan cuerpo, color cobrizo profundo y notas de galleta y frutos secos. Para darle un toque propio de Garage, se a\u00f1aden l\u00fapulos Eclipse y Chinook en whirlpool y dry hop, aportando un sutil perfil c\u00edtrico y arom\u00e1tico que moderniza el estilo sin perder su esencia tradicional. El resultado es una cerveza equilibrada, maltosa y muy bebible, perfecta para quienes buscan una Red Ale craft con personalidad.<\/p>\n<hr data-start=\"815\" data-end=\"818\" \/>\n<p data-start=\"820\" data-end=\"1610\">APHELION RED \u00e9s una Irish Red Ale de 5,2% elaborada en col\u00b7laboraci\u00f3 amb Bullhouse Brewery de Belfast. Una cervesa que neix de l\u2019amistat, les bones pintes compartides i l\u2019esperit col\u00b7laboratiu entre Garage Beer Co i l\u2019escena craft d\u2019Irlanda del Nord. Inspirada en l\u2019estil cl\u00e0ssic de l\u2019Illa Esmeralda, aquesta Red Ale destaca pel seu car\u00e0cter malt\u00f3s gr\u00e0cies a una recepta amb sis maltes diferents que aporten cos, color coure intens i notes de galeta i fruits secs. Per donar-li un toc propi de Garage, s\u2019hi afegeixen ll\u00fapols Eclipse i Chinook en whirlpool i dry hop, aportant un subtil perfil c\u00edtric i arom\u00e0tic que modernitza l\u2019estil sense perdre\u2019n l\u2019ess\u00e8ncia tradicional. El resultat \u00e9s una cervesa equilibrada, maltosa i molt bevible, ideal per a qui busca una Red Ale craft amb car\u00e0cter.<\/p>\n<hr data-start=\"1612\" data-end=\"1615\" \/>\n<p data-start=\"1617\" data-end=\"2334\" data-is-last-node=\"\" data-is-only-node=\"\">APHELION RED is a 5.2% Irish Red Ale brewed in collaboration with Bullhouse Brewery from Belfast. A beer born from friendship, shared pints and the collaborative spirit between Garage Beer Co and Northern Ireland\u2019s craft beer scene. Inspired by the classic style of the Emerald Isle, this Red Ale showcases a rich malt profile built with six different malts that deliver body, deep copper colour and notes of biscuit and roasted nuts. To give it a touch of Garage identity, Eclipse and Chinook hops are added in the whirlpool and dry hop, bringing a subtle citrusy and aromatic layer that gently modernizes the style. The result is a balanced, malt-forward and highly drinkable craft Red Ale with plenty of character.<\/p>\n<\/div>\n<\/div>\n<\/div>\n<\/div>\n<div class=\"z-0 flex min-h-[46px] justify-start\"><\/div>\n","protected":false},"excerpt":{"rendered":"<p>APHELION RED es una Irish Red Ale de 5,2% elaborada en colaboraci\u00f3n con Bullhouse Brewery de Belfast.<\/p>","protected":false},"featured_media":46693,"template":"","meta":{"_acf_changed":false},"product_brand":[],"product_cat":[238],"product_tag":[873,872,871],"class_list":{"0":"post-46768","1":"product","2":"type-product","3":"status-publish","4":"has-post-thumbnail","6":"product_cat-latas","7":"product_tag-aphelion-red","8":"product_tag-bullhouse","9":"product_tag-irish-red-ale","10":"member-discount","11":"discount-restricted","13":"first","14":"instock","15":"taxable","16":"shipping-taxable","17":"purchasable","18":"product-type-simple"},"bundled_by":[],"bundle_stock_status":"instock","bundle_stock_quantity":null,"bundle_virtual":false,"bundle_layout":"","bundle_add_to_cart_form_location":"","bundle_editable_in_cart":false,"bundle_sold_individually_context":"","bundle_item_grouping":"","bundle_min_size":"","bundle_max_size":"","bundle_price":[],"bundled_items":[],"bundle_sell_ids":[],"acf":[],"_links":{"self":[{"href":"https:\/\/garagebeer.co\/en\/wp-json\/wp\/v2\/product\/46768","targetHints":{"allow":["GET"]}}],"collection":[{"href":"https:\/\/garagebeer.co\/en\/wp-json\/wp\/v2\/product"}],"about":[{"href":"https:\/\/garagebeer.co\/en\/wp-json\/wp\/v2\/types\/product"}],"wp:featuredmedia":[{"embeddable":true,"href":"https:\/\/garagebeer.co\/en\/wp-json\/wp\/v2\/media\/46693"}],"wp:attachment":[{"href":"https:\/\/garagebeer.co\/en\/wp-json\/wp\/v2\/media?parent=46768"}],"wp:term":[{"taxonomy":"product_brand","embeddable":true,"href":"https:\/\/garagebeer.co\/en\/wp-json\/wp\/v2\/product_brand?post=46768"},{"taxonomy":"product_cat","embeddable":true,"href":"https:\/\/garagebeer.co\/en\/wp-json\/wp\/v2\/product_cat?post=46768"},{"taxonomy":"product_tag","embeddable":true,"href":"https:\/\/garagebeer.co\/en\/wp-json\/wp\/v2\/product_tag?post=46768"}],"curies":[{"name":"wp","href":"https:\/\/api.w.org\/{rel}","templated":true}]}}