{"id":47033,"date":"2026-04-24T14:46:48","date_gmt":"2026-04-24T12:46:48","guid":{"rendered":"https:\/\/garagebeer.co\/?post_type=product&#038;p=47033"},"modified":"2026-04-24T14:51:45","modified_gmt":"2026-04-24T12:51:45","slug":"soup-dolcita","status":"publish","type":"product","link":"https:\/\/garagebeer.co\/en\/product\/soup-dolcita\/","title":{"rendered":"SOUP DOLCITA"},"content":{"rendered":"<h2 data-start=\"0\" data-end=\"57\">SOUP DOLCITA &#8211; IPA 7% SPECIAL EDITION FOR SOUP DAY 2026<\/h2>\n<p data-start=\"59\" data-end=\"377\">SOUP DOLCITA es nuestra IPA de 7% creada para SOUP DAY 2026, una edici\u00f3n especial que presenta el l\u00fapulo Dolcita (anteriormente conocido como HBC 1019). Una variedad nueva que destaca por un perfil intensamente goloso, con notas de melocot\u00f3n tipo gominola, pi\u00f1a cremosa, un toque de lima y un fondo ligeramente dank.<\/p>\n<p data-start=\"379\" data-end=\"713\">En esta receta hemos buscado potenciar el car\u00e1cter tropical al m\u00e1ximo: combinamos Dolcita con Mosaic en whirlpool para resaltar notas de fruta de hueso y frutos rojos, creando una base arom\u00e1tica compleja y jugosa. El dry hop se reparte con un 50% de Dolcita y el otro 50% entre Mosaic y Citra, aportando equilibrio y capas de fruta.<\/p>\n<p data-start=\"715\" data-end=\"797\">Una IPA explosiva, tropical y sedosa, como un daiquiri servido en formato pinta.<\/p>\n<hr data-start=\"799\" data-end=\"802\" \/>\n<h3 data-start=\"804\" data-end=\"861\">SOUP DOLCITA &#8211; IPA 7% SPECIAL EDITION FOR SOUP DAY 2026<\/h3>\n<p data-start=\"863\" data-end=\"1128\">SOUP DOLCITA is our 7% IPA brewed for SOUP DAY 2026, a special edition showcasing Dolcita (formerly known as HBC 1019), a recently named hop bursting with character. Expect sugary peach rings, pineapple creamsicle vibes, a hint of lime zest and subtle dank notes.<\/p>\n<p data-start=\"1130\" data-end=\"1382\">We paired it with Mosaic in the whirlpool to push berry and stonefruit expression, building a layered and juicy aroma. The dry hop is split with 50% Dolcita and the remaining 50% between Mosaic and Citra, delivering balance, intensity and complexity.<\/p>\n<p data-start=\"1384\" data-end=\"1442\">A full-on tropical banger, like a daiquiri in pint form.<\/p>\n<hr data-start=\"1444\" data-end=\"1447\" \/>\n<h4 data-start=\"1449\" data-end=\"1506\">SOUP DOLCITA &#8211; IPA 7% SPECIAL EDITION FOR SOUP DAY 2026<\/h4>\n<p data-start=\"1508\" data-end=\"1805\">SOUP DOLCITA \u00e9s la nostra IPA de 7% creada per al SOUP DAY 2026, una edici\u00f3 especial que presenta el ll\u00fapol Dolcita (abans conegut com HBC 1019). Una varietat recent que aporta un perfil molt gol\u00f3s, amb notes de pr\u00e9ssec tipus gominola, pinya cremosa, un toc de llima i un fons lleugerament dank.<\/p>\n<p data-start=\"1807\" data-end=\"2136\">En aquesta recepta hem buscat potenciar al m\u00e0xim el car\u00e0cter tropical: combinant Dolcita amb Mosaic al whirlpool per ressaltar notes de fruita de pinyol i fruits vermells, creant una base arom\u00e0tica rica i sucosa. El dry hop es divideix amb un 50% de Dolcita i l\u2019altre 50% entre Mosaic i Citra, aportant equilibri i complexitat.<\/p>\n<p data-start=\"2138\" data-end=\"2208\" data-is-last-node=\"\" data-is-only-node=\"\">Una IPA explosiva, tropical i sedosa, com un daiquiri en format pinta.<\/p>","protected":false},"excerpt":{"rendered":"<p><strong>SOUP DOLCITA- IPA 7% SPECIAL EDITION FOR SOUP DAY 2026<\/strong><\/p>","protected":false},"featured_media":46947,"template":"","meta":{"_acf_changed":false},"product_brand":[],"product_cat":[129,227,238],"product_tag":[39,875,676,35,48,37,211,663,876],"class_list":{"0":"post-47033","1":"product","2":"type-product","3":"status-publish","4":"has-post-thumbnail","6":"product_cat-dipas","7":"product_cat-hoppy","8":"product_cat-latas","9":"product_tag-citra","10":"product_tag-dolcita","11":"product_tag-hazy","12":"product_tag-ipa","13":"product_tag-mosaic","14":"product_tag-neipa","15":"product_tag-soup","16":"product_tag-soup-day","17":"product_tag-soup-dolcita","18":"member-discount","19":"discount-restricted","21":"first","22":"instock","23":"taxable","24":"shipping-taxable","25":"purchasable","26":"product-type-simple"},"bundled_by":[],"bundle_stock_status":"instock","bundle_stock_quantity":50,"bundle_virtual":false,"bundle_layout":"","bundle_add_to_cart_form_location":"","bundle_editable_in_cart":false,"bundle_sold_individually_context":"","bundle_item_grouping":"","bundle_min_size":"","bundle_max_size":"","bundle_price":[],"bundled_items":[],"bundle_sell_ids":[],"acf":[],"_links":{"self":[{"href":"https:\/\/garagebeer.co\/en\/wp-json\/wp\/v2\/product\/47033","targetHints":{"allow":["GET"]}}],"collection":[{"href":"https:\/\/garagebeer.co\/en\/wp-json\/wp\/v2\/product"}],"about":[{"href":"https:\/\/garagebeer.co\/en\/wp-json\/wp\/v2\/types\/product"}],"wp:featuredmedia":[{"embeddable":true,"href":"https:\/\/garagebeer.co\/en\/wp-json\/wp\/v2\/media\/46947"}],"wp:attachment":[{"href":"https:\/\/garagebeer.co\/en\/wp-json\/wp\/v2\/media?parent=47033"}],"wp:term":[{"taxonomy":"product_brand","embeddable":true,"href":"https:\/\/garagebeer.co\/en\/wp-json\/wp\/v2\/product_brand?post=47033"},{"taxonomy":"product_cat","embeddable":true,"href":"https:\/\/garagebeer.co\/en\/wp-json\/wp\/v2\/product_cat?post=47033"},{"taxonomy":"product_tag","embeddable":true,"href":"https:\/\/garagebeer.co\/en\/wp-json\/wp\/v2\/product_tag?post=47033"}],"curies":[{"name":"wp","href":"https:\/\/api.w.org\/{rel}","templated":true}]}}